{"id":1806,"date":"2018-05-28T14:01:47","date_gmt":"2018-05-28T12:01:47","guid":{"rendered":"http:\/\/asel.hr\/webshop\/proizvod\/elektroventil-netlacni-12v-dc-1-2\/"},"modified":"2026-04-29T03:00:30","modified_gmt":"2026-04-29T01:00:30","slug":"elektroventil-netlacni-12v-dc-1-2","status":"publish","type":"product","link":"https:\/\/asel.hr\/webshop\/proizvod\/elektroventil-netlacni-12v-dc-1-2\/","title":{"rendered":"Elektroventil &#8211; netla\u010dni (12V DC) 1\/2&#8243;"},"content":{"rendered":"<p>Naj\u0107e\u0161\u0107e se koristi za punjenje netla\u010dnih integriranih bojlera iz povi\u0161enih \u0161terni.<\/p>\n<p>Radni vijek > 100.000 ciklusa<br \/>\nRadni pritisak: 0.1-5bara<\/p>\n","protected":false},"excerpt":{"rendered":"<p>Naj\u0107e\u0161\u0107e se koristi za punjenje netla\u010dnih integriranih bojlera iz povi\u0161enih \u0161terni. Radni vijek > 100.000 ciklusa Radni pritisak: 0.1-5bara<\/p>\n","protected":false},"featured_media":212,"template":"","meta":{"_links_to":"","_links_to_target":""},"product_cat":[158],"product_tag":[],"_links":{"self":[{"href":"https:\/\/asel.hr\/webshop\/wp-json\/wp\/v2\/product\/1806"}],"collection":[{"href":"https:\/\/asel.hr\/webshop\/wp-json\/wp\/v2\/product"}],"about":[{"href":"https:\/\/asel.hr\/webshop\/wp-json\/wp\/v2\/types\/product"}],"wp:featuredmedia":[{"embeddable":true,"href":"https:\/\/asel.hr\/webshop\/wp-json\/wp\/v2\/media\/212"}],"wp:attachment":[{"href":"https:\/\/asel.hr\/webshop\/wp-json\/wp\/v2\/media?parent=1806"}],"wp:term":[{"taxonomy":"product_cat","embeddable":true,"href":"https:\/\/asel.hr\/webshop\/wp-json\/wp\/v2\/product_cat?post=1806"},{"taxonomy":"product_tag","embeddable":true,"href":"https:\/\/asel.hr\/webshop\/wp-json\/wp\/v2\/product_tag?post=1806"}],"curies":[{"name":"wp","href":"https:\/\/api.w.org\/{rel}","templated":true}]}}