{"id":1804,"date":"2018-05-28T14:01:47","date_gmt":"2018-05-28T12:01:47","guid":{"rendered":"http:\/\/asel.hr\/webshop\/proizvod\/senzor-protoka-elektricni\/"},"modified":"2026-05-01T03:55:28","modified_gmt":"2026-05-01T01:55:28","slug":"senzor-protoka-elektricni","status":"publish","type":"product","link":"https:\/\/asel.hr\/webshop\/proizvod\/senzor-protoka-elektricni\/","title":{"rendered":"Senzor protoka (ELEKTRI\u010cNI)"},"content":{"rendered":"<p>-Tip: Elektri\u010dni<br \/>\n-Sastoji se od ku\u0107i\u0161ta, rotora i samog senzora.<\/p>\n<p>-Princip rada: kada voda protje\u010de, rotor senzora se okre\u0107e te ovisno o brzini okretanja senzor \u0161alje odre\u0111eni pulsni signal.<\/p>\n","protected":false},"excerpt":{"rendered":"<p>-Tip: Elektri\u010dni -Sastoji se od ku\u0107i\u0161ta, rotora i samog senzora. -Princip rada: kada voda protje\u010de, rotor senzora se okre\u0107e te ovisno o brzini okretanja senzor \u0161alje odre\u0111eni pulsni signal.<\/p>\n","protected":false},"featured_media":213,"template":"","meta":{"_links_to":"","_links_to_target":""},"product_cat":[158],"product_tag":[],"_links":{"self":[{"href":"https:\/\/asel.hr\/webshop\/wp-json\/wp\/v2\/product\/1804"}],"collection":[{"href":"https:\/\/asel.hr\/webshop\/wp-json\/wp\/v2\/product"}],"about":[{"href":"https:\/\/asel.hr\/webshop\/wp-json\/wp\/v2\/types\/product"}],"wp:featuredmedia":[{"embeddable":true,"href":"https:\/\/asel.hr\/webshop\/wp-json\/wp\/v2\/media\/213"}],"wp:attachment":[{"href":"https:\/\/asel.hr\/webshop\/wp-json\/wp\/v2\/media?parent=1804"}],"wp:term":[{"taxonomy":"product_cat","embeddable":true,"href":"https:\/\/asel.hr\/webshop\/wp-json\/wp\/v2\/product_cat?post=1804"},{"taxonomy":"product_tag","embeddable":true,"href":"https:\/\/asel.hr\/webshop\/wp-json\/wp\/v2\/product_tag?post=1804"}],"curies":[{"name":"wp","href":"https:\/\/api.w.org\/{rel}","templated":true}]}}