{"id":1803,"date":"2018-05-28T14:01:47","date_gmt":"2018-05-28T12:01:47","guid":{"rendered":"http:\/\/asel.hr\/webshop\/proizvod\/elektroventil-tlacni-12v-dc-1-2\/"},"modified":"2026-05-01T03:55:28","modified_gmt":"2026-05-01T01:55:28","slug":"elektroventil-tlacni-12v-dc-1-2","status":"publish","type":"product","link":"https:\/\/asel.hr\/webshop\/proizvod\/elektroventil-tlacni-12v-dc-1-2\/","title":{"rendered":"Elektroventil &#8211; tla\u010dni (12V DC) 1\/2&#8243;"},"content":{"rendered":"<p>Slu\u017ei za punjenje integriranih netla\u010dnih spremnika iz tla\u010dne vodovodne mre\u017ee.<\/p>\n<p>Radni vijek > 100.000 ciklusa<br \/>\nRadni pritisak: 0.2-8bara<br \/>\nVeli\u010dina:1\/2&#8243;<br \/>\nRadni napon: 12V DC<\/p>\n","protected":false},"excerpt":{"rendered":"<p>Slu\u017ei za punjenje integriranih netla\u010dnih spremnika iz tla\u010dne vodovodne mre\u017ee. Radni vijek > 100.000 ciklusa Radni pritisak: 0.2-8bara Veli\u010dina:1\/2&#8243; Radni napon: 12V DC<\/p>\n","protected":false},"featured_media":214,"template":"","meta":{"_links_to":"","_links_to_target":""},"product_cat":[158],"product_tag":[],"_links":{"self":[{"href":"https:\/\/asel.hr\/webshop\/wp-json\/wp\/v2\/product\/1803"}],"collection":[{"href":"https:\/\/asel.hr\/webshop\/wp-json\/wp\/v2\/product"}],"about":[{"href":"https:\/\/asel.hr\/webshop\/wp-json\/wp\/v2\/types\/product"}],"wp:featuredmedia":[{"embeddable":true,"href":"https:\/\/asel.hr\/webshop\/wp-json\/wp\/v2\/media\/214"}],"wp:attachment":[{"href":"https:\/\/asel.hr\/webshop\/wp-json\/wp\/v2\/media?parent=1803"}],"wp:term":[{"taxonomy":"product_cat","embeddable":true,"href":"https:\/\/asel.hr\/webshop\/wp-json\/wp\/v2\/product_cat?post=1803"},{"taxonomy":"product_tag","embeddable":true,"href":"https:\/\/asel.hr\/webshop\/wp-json\/wp\/v2\/product_tag?post=1803"}],"curies":[{"name":"wp","href":"https:\/\/api.w.org\/{rel}","templated":true}]}}