{"id":1798,"date":"2018-05-28T14:01:47","date_gmt":"2018-05-28T12:01:47","guid":{"rendered":"http:\/\/asel.hr\/webshop\/proizvod\/solarni-kolektor-kh150\/"},"modified":"2026-04-15T03:55:21","modified_gmt":"2026-04-15T01:55:21","slug":"solarni-kolektor-kh150","status":"publish","type":"product","link":"https:\/\/asel.hr\/webshop\/proizvod\/solarni-kolektor-kh150\/","title":{"rendered":"Solarni kolektor KH150"},"content":{"rendered":"<p>Solarni kolektor KH150 18 58 15 R kolektor<\/p>\n<p>&#8211; <em>Vakuumski cijevni &#8220;<strong>Heat pipe<\/strong>&#8221; tla\u010dni kolektor sa 15 cijevi<br \/>\n&#8211; Heat pipe &#8211; otporan na smrzavanje<br \/>\n&#8211; Mo\u017ee raditi bez jedne ili vi\u0161e cijevi<br \/>\n&#8211; <strong>Three Layer Heat Pipe cijevi<\/strong> (Kvalitetne cijevi sa tri fotoosjetljiva sloja koja omogu\u0107uju kori\u0161tenje solarne energije i kada nema sunca)<br \/>\n&#8211; promjer solarnih cijevi 58mm. du\u017eina 1,8m<br \/>\n&#8211; snaga 1620W<\/em><br \/>\n&#8211; Materijal: SUS304-2B<br \/>\n&#8211; Apsorpcija: &gt; 94%<br \/>\n&#8211; Povr\u0161ina absorbera: 1.205 m2<br \/>\n&#8211; Povr\u0161ina upada svjetlosti: 1.395 m2<br \/>\n&#8211; Bruto povr\u0161ina: 1.992 m2<br \/>\n&#8211; Ukupna povr\u0161ina kolektora: 2.43 m2<br \/>\n&#8211; Kapacitet: 150L<br \/>\n-Dimenzije: 1. 990&#215;1.165mm\u00b8<\/p>\n<p>OPIS TLA\u010cNOG SOLARNOG KOLEKTORA<br \/>\nKolektor                      Kapacitet (lit)                vakumske cijevi: broj\/fi\/du\u017eina             konstrukcija<br \/>\nKH-100                              100                                    10\/58mm\/1800mm                          kosi i ravni krov<br \/>\nKH-150                              150                                    15\/58mm\/1800mm                          kosi i ravni krov<br \/>\nKH-200                              200                                    20\/58mm\/1800mm                          kosi i ravni krov<br \/>\nKV-300                              300                                     30\/58mm\/1800mm                          kosi i ravni krov<\/p>\n<p>Vakuumski tla\u010dni solarni kolektori \u2013 su visoko u\u010dinkoviti jer apsorbiraju solarnu energiju i kod slabog osvjetljenja i kada su vanjske temperature duboko ispod nule.<br \/>\nZbog kru\u017enog oblika vakuumskih cijevi solarni kolektor mo\u017ee raditi i u horizontalnom i vertikalnom polo\u017eaju, no najbolji kut za ljeto je 20-25\u00b0, a za zimu 55-60\u00b0. Kompromis zima-ljeto je 45\u00b0. Najefikasniji je ako se okrene prema jugu (dvori\u0161te, terasa, krov).<br \/>\nHeat Pipe vakuumske cijevi su zadnja rije\u010d tehnike kod tla\u010dnih solarnih bojlera.<br \/>\nHeat pipe vakumske cijevi sus 3 fotoosjetljiva slojai anti-reflektiraju\u0107im kaljenim borsilikatnim staklom<br \/>\notpornom na tu\u010du do 25mm i efikasno\u0161\u0107u konverzije solarne energije do 94%, a usredini cijevi se nalazi bakrena cjev\u010dica napunjena glikolom koji podnosi i do -40\u00b0C.<br \/>\nNa tr\u017ei\u0161tu postoje i vakumske cijevi sa 2 fotoosjetljiva sloja koje imaju puno manju efikasnost apsorpcije<br \/>\n solarne energije  pri slabom osvjetljenju. Vakuumske cijevi su neovisne i bojler mo\u017ee raditi bez obzira na broj cijevi, ali s razli\u010ditom snagom grijanja.<br \/>\nUnutarnja Sabirnica je napravljena od inox SUS 304.<br \/>\nZa razliku od plo\u010dastih kolektora, vakuumski solarni kolektori se mogu koristiti i u zimi i kada je potrebno zagrijati vodu za vi\u0161e od 30\u00b0C<br \/>\nJedna vakuumska cijev ima kapacitet grijanja 10l vode. Budu\u0107i da je dnevno potrebno 50l tople vode po osobi, lako se mo\u017ee izra\u010dunati potreban kapacitet solarnog kolektora, kao npr. kolektor sa 20 cijevi je predvi\u0111en za 4 osoba.<\/p>\n<p>STANDARDNA OPREMA:<br \/>\n&#8211; izrazito jaka konstrukcija (2mm perforirani galvanizirani i obojani lim). Unutarnja Sabirnica je napravljena od inox SUS 304, izolacija PUF(purpen pjena), vanjski pla\u0161t sabirnice galvanizirani i obojani \u010delik.<\/p>\n<p>OPREMA ZA TLA\u010cNI SOLARNI SPLIT SUSTAV:<br \/>\n&#8211; magnezijeva sonda u ku\u0107i\u0161tu<br \/>\n&#8211; kontroler AS-1 s 4 temperaturne sonde<br \/>\n&#8211; pumpni tla\u010dni set s pokaziva\u010dem pritiska vode<br \/>\n&#8211; el. Grija\u010d 1\u201c 1,5kW<br \/>\n&#8211; podkonstrukcija (monta\u017ea krova bez bu\u0161enja crijepa)<br \/>\n&#8211; pumpa za recirkulaciju (omogu\u0107uje uvijek toplu vodu na slavinama, bez \u010dekanja)<br \/>\n&#8211; Izolacija unutarnji fi 32mm, debljina izolacije 15mm, vanjski fi62mm<br \/>\n&#8211; Inox fleksibilne cijevi i spojnice<br \/>\n&#8211; automatski odzra\u010dnik (samo kod odzra\u010divanja sustava treba biti otvoren)<br \/>\n&#8211; inox fleksibilne cijevi i spojnice (SUS 304)<br \/>\n&#8211; cijevna izolacija<br \/>\n&#8211; glikol<br \/>\n&#8211; za\u0161tita od pregrijavanja<br \/>\n&#8211; aluminijska samoljepiva folija UV stabilna \u2013 za\u0161tita izolacije od UV zraka <\/p>\n<style>\n  .btn {\n    background-color: DodgerBlue;\n    border: none;\n    color: white;\n    cursor: pointer;\n    font-size: 20px;<\/p>\n<p>  }<\/p>\n<p>  \/* Darker background on mouse-over *\/\n  .btn:hover {\n    background-color: RoyalBlue;\n  }<\/p>\n<\/style>\n<p><a href=\"https:\/\/asel.hr\/wp-content\/uploads\/uputstvo_solarni_kolektori_tla\u010dni_i_netla\u010dni.pdf\"><br \/>\n<button class=\"btn\" ><i class=\"fa fa-download\" style=\"font-size: 25px;\"><\/i> Preuzmi Upustvo\u3164<\/button><br \/>\n<\/a><\/p>\n","protected":false},"excerpt":{"rendered":"<p>Solarni kolektor KH150 18 58 15 R kolektor &#8211; Vakuumski cijevni &#8220;Heat pipe&#8221; tla\u010dni kolektor sa 15 cijevi &#8211; Heat pipe &#8211; otporan na smrzavanje &#8211; Mo\u017ee raditi bez jedne ili vi\u0161e cijevi &#8211; Three Layer Heat Pipe cijevi (Kvalitetne cijevi sa tri fotoosjetljiva sloja koja omogu\u0107uju kori\u0161tenje solarne energije i kada nema sunca) &#8211; [&hellip;]<\/p>\n","protected":false},"featured_media":1265,"template":"","meta":{"_links_to":"","_links_to_target":""},"product_cat":[120],"product_tag":[],"_links":{"self":[{"href":"https:\/\/asel.hr\/webshop\/wp-json\/wp\/v2\/product\/1798"}],"collection":[{"href":"https:\/\/asel.hr\/webshop\/wp-json\/wp\/v2\/product"}],"about":[{"href":"https:\/\/asel.hr\/webshop\/wp-json\/wp\/v2\/types\/product"}],"wp:featuredmedia":[{"embeddable":true,"href":"https:\/\/asel.hr\/webshop\/wp-json\/wp\/v2\/media\/1265"}],"wp:attachment":[{"href":"https:\/\/asel.hr\/webshop\/wp-json\/wp\/v2\/media?parent=1798"}],"wp:term":[{"taxonomy":"product_cat","embeddable":true,"href":"https:\/\/asel.hr\/webshop\/wp-json\/wp\/v2\/product_cat?post=1798"},{"taxonomy":"product_tag","embeddable":true,"href":"https:\/\/asel.hr\/webshop\/wp-json\/wp\/v2\/product_tag?post=1798"}],"curies":[{"name":"wp","href":"https:\/\/api.w.org\/{rel}","templated":true}]}}