{"id":1769,"date":"2018-05-28T14:01:36","date_gmt":"2018-05-28T12:01:36","guid":{"rendered":"http:\/\/asel.hr\/webshop\/proizvod\/solar-300n1-pp1\/"},"modified":"2026-04-10T03:55:40","modified_gmt":"2026-04-10T01:55:40","slug":"solar-300n1-pp1","status":"publish","type":"product","link":"https:\/\/asel.hr\/webshop\/proizvod\/solar-300n1-pp1\/","title":{"rendered":"OCIJEDNI SOLAR 300P1S1"},"content":{"rendered":"<p><strong>OCIJEDNI SOLARNI SUSTAV<br \/>\n<\/strong>(solarni sustav za pripremu tople sanitarne vode za 6-7 \u010dlanova doma\u0107instva)<\/p>\n<p>SOLAR 300N1 PP1 sastoji se od:<\/p>\n<p>1x solarni kolektor vakuumski KV300<br \/>\n1x spremnik PP300l, jedan izmjeniva\u010da od inox fleksibilne cijevi 5\/4&#8243; x 20m za pripremu sanitarne vode<br \/>\n1x kontroler AS1,<br \/>\n1x pumpna seta, (s Njema\u010dkom pumpom Halm)<br \/>\n20m PEX-AL-PEX cijevi\u00a0 1\/2&#8243;<br \/>\n6 spojnica 1\/2&#8243;<br \/>\n10 x 1,9m izolacije unutarnji fi32 x 15mm<\/p>\n<p>&#8211; Ocijedni Solarni sustav za pripremu tople vode:<br \/>\n&#8211; sustav ima za\u0161titu od pregrijavanja (pumpa se treba isklju\u010diti na 90C)\u00a0 dok voda mo\u017ee vriti u kolektoru<br \/>\n&#8211; Solarni kolektor se \u0161titi od smrzavanja (nije potreban glikol) jer se cijevi isprazne kada pumpa ne radi. Manji gubici, nema odr\u017eavanja<\/p>\n<p>Ovo je najefikasniji solarni sustav s minimalnim tro\u0161kovima odr\u017eavanja.<\/p>\n<p>Opcije:<br \/>\n&#8211; podkonstrukcija za kolektore (nema bu\u0161enja crijepa)<br \/>\n&#8211; automatska dopuna spremnika,<br \/>\n&#8211; rezervna vakuumska cijev<br \/>\n&#8211; el. grija\u010d i priprema PP spremnika za el.grija\u010d<\/p>\n<p>Sustav mo\u017ee raditi do max 5m visinske razlike izme\u0111u kolektora i spremnika, Ako je ve\u0107a visinska razlika potrebno uzeti ja\u010di pumpni set.<\/p>\n<p>Monta\u017ea nije uklju\u010dena u cijenu.<br \/>\nPla\u0107anje: 100% avans<br \/>\nIsporuka: 3-5 dana od uplate<\/p>\n<p>Potrebno nam je dostaviti dimenzije vrata kroz koje se odnosi spremnik zbog dimenzija spremnika, te visinu prostorije gdje se montira spremnik<\/p>\n<p class=\"m_8187028042331204606MsoNoSpacing\">OCIJEDNI SOLARNI SUSTAV za pripremu tople vode i POTPORU PODNOM ili RADIJATORSKOM GRIJANJU je RIJE\u0160IO SVE MANE I NEDOSTATKE KLASI\u010cNIH SOLARNIH TOPLINSKIH SUSTAVA:<u><\/u><u><\/u><\/p>\n<p class=\"m_8187028042331204606MsoNoSpacing\">&#8211; sustav ima za\u0161titu od pregrijavanja (pumpa se treba isklju\u010diti na 87C)\u00a0 dok voda mo\u017ee vriti u kolektoru<u><\/u><u><\/u><\/p>\n<p class=\"m_8187028042331204606MsoNoSpacing\">&#8211; Solarni kolektor se \u0161titi od smrzavanja (nije potreban glikol) jer se cijevi isprazne kada pumpa ne radi.<u><\/u><u><\/u><\/p>\n<p class=\"m_8187028042331204606MsoNoSpacing\">&#8211; nije osjetljiv na nestanak struje, naprotiv ako se bilo \u0161to desi tipa curenja, dovoljno je i\u0161tekati kontroler iz struje, i sustav mo\u017ee \u010dekati popravak<u><\/u><u><\/u><\/p>\n<p class=\"m_8187028042331204606MsoNoSpacing\">&#8211; solarni krug je netla\u010dan &#8211; \u0161to zna\u010di da ima puno du\u017ei \u017eivotni vijek<u><\/u><u><\/u><\/p>\n<p class=\"m_8187028042331204606MsoNoSpacing\">&#8211; nema skupog glikola, nema gubljenja pritiska u solarnom krugu, manji gubici, du\u017ei \u017eivotni vijek<u><\/u><u><\/u><\/p>\n<p class=\"m_8187028042331204606MsoNoSpacing\">Ovo je najefikasniji solarni sustav , prakti\u010dno bez potrebe za odr\u017eavanjem.<u><\/u><u><\/u><\/p>\n<p class=\"m_8187028042331204606MsoNoSpacing\"><u><\/u>\u00a0<u><\/u><\/p>\n<p class=\"m_8187028042331204606MsoNoSpacing\">Za usporedbu sa tla\u010dnim \u017eeljeznim solarnim spremnicima &#8211; prednosti su slijede\u0107e:<u><\/u><u><\/u><\/p>\n<p class=\"m_8187028042331204606MsoNoSpacing\">\u00a0\u00a0\u00a0\u00a0\u00a0\u00a0\u00a0 &#8211; sna\u017eni izmjenjiva\u010di za razliku od tla\u010dnih spremnika koji imaju du\u017eine spirala od nekoliko<u><\/u><u><\/u><\/p>\n<p class=\"m_8187028042331204606MsoNoSpacing\">\u00a0\u00a0\u00a0\u00a0\u00a0\u00a0\u00a0\u00a0\u00a0\u00a0\u00a0\u00a0\u00a0\u00a0 metara i manjeg promjera<u><\/u><u><\/u><\/p>\n<p class=\"m_8187028042331204606MsoNoSpacing\">\u00a0\u00a0\u00a0\u00a0\u00a0\u00a0\u00a0 &#8211; dugi \u017eivotni vijek- do\u017eivotno jamstvo na prohr\u0111avanje stijenki zidova spremnika<u><\/u><u><\/u><\/p>\n<p class=\"m_8187028042331204606MsoNoSpacing\">\u00a0\u00a0\u00a0\u00a0\u00a0\u00a0\u00a0\u00a0\u00a0\u00a0\u00a0\u00a0\u00a0\u00a0za razliku od tla\u010dnih spremnika koji imaju spremnik od obi\u010dnog \u017eeljeza (ne od inoxa) i<u><\/u><u><\/u><\/p>\n<p class=\"m_8187028042331204606MsoNoSpacing\">\u00a0\u00a0\u00a0\u00a0\u00a0\u00a0\u00a0\u00a0\u00a0\u00a0\u00a0\u00a0\u00a0\u00a0\u017eivotni vijek od 5-10g. zbog prohr\u0111avanja, a i voda u takvom spremniku dobiva boju od<u><\/u><u><\/u><\/p>\n<p class=\"m_8187028042331204606MsoNoSpacing\">\u00a0\u00a0\u00a0\u00a0\u00a0\u00a0\u00a0\u00a0\u00a0\u00a0\u00a0\u00a0\u00a0\u00a0oksidiranog \u017eeljeza<u><\/u><u><\/u><\/p>\n<p class=\"m_8187028042331204606MsoNoSpacing\">\u00a0\u00a0\u00a0\u00a0\u00a0\u00a0\u00a0 &#8211; u slu\u010daju kvara na izmjenjiva\u010du PP spremnik se mo\u017ee popraviti, dok tla\u010dni \u017eeljezni<u><\/u><u><\/u><\/p>\n<p class=\"m_8187028042331204606MsoNoSpacing\">\u00a0\u00a0\u00a0\u00a0\u00a0\u00a0\u00a0\u00a0\u00a0\u00a0\u00a0\u00a0\u00a0 spremnik se ne popravlja<u><\/u><u><\/u><\/p>\n<p class=\"m_8187028042331204606MsoNoSpacing\">Opcije:<u><\/u><u><\/u><\/p>\n<p class=\"m_8187028042331204606MsoNoSpacing\">\u00a0\u00a0\u00a0\u00a0\u00a0\u00a0\u00a0\u00a0\u00a0\u00a0&#8211; podkonstrukcija za kolektore (nema bu\u0161enja crijepa)<u><\/u><u><\/u><\/p>\n<p class=\"m_8187028042331204606MsoNoSpacing\">\u00a0\u00a0\u00a0\u00a0\u00a0\u00a0\u00a0\u00a0\u00a0\u00a0&#8211; automatska dopuna spremnika,<u><\/u><u><\/u><\/p>\n<p class=\"m_8187028042331204606MsoNoSpacing\">\u00a0\u00a0\u00a0\u00a0\u00a0\u00a0\u00a0\u00a0\u00a0\u00a0&#8211; rezervna vakuumska cijev<u><\/u><u><\/u><\/p>\n<p class=\"m_8187028042331204606MsoNoSpacing\">\u00a0\u00a0\u00a0\u00a0\u00a0\u00a0\u00a0\u00a0\u00a0\u00a0&#8211; el. grija\u010d i priprema PP spremnika za el.grija\u010d<u><\/u><u><\/u><\/p>\n<p class=\"m_8187028042331204606MsoNoSpacing\">\u00a0\u00a0\u00a0\u00a0\u00a0\u00a0\u00a0\u00a0\u00a0 &#8211; grija\u0107i trakasti kabel (za\u0161tita cijevi od smrzavanja vode )<u><\/u><u><\/u><\/p>\n<p class=\"m_8187028042331204606MsoNoSpacing\">\u00a0\u00a0\u00a0\u00a0\u00a0\u00a0\u00a0\u00a0\u00a0 &#8211; ALU folija za UV za\u0161titu cijevne izolacije izlo\u017eene suncu<u><\/u><u><\/u><\/p>\n<p class=\"m_8187028042331204606MsoNoSpacing\">\u00a0\u00a0\u00a0\u00a0\u00a0\u00a0\u00a0\u00a0\u00a0 &#8211; dodatne PEX-AL-PEX (solarne) cijevi i spojnice<u><\/u><u><\/u><\/p>\n<p class=\"m_8187028042331204606MsoNoSpacing\">\u00a0\u00a0\u00a0\u00a0\u00a0\u00a0\u00a0\u00a0\u00a0\u00a0 &#8211; fleksibilne Inox cijevi i spojnice<u><\/u><u><\/u><\/p>\n<p class=\"m_8187028042331204606MsoNoSpacing\">\u00a0\u00a0\u00a0\u00a0\u00a0\u00a0\u00a0\u00a0\u00a0\u00a0 &#8211; ja\u010di pumpni set<u><\/u><u><\/u><\/p>\n<p class=\"m_8187028042331204606MsoNoSpacing\">\u00a0\u00a0\u00a0\u00a0\u00a0\u00a0\u00a0\u00a0\u00a0\u00a0 &#8211; dodatni izmjenjiva\u010d u spremniku<u><\/u><u><\/u><\/p>\n<p class=\"m_8187028042331204606MsoNoSpacing\">\u00a0\u00a0\u00a0\u00a0\u00a0\u00a0\u00a0\u00a0\u00a0\u00a0 &#8211; magnezijeva sonda u ku\u0107i\u0161tu (\u0161titi izmjenjiva\u010d od oksidacije i smanjuje kamenac)<u><\/u><u><\/u><\/p>\n<p class=\"m_8187028042331204606MsoNoSpacing\">\u00a0\u00a0\u00a0\u00a0\u00a0\u00a0\u00a0\u00a0\u00a0\u00a0 &#8211;\u00a0 pumpa za recirkulaciju (uvijek topla voda na slavinama)\u00a0<u><\/u><u><\/u><\/p>\n<p class=\"m_8187028042331204606MsoNoSpacing\">\u00a0\u00a0\u00a0\u00a0\u00a0\u00a0\u00a0\u00a0\u00a0\u00a0\u00a0&#8211; el. ventil s relejnim sklopom za bypas izmjenjiva\u010da centralnog grijanja spremnika<u><\/u><u><\/u><\/p>\n<p class=\"m_8187028042331204606MsoNoSpacing\">\u00a0\u00a0\u00a0\u00a0\u00a0\u00a0\u00a0\u00a0\u00a0\u00a0\u00a0\u00a0&#8211; termostatski troputi ventil 35C-65C\u00a0 (za\u0161tita od pretople sanitarne vode)<u><\/u><u><\/u><\/p>\n<p class=\"m_8187028042331204606MsoNoSpacing\">\u00a0\u00a0\u00a0\u00a0\u00a0\u00a0\u00a0\u00a0\u00a0\u00a0\u00a0 &#8211; dimenzije spremnika po dogovoru<u><\/u><u><\/u><\/p>\n<p class=\"m_8187028042331204606MsoNoSpacing\">\u00a0\u00a0\u00a0\u00a0\u00a0\u00a0\u00a0\u00a0\u00a0\u00a0 &#8211; spojni materijal<u><\/u><u><\/u><\/p>\n<p class=\"m_8187028042331204606MsoNoSpacing\">\u00a0\u00a0\u00a0\u00a0\u00a0\u00a0\u00a0\u00a0\u00a0\u00a0 &#8211; \u00a0monta\u017ea (potrebna slika objekta i podkonstrukcija za kosi krov i Pex-Al-Pex cijevi)<u><\/u><u><\/u><\/p>\n<p class=\"m_8187028042331204606MsoNoSpacing\">\u00a0\u00a0\u00a0\u00a0\u00a0\u00a0\u00a0\u00a0\u00a0\u00a0 &#8211; trasnport<u><\/u><u><\/u><\/p>\n<p class=\"m_8187028042331204606MsoNoSpacing\"><u><\/u>\u00a0<u><\/u><\/p>\n<p class=\"m_8187028042331204606MsoNoSpacing\"><u><\/u>\u00a0<u><\/u><\/p>\n<p class=\"m_8187028042331204606MsoNoSpacing\">OCIJEDNI SOLARNI SUSTAV se sastoji od:<u><\/u><u><\/u><\/p>\n<p class=\"m_8187028042331204606MsoNoSpacing\">solarni vakuumski kolektori KV , x veli\u010dina kolektora i \u00a0\u00a0y komada<u><\/u><u><\/u><\/p>\n<p class=\"m_8187028042331204606MsoNoSpacing\">spremnik PP , \u00a0\u00a0\u00a0x litara i dimenzije, \u00a0y broj i tip izmjenjiva\u010da<u><\/u><u><\/u><\/p>\n<p class=\"m_8187028042331204606MsoNoSpacing\">1 pumpni set , \u00a0xP snaga pumpnog seta,<u><\/u><u><\/u><\/p>\n<p class=\"m_8187028042331204606MsoNoSpacing\">PEX-AL-PEX cijevi, \u00a0\u00a0\u00a0x\u201c promjer i \u00a0y metara<u><\/u><u><\/u><\/p>\n<p class=\"m_8187028042331204606MsoNoSpacing\">Alupex \u00a0spojnica, \u00a0\u00a0x\u201c promjer \u00a0\u00a0i \u00a0y \u00a0komada<u><\/u><u><\/u><\/p>\n<p class=\"m_8187028042331204606MsoNoSpacing\">izolacija cijevi unutarnji fi32 x 15mm, vanjski fi62mm,\u00a0 x komada<u><\/u><u><\/u><\/p>\n<p class=\"m_8187028042331204606MsoNoSpacing\">samoljepiva al folije, \u00a0\u00a0x komada<u><\/u><u><\/u><\/p>\n<p class=\"m_8187028042331204606MsoNoSpacing\">kontroler AS-F115 sa 4 senzora temperature,<u><\/u><u><\/u><\/p>\n<p class=\"m_8187028042331204606MsoNoSpacing\">1 x odu\u0161ak Alupex 1\u201c\u00a0<u><\/u><u><\/u><\/p>\n<p class=\"m_8187028042331204606MsoNoSpacing\">1 x mg sonda<u><\/u><u><\/u><\/p>\n<p class=\"m_8187028042331204606MsoNoSpacing\"><u><\/u>\u00a0<u><\/u><\/p>\n<p class=\"m_8187028042331204606MsoNoSpacing\">Oznake x, y ozna\u010davaju da koli\u010dina, tip, metara, \u00a0komada su promjenljivi i ovise o odabranom Ocijednom solarnom sustavu.<u><\/u><u><\/u><\/p>\n<p class=\"m_8187028042331204606MsoNoSpacing\"><u><\/u>\u00a0<u><\/u><\/p>\n<p class=\"m_8187028042331204606MsoNoSpacing\">Jamstvo: 40 mjeseci na kolektore i spremnik<u><\/u><u><\/u><\/p>\n<p class=\"m_8187028042331204606MsoNoSpacing\">\u00a0\u00a0\u00a0\u00a0\u00a0\u00a0\u00a0\u00a0\u00a0\u00a0\u00a0\u00a0\u00a0\u00a0\u00a0\u00a0 24 mjeseci na pumpu i kontroler<u><\/u><u><\/u><\/p>\n<p class=\"m_8187028042331204606MsoNoSpacing\">\u00a0\u00a0\u00a0\u00a0\u00a0\u00a0\u00a0\u00a0\u00a0\u00a0\u00a0\u00a0\u00a0\u00a0\u00a0\u00a0 do\u017eivotno jamstvo na stijenke spremnika od prohr\u0111avanja<\/p>\n<p><a href=\"https:\/\/asel.hr\/webshop\/wp-content\/uploads\/UPUTSTVO_SOLARNI_OCIJEDNI_SUSTAVI_AS-F115_2012.pdf\">UPUTSTVA &#8211; SOLARNI OCJEDNI SUSTAV<\/a><br \/>\n<a href=\"https:\/\/asel.hr\/webshop\/wp-content\/uploads\/2018\/12\/OCIJEDNI-SUSTAV-SHEMA-SSA-nadopunom-1-izmjenjiva\u010d.pdf\">SUSTAV &#8211; SHEMA<\/a><\/p>\n<p>&nbsp;<\/p>\n","protected":false},"excerpt":{"rendered":"<p>OCIJEDNI SOLARNI SUSTAV (solarni sustav za pripremu tople sanitarne vode za 6-7 \u010dlanova doma\u0107instva) SOLAR 300N1 PP1 sastoji se od: 1x solarni kolektor vakuumski KV300 1x spremnik PP300l, jedan izmjeniva\u010da od inox fleksibilne cijevi 5\/4&#8243; x 20m za pripremu sanitarne vode 1x kontroler AS1, 1x pumpna seta, (s Njema\u010dkom pumpom Halm) 20m PEX-AL-PEX cijevi\u00a0 1\/2&#8243; [&hellip;]<\/p>\n","protected":false},"featured_media":2285,"template":"","meta":{"_links_to":"","_links_to_target":""},"product_cat":[156],"product_tag":[],"_links":{"self":[{"href":"https:\/\/asel.hr\/webshop\/wp-json\/wp\/v2\/product\/1769"}],"collection":[{"href":"https:\/\/asel.hr\/webshop\/wp-json\/wp\/v2\/product"}],"about":[{"href":"https:\/\/asel.hr\/webshop\/wp-json\/wp\/v2\/types\/product"}],"wp:featuredmedia":[{"embeddable":true,"href":"https:\/\/asel.hr\/webshop\/wp-json\/wp\/v2\/media\/2285"}],"wp:attachment":[{"href":"https:\/\/asel.hr\/webshop\/wp-json\/wp\/v2\/media?parent=1769"}],"wp:term":[{"taxonomy":"product_cat","embeddable":true,"href":"https:\/\/asel.hr\/webshop\/wp-json\/wp\/v2\/product_cat?post=1769"},{"taxonomy":"product_tag","embeddable":true,"href":"https:\/\/asel.hr\/webshop\/wp-json\/wp\/v2\/product_tag?post=1769"}],"curies":[{"name":"wp","href":"https:\/\/api.w.org\/{rel}","templated":true}]}}