{"id":1767,"date":"2018-05-28T14:01:36","date_gmt":"2018-05-28T12:01:36","guid":{"rendered":"http:\/\/asel.hr\/webshop\/proizvod\/as-pp-split-150\/"},"modified":"2026-04-15T03:55:42","modified_gmt":"2026-04-15T01:55:42","slug":"solar-150n1-pp1","status":"publish","type":"product","link":"https:\/\/asel.hr\/webshop\/proizvod\/solar-150n1-pp1\/","title":{"rendered":"OCIJEDNI SOLAR 150P1S1"},"content":{"rendered":"<p>OCIJEDNI SOLARNI SUSTAV<br \/>\n(solarni sustav za pripremu tople sanitarne vode za 3-4 \u010dlanova doma\u0107instva)<\/p>\n<p>Kapacitet solarnog ocijednog sustava:<br \/>\nAsel predla\u017ee optrimalan izbor kolektora, te kapacitet sustava prema broju potro\u0161a\u010da vode , te veli\u010dini prostora<br \/>\nkoji se grije 7l do 10l\/m2)<br \/>\n&#8211; mo\u017ee biti od 150l do 1500l (i ve\u0107i ali se posebno dizajnira)<br \/>\n&#8211; koriste se netla\u010dni solarni kolektori KV200, KV300 i KV500<br \/>\n&#8211; solarni spremnik mo\u017ee imati kapacitet od 150l do 1500l ( postoje standardne dimenzije, ali dimenzije mo\u017ee<br \/>\nodrediti i kupac, odnosno prostor gdje se montira spremnik)<br \/>\nVisinska razlika izme\u0111u vrha kolektora i dna spremnika odre\u0111uje snagu pumpnog seta :<br \/>\n&#8211; pumpni set P1 do 5m,<br \/>\n&#8211; pumpni set P2 do 9m<br \/>\n&#8211; pumpni set P3 do 14m<br \/>\n&#8211; pumpni set P4 do 18m<br \/>\nBroj izmjenjiva\u010da u spremniku se odre\u0111uje prema tipu kori\u0161tenja solarnog sustava<br \/>\n&#8211; 1 izmjenjiva\u010d \u2013 grije se samo sanitarna topla voda<br \/>\n&#8211; 2 izmjenjiva\u010da \u2013 grije se sanitarna topla voda i radijatorsko ili podno grijanje<br \/>\n&#8211; 3 izmjenjiva\u010da \u2013 grije se sanitarna topla voda i radijatorsko ili podno grijanje i 3. za dizalicu topline ili<br \/>\nspecijalne namjene<br \/>\nStandardni Solarni ocijedni sustav sastoji se od:<br \/>\n-kontroler AS-5 sa 4 senzora temperature,<br \/>\n&#8211; pumpni set<br \/>\n&#8211; PEX-AL-PEX cijevi (do SOLAR 300 \u201315m 3\u20444\u201c, do SOLAR 600 \u201320m 1\u201c, do SOLAR 1000 \u201325m 1\u201c,<br \/>\nve\u0107e \u2013 30m 1\u201c ili 5\/4\u201c) , ve\u0107e koli\u010dine PEX-AL-PEX se dodatno naru\u010duju i pla\u0107aju<br \/>\n&#8211; spojnice za PEX-AL-PEX cijevi<br \/>\n&#8211; izolacija za cijevi<br \/>\n&#8211; odu\u0161ak za kolektor<br \/>\n&#8211; Al folije za UV za\u0161titu izolacije za cijevi<br \/>\n&#8211; Mg sonda u spremniku<br \/>\nUz nadoplatu &#8211; Mogu\u0107e je tra\u017eiti pove\u0107anje gore navedenih koli\u010dina, zamjenu PEX-AL-PEX cijevi sa Inox<br \/>\nfleksibilnim cijevima,.. .<br \/>\nOcijedni Solarni sustav za pripremu tople vode je toplinski sustav koji je rije\u0161io mane i nedostatke klasi\u010dnih<br \/>\nsolarnih toplinskih sustava:<br \/>\n&#8211; Pregrijavanje \u2013 kontroler AS-5 ne pali pumpu solarnog kruga, no ako temperatura ipak ide iznad 840C<br \/>\nobavezno isklju\u010diti kontroler iz napajanja ( maksimalna trajno dozvoljena temperatura spremnika 800C )<br \/>\n&#8211; smrzavanje &#8211; radi na vodu, voda iz odlazne i dolazne cijevi do kolektora se ocijedi u spremnik, pa se nema \u0161to<br \/>\nsmrznuti. No ako postoje sifoni primjenjuju se i druge za\u0161tite od smrzavanja<br \/>\n&#8211; nije osjetljiv na nestanak struje, naprotiv ako se bilo \u0161to desi tipa curenja, dovoljno je i\u0161tekati kontroler iz<br \/>\nnapajanja, i sustav mo\u017ee \u010dekati popravak<\/p>\n<p>&#8211; solarni krug je netla\u010dan i ne mora se odzra\u010divati<br \/>\n&#8211; nema skupog glikola, ekspanzione posude, odzra\u010dnika, jeftinije spojne cijevi, manji gubici<br \/>\n&#8211; vrlo efikasan i financijski povoljan solarni sustav<br \/>\n&#8211; izmjenjiva\u010di u spremniku imaju veliku vanjsku povr\u0161inu (inox fleksibilna cijev SUS 304-2B)<br \/>\n&#8211; dugi \u017eivotni vijek- do\u017eivotno jamstvo na prohr\u0111avanje stijenki zidova spremnika<br \/>\nza razliku od tla\u010dnih spremnika koji imaju spremnik od obi\u010dnog \u017eeljeza (ne od inoxa) i<br \/>\n\u017eivotni vijek od 5-10g. zbog prohr\u0111avanja, a i voda u takvom spremniku dobiva boju od<br \/>\noksidiranog \u017eeljeza<br \/>\nu slu\u010daju kvara na izmjenjiva\u010du , PP spremnik se mo\u017ee popraviti<br \/>\nvoda u solarnom spremniku nije pod tlakom, a u izmjenjiva\u010dima je pod tlakom vodovodne mre\u017ee i<br \/>\nsustava grijanja,..<br \/>\nOpcije:<br \/>\n&#8211; podkonstrukcija za kolektore (nema bu\u0161enja crijepa)<br \/>\n&#8211; automatska dopuna spremnika,<br \/>\n&#8211; rezervna vakuumska cijev<br \/>\n&#8211; el. grija\u010d i priprema PP spremnika za el.grija\u010d<br \/>\n&#8211; grija\u0107i trakasti kabel (za\u0161tita cijevi od smrzavanja vode )<br \/>\n&#8211; ALU folija za UV za\u0161titu cijevne izolacije izlo\u017eene suncu<br \/>\n&#8211; dodatne PEX-AL-PEX (solarne) cijevi i spojnice<br \/>\n&#8211; fleksibilne Inox cijevi i spojnice<br \/>\n&#8211; ja\u010di pumpni set<br \/>\n&#8211; dodatni izmjenjiva\u010d u spremniku<br \/>\n&#8211; magnezijeva sonda u ku\u0107i\u0161tu<br \/>\n&#8211; pumpa za recirkulaciju (uvijek topla voda na slavinama)<br \/>\n&#8211; el. ventil s relejnim sklopom za bypas izmjenjiva\u010da centralnog grijanja spremnika<br \/>\n&#8211; termostatski troputi ventil 35C-60C (za\u0161tita od pretople sanitarne vode)<br \/>\n&#8211; dimenzije spremnika po \u017eelji kupca<br \/>\n&#8211; spojni materijal<br \/>\n&#8211; monta\u017ea (potrebna slika objekta i podkonstrukcija za kosi krov i Pex-Al-Pex cijevi)<\/p>\n<p><a href=\"https:\/\/asel.hr\/wp-content\/uploads\/UPUTSTVO_SOLARNI_OCIJEDNI_SUSTAVI_2306.pdf\">Upustvo<\/a>.<\/p>\n","protected":false},"excerpt":{"rendered":"<p>OCIJEDNI SOLARNI SUSTAV (solarni sustav za pripremu tople sanitarne vode za 3-4 \u010dlanova doma\u0107instva) Kapacitet solarnog ocijednog sustava: Asel predla\u017ee optrimalan izbor kolektora, te kapacitet sustava prema broju potro\u0161a\u010da vode , te veli\u010dini prostora koji se grije 7l do 10l\/m2) &#8211; mo\u017ee biti od 150l do 1500l (i ve\u0107i ali se posebno dizajnira) &#8211; koriste [&hellip;]<\/p>\n","protected":false},"featured_media":2285,"template":"","meta":{"_links_to":"","_links_to_target":""},"product_cat":[156],"product_tag":[],"_links":{"self":[{"href":"https:\/\/asel.hr\/webshop\/wp-json\/wp\/v2\/product\/1767"}],"collection":[{"href":"https:\/\/asel.hr\/webshop\/wp-json\/wp\/v2\/product"}],"about":[{"href":"https:\/\/asel.hr\/webshop\/wp-json\/wp\/v2\/types\/product"}],"wp:featuredmedia":[{"embeddable":true,"href":"https:\/\/asel.hr\/webshop\/wp-json\/wp\/v2\/media\/2285"}],"wp:attachment":[{"href":"https:\/\/asel.hr\/webshop\/wp-json\/wp\/v2\/media?parent=1767"}],"wp:term":[{"taxonomy":"product_cat","embeddable":true,"href":"https:\/\/asel.hr\/webshop\/wp-json\/wp\/v2\/product_cat?post=1767"},{"taxonomy":"product_tag","embeddable":true,"href":"https:\/\/asel.hr\/webshop\/wp-json\/wp\/v2\/product_tag?post=1767"}],"curies":[{"name":"wp","href":"https:\/\/api.w.org\/{rel}","templated":true}]}}