{"id":1750,"date":"2018-05-28T14:01:32","date_gmt":"2018-05-28T12:01:32","guid":{"rendered":"http:\/\/asel.hr\/webshop\/proizvod\/as-svjetlo\/"},"modified":"2026-05-03T03:55:34","modified_gmt":"2026-05-03T01:55:34","slug":"as-svjetlo","status":"publish","type":"product","link":"https:\/\/asel.hr\/webshop\/proizvod\/as-svjetlo\/","title":{"rendered":"AS-STRONG"},"content":{"rendered":"<p>Set fotonaponskog sustava za :<br \/>\n\u2013 rasvjeta 5-10 LED sijalica, LCD TV , hladnjak A klase, bu\u0161ilica<\/p>\n<p>Set uklju\u010duje:<br \/>\n\u2013 3 x 380W monokristalni modul TPL Half cell<br \/>\n\u2013 2 x 260Ah 12V solarne kiselinske baterije<br \/>\n\u2013 Pretvara\u010d hibridni 3kW, 30A, 24V \u010disti sinus<br \/>\n\u2013 konektor MC4 solarni<br \/>\n&#8211; 2 x konektor T MC4 solarni<br \/>\n&#8211; 2 x Akomulatorske stopice fi8.5mm<br \/>\n&#8211; 30 x Kabel 4mm2 crni solarni<br \/>\n&#8211; 10 x Kabel \u017euto-zeleni 6 P\/F<br \/>\n&#8211; Akumulatorske kleme (par)<\/p>\n<p>Opcija: mo\u017eete sve stavke iz seta mijenjati po Va\u0161em izboru i tra\u017eiti novu ponudu.<\/p>\n","protected":false},"excerpt":{"rendered":"<p>Set fotonaponskog sustava za : \u2013 rasvjeta 5-10 LED sijalica, LCD TV , hladnjak A klase, bu\u0161ilica Set uklju\u010duje: \u2013 3 x 380W monokristalni modul TPL Half cell \u2013 2 x 260Ah 12V solarne kiselinske baterije \u2013 Pretvara\u010d hibridni 3kW, 30A, 24V \u010disti sinus \u2013 konektor MC4 solarni &#8211; 2 x konektor T MC4 solarni [&hellip;]<\/p>\n","protected":false},"featured_media":644,"template":"","meta":{"_links_to":"","_links_to_target":""},"product_cat":[184],"product_tag":[],"_links":{"self":[{"href":"https:\/\/asel.hr\/webshop\/wp-json\/wp\/v2\/product\/1750"}],"collection":[{"href":"https:\/\/asel.hr\/webshop\/wp-json\/wp\/v2\/product"}],"about":[{"href":"https:\/\/asel.hr\/webshop\/wp-json\/wp\/v2\/types\/product"}],"wp:featuredmedia":[{"embeddable":true,"href":"https:\/\/asel.hr\/webshop\/wp-json\/wp\/v2\/media\/644"}],"wp:attachment":[{"href":"https:\/\/asel.hr\/webshop\/wp-json\/wp\/v2\/media?parent=1750"}],"wp:term":[{"taxonomy":"product_cat","embeddable":true,"href":"https:\/\/asel.hr\/webshop\/wp-json\/wp\/v2\/product_cat?post=1750"},{"taxonomy":"product_tag","embeddable":true,"href":"https:\/\/asel.hr\/webshop\/wp-json\/wp\/v2\/product_tag?post=1750"}],"curies":[{"name":"wp","href":"https:\/\/api.w.org\/{rel}","templated":true}]}}