{"id":1748,"date":"2018-05-28T14:01:32","date_gmt":"2018-05-28T12:01:32","guid":{"rendered":"http:\/\/asel.hr\/webshop\/proizvod\/as-apartman\/"},"modified":"2026-04-18T03:55:22","modified_gmt":"2026-04-18T01:55:22","slug":"as-apartman","status":"publish","type":"product","link":"https:\/\/asel.hr\/webshop\/proizvod\/as-apartman\/","title":{"rendered":"AS-KLIJET"},"content":{"rendered":"<p>Set fotonaponskog sustava za :<br \/>\n\u2013 rasvjeta 5-8 LED sijalica, LCD TV , hladnjak A klase<\/p>\n<p>Set uklju\u010duje:<br \/>\n\u2013 1 x 285W polikristalni modul<br \/>\n\u2013 2 x 120Ah solarne kiselinske baterije<br \/>\n\u2013 pretvara\u010d 1,5kVA 24V<br \/>\n\u2013 reg 20A sa usb punja\u010dem<br \/>\n\u2013 MC4 konektor<br \/>\nOpcija: mo\u017eete sve stavke iz seta mijenjati po Va\u0161em izboru i tra\u017eiti novu ponudu.<\/p>\n","protected":false},"excerpt":{"rendered":"<p>Set fotonaponskog sustava za : \u2013 rasvjeta 5-8 LED sijalica, LCD TV , hladnjak A klase Set uklju\u010duje: \u2013 1 x 285W polikristalni modul \u2013 2 x 120Ah solarne kiselinske baterije \u2013 pretvara\u010d 1,5kVA 24V \u2013 reg 20A sa usb punja\u010dem \u2013 MC4 konektor Opcija: mo\u017eete sve stavke iz seta mijenjati po Va\u0161em izboru i [&hellip;]<\/p>\n","protected":false},"featured_media":644,"template":"","meta":{"_links_to":"","_links_to_target":""},"product_cat":[184],"product_tag":[],"_links":{"self":[{"href":"https:\/\/asel.hr\/webshop\/wp-json\/wp\/v2\/product\/1748"}],"collection":[{"href":"https:\/\/asel.hr\/webshop\/wp-json\/wp\/v2\/product"}],"about":[{"href":"https:\/\/asel.hr\/webshop\/wp-json\/wp\/v2\/types\/product"}],"wp:featuredmedia":[{"embeddable":true,"href":"https:\/\/asel.hr\/webshop\/wp-json\/wp\/v2\/media\/644"}],"wp:attachment":[{"href":"https:\/\/asel.hr\/webshop\/wp-json\/wp\/v2\/media?parent=1748"}],"wp:term":[{"taxonomy":"product_cat","embeddable":true,"href":"https:\/\/asel.hr\/webshop\/wp-json\/wp\/v2\/product_cat?post=1748"},{"taxonomy":"product_tag","embeddable":true,"href":"https:\/\/asel.hr\/webshop\/wp-json\/wp\/v2\/product_tag?post=1748"}],"curies":[{"name":"wp","href":"https:\/\/api.w.org\/{rel}","templated":true}]}}