{"id":1745,"date":"2018-05-28T14:01:32","date_gmt":"2018-05-28T12:01:32","guid":{"rendered":"http:\/\/asel.hr\/webshop\/proizvod\/as-vikendica\/"},"modified":"2026-04-15T03:55:22","modified_gmt":"2026-04-15T01:55:22","slug":"as-vikendica","status":"publish","type":"product","link":"https:\/\/asel.hr\/webshop\/proizvod\/as-vikendica\/","title":{"rendered":"AS-STAN"},"content":{"rendered":"<p>Cijene su promijenjive i stavke se mogu promijeniti iz seta.<br \/>\nKonstrukcija ra\u0111ena za kosi krov s standardnim crijepom.<br \/>\nKupac mora javiti ako se radi o limu, \u0161indri, biber crijepu.<br \/>\n<img decoding=\"async\" loading=\"lazy\" src=\"https:\/\/asel.hr\/webshop\/wp-content\/uploads\/2018\/05\/unnamed.png\" alt=\"\" width=\"1713\" height=\"657\" class=\"alignnone size-full wp-image-6504\" srcset=\"https:\/\/asel.hr\/webshop\/wp-content\/uploads\/2018\/05\/unnamed.png 1713w, https:\/\/asel.hr\/webshop\/wp-content\/uploads\/2018\/05\/unnamed-300x115.png 300w, https:\/\/asel.hr\/webshop\/wp-content\/uploads\/2018\/05\/unnamed-1024x393.png 1024w, https:\/\/asel.hr\/webshop\/wp-content\/uploads\/2018\/05\/unnamed-768x295.png 768w, https:\/\/asel.hr\/webshop\/wp-content\/uploads\/2018\/05\/unnamed-1536x589.png 1536w, https:\/\/asel.hr\/webshop\/wp-content\/uploads\/2018\/05\/unnamed-600x230.png 600w\" sizes=\"(max-width: 1713px) 100vw, 1713px\" \/><\/p>\n<p>SPAJANJE HIBRIDNOG PRETVARA\u010cA:<br \/>\nSkida se dolazna faza od brojila i spaja na rastavlja\u010d u za\u0161titni ormar (preporu\u010damo) i nakon toga se dovodi na pretvara\u010d. Na pretvara\u010d se dovode i kablovi od solarnih Preporu\u010da se ugradnja i grebenaste sklopke na izlazu pretvara\u010da s kojim se mo\u017ee birati ili izlaz sa pretvara\u010da ili direktno mre\u017eni napon.<br \/>\nNula iz pretvara\u010da se ne smije kratko spojiti s mre\u017enom nulom.<br \/>\nObavezno izjedna\u010diti potencijal konstrukcija panela, zemlja pretvara\u010da i zemlja na glavnom razvodnom ormaru s \u017euto zelenim vodi\u010dem.<br \/>\nProfesionalni Hibridni multifunkcijski pretvara\u010d- s PWM regulatorom punjenja kombinira funkciju pretvara\u010da i solarnog baterijskog punja\u010da i omogu\u0107uje kvalitetno i nepLCD ekran nudi korisni\u010dko lako pristupa\u010dno parametriranje pretvara\u010da kao PV struja punjenja, AC\/solar prioritet pri punjenju, odre\u0111ivanje ranga ulaznog napona glede<\/p>\n<p>Karakteristike:<br \/>\n&#8211;\tIzlazna snaga 1kW\/2kW ; 3kW\/6kW ;<br \/>\n&#8211;\tpravi sinus<br \/>\n&#8211;\tMax. ulazna snaga panela 600W ; 1,2kW<br \/>\n&#8211;\tProgramiranje nivoa punjenja i za\u0161tite baterija , optimizira performance baterija<br \/>\n&#8211;\todre\u0111ivanje baterijskog punjenja<br \/>\n&#8211;\todre\u0111ivanje prioriteta izvora punjenja baterije (Solarno, mre\u017ea)<br \/>\n&#8211;\tautomatski prebacuje na HEP ili agregat ako nema dovoljno solarne energije-ali agregat mora biti upaljen jer kod starta mo\u017ee proizvesti kratkotrajne<br \/>\n        naponske \u0161piceve<br \/>\n&#8211;\tautomatski restart<br \/>\n&#8211;\tprenaponska, pretemperaturna, i za\u0161tita od kratkog spoja<br \/>\n&#8211;\tfunkciju hladnog starta<\/p>\n<p>OPCIJE &#8211; DODATNA ili ZAMJENSKA OPREMA:<br \/>\n&#8211;\tsolarni paneli razli\u010dite snage,<br \/>\n&#8211;\tOrmar s prekostrujnom i prenaponskom za\u0161titom solarnog kruga<br \/>\n&#8211;\tormar s FID sklopkom, prenaponskom, prekostrujnom i za\u0161titom od kratkog spoja<br \/>\n&#8211;\tbaterijski balanser \u2013 izjedna\u010dava napunjenost baterija \u2013 produ\u017euje \u017eivotni vijek baterija<br \/>\n&#8211;\tkonstrukcija za kosi ili ravni krov,<br \/>\n&#8211;\tmobilne konstrukcije (prenosive traktorom)<br \/>\n&#8211;\tsolarne kiselinske baterije (nije zatvorena, treba odr\u017eavanje)<br \/>\n&#8211;\tsolarne GEL baterije<br \/>\n&#8211;\tSolarne BATERIJE S VODLJIVIM UGLJIKOM<br \/>\n&#8211;\tsolarne Litijeve baterije LiFePr04<br \/>\n&#8211;\tkonektori MC4 i T<br \/>\n&#8211;\tsolarni kabel 4mm2 ili 6mm2<br \/>\n&#8211;\tPF kabel 6mm2, 10mm2 , 16mm2 &#8211; za izjedna\u010denje potencijala konstrukcije panela i pretvara\u010da<br \/>\n&#8211;\tPrenaponska za\u0161tita s DC osigura\u010dima solarnog kruga<br \/>\n&#8211;\tAutomatski osigura\u010d za solarni krug<br \/>\n&#8211;\tGrebenasta sklopka za direktno spajanje na mre\u017eni napon i odspajanje pretvara\u010da<br \/>\n&#8211;\tGromobranska instalacija<br \/>\n&#8211;\tMonta\u017ea (potrebna slika objekta i adresa)<br \/>\n&#8211;\ttransport<\/p>\n","protected":false},"excerpt":{"rendered":"<p>Cijene su promijenjive i stavke se mogu promijeniti iz seta. Konstrukcija ra\u0111ena za kosi krov s standardnim crijepom. Kupac mora javiti ako se radi o limu, \u0161indri, biber crijepu. SPAJANJE HIBRIDNOG PRETVARA\u010cA: Skida se dolazna faza od brojila i spaja na rastavlja\u010d u za\u0161titni ormar (preporu\u010damo) i nakon toga se dovodi na pretvara\u010d. Na pretvara\u010d [&hellip;]<\/p>\n","protected":false},"featured_media":4976,"template":"","meta":{"_links_to":"","_links_to_target":""},"product_cat":[184],"product_tag":[],"_links":{"self":[{"href":"https:\/\/asel.hr\/webshop\/wp-json\/wp\/v2\/product\/1745"}],"collection":[{"href":"https:\/\/asel.hr\/webshop\/wp-json\/wp\/v2\/product"}],"about":[{"href":"https:\/\/asel.hr\/webshop\/wp-json\/wp\/v2\/types\/product"}],"wp:featuredmedia":[{"embeddable":true,"href":"https:\/\/asel.hr\/webshop\/wp-json\/wp\/v2\/media\/4976"}],"wp:attachment":[{"href":"https:\/\/asel.hr\/webshop\/wp-json\/wp\/v2\/media?parent=1745"}],"wp:term":[{"taxonomy":"product_cat","embeddable":true,"href":"https:\/\/asel.hr\/webshop\/wp-json\/wp\/v2\/product_cat?post=1745"},{"taxonomy":"product_tag","embeddable":true,"href":"https:\/\/asel.hr\/webshop\/wp-json\/wp\/v2\/product_tag?post=1745"}],"curies":[{"name":"wp","href":"https:\/\/api.w.org\/{rel}","templated":true}]}}