{"id":1744,"date":"2018-05-28T14:01:32","date_gmt":"2018-05-28T12:01:32","guid":{"rendered":"http:\/\/asel.hr\/webshop\/proizvod\/as-stan\/"},"modified":"2026-04-18T03:55:22","modified_gmt":"2026-04-18T01:55:22","slug":"as-stan","status":"publish","type":"product","link":"https:\/\/asel.hr\/webshop\/proizvod\/as-stan\/","title":{"rendered":"AS-STAN-2"},"content":{"rendered":"<p>Cijene su promijenjive i stavke se mogu promijeniti iz seta.<br \/>\nKonstrukcija ra\u0111ena za kosi krov s standardnim crijepom.<br \/>\nKupac mora javiti ako se radi o limu, \u0161indri, biber crijepu.<br \/>\n<img decoding=\"async\" loading=\"lazy\" src=\"https:\/\/asel.hr\/webshop\/wp-content\/uploads\/2018\/05\/unnamed-8.png\" alt=\"\" width=\"897\" height=\"593\" class=\"alignnone size-full wp-image-5827\" srcset=\"https:\/\/asel.hr\/webshop\/wp-content\/uploads\/2018\/05\/unnamed-8.png 897w, https:\/\/asel.hr\/webshop\/wp-content\/uploads\/2018\/05\/unnamed-8-300x198.png 300w, https:\/\/asel.hr\/webshop\/wp-content\/uploads\/2018\/05\/unnamed-8-768x508.png 768w, https:\/\/asel.hr\/webshop\/wp-content\/uploads\/2018\/05\/unnamed-8-600x397.png 600w\" sizes=\"(max-width: 897px) 100vw, 897px\" \/><\/p>\n<p>Baterije sa VODLJIVIM UGLJIKOM od svjetski poznatog proizvo\u0111a\u010da SOLARFAM,<br \/>\nVrlo kvalitetne, hermeti\u010dki zatvorene i po broju ciklusa su vrlo sli\u010dna Litijevim baterijama. Imaju osobito nizak prag samo pra\u017enjenja tako da se ne\u0107e isprazniti tijekom Dizajnirane za 15g \u017eivotni radni vijek. Dizajnirana za du\u017ei \u017eivotni vijek od Litijevih baterija<br \/>\n3000 ciklusa s 30% i gotovo 7.000 ciklusa sa 20% pra\u017enjenja baterija<br \/>\nBaterije smjestiti u prostor s temperaturom do 25\u00b0C. Okolne temperature ve\u0107e od 35\u00b0C \u0107e skratiti \u017eivotni vijek i do 50%.<br \/>\nIzlaz od pretvara\u010da se spaja na ulaze Va\u0161ih osigura\u010da i time se biraju potro\u0161a\u010di koje \u0107e napajati pretvara\u010d. <\/p>\n<p>SPAJANJE HIBRIDNOG PRETVARA\u010cA:<br \/>\nSkida se dolazna faza od brojila i spaja na rastavlja\u010d u za\u0161titni ormar (preporu\u010damo) i nakon toga se dovodi na pretvara\u010d. Na pretvara\u010d se dovode i kablovi od solarnih Preporu\u010da se ugradnja i grebenaste sklopke na izlazu pretvara\u010da s kojim se mo\u017ee birati ili izlaz sa pretvara\u010da ili direktno mre\u017eni napon.<br \/>\nNula iz pretvara\u010da se ne smije kratko spojiti s mre\u017enom nulom.<br \/>\nObavezno izjedna\u010diti potencijal konstrukcija panela, zemlja pretvara\u010da i zemlja na glavnom razvodnom ormaru s \u017euto zelenim vodi\u010dem.<br \/>\nProfesionalni Hibridni POLUMRE\u017dNI pretvara\u010d 3,5kW i 5,5kW (OTO\u010cNI, a radi SLI\u010cNO kao MRE\u017dNI PRETVARA\u010c i ne treba NIKAKVA DOZVOLA OD HEPa) -saLCD ekran nudi korisni\u010dko lako pristupa\u010dno parametriranje pretvara\u010da kao PV struja punjenja, AC\/solar prioritet pri punjenju, odre\u0111ivanje ranga ulaznog napona glede<\/p>\n<p>Karakteristike:<br \/>\n&#8211;\tIzlazna snaga 3,5kW\/6kW ; 5,5kW\/10KVA ; 5,5kW\/10KVA ;<br \/>\n&#8211;\t pravi sinus<br \/>\n&#8211;\tMax. ulazna snaga panela 5,5kW ; 5,5kW ; 6kW (2 stringa)<br \/>\n&#8211;\tMax. Ulazni napon PV Voc: 450VDC ; 450VDC ; 500VDC<br \/>\n&#8211;\tNapon Baterija 24V ; 48V ; 48V<br \/>\n&#8211;\tMo\u017ee raditi i bez baterija<br \/>\n&#8211;\tMogu 2 ili vi\u0161e pretvara\u010da raditi paralelno.<br \/>\n&#8211;\tProgramiranje nivoa punjenja i za\u0161tite baterija , optimizira performance baterija<br \/>\n&#8211;\todre\u0111ivanje prioriteta izvora punjenja baterije (Solarno, mre\u017ea)<br \/>\n&#8211;\tako nema dovoljno SOLARNE energije ISTOVREMENO KORISTI I MRE\u017dU iz HEPa ili agregata-ali agregat mora biti upaljen jer kod starta mo\u017ee proizvesti<br \/>\n        kratkotra<br \/>\n&#8211;\tkada ima vi\u0161ka solarne energije, puni baterije (ne vra\u0107a u mre\u017eu)<br \/>\n&#8211;\tautomatski restart<br \/>\n&#8211;\t pre temperaturna, i za\u0161tita od kratkog spoja<br \/>\n&#8211;\tfunkciju hladnog starta<\/p>\n<p>OPCIJE &#8211; DODATNA ili ZAMJENSKA OPREMA:<br \/>\n&#8211;\tsolarni paneli razli\u010dite snage,<br \/>\n&#8211;\tOrmar s prekostrujnom i prenaponskom za\u0161titom solarnog kruga<br \/>\n&#8211;\tormar s FID sklopkom, prenaponskom, prekostrujnom i za\u0161titom od kratkog spoja<br \/>\n&#8211;\tbaterijski balanser \u2013 izjedna\u010dava napunjenost baterija \u2013 produ\u017euje \u017eivotni vijek baterija<br \/>\n&#8211;\tkonstrukcija za kosi ili ravni krov,<br \/>\n&#8211;\tmobilne konstrukcije (prenosive traktorom)<br \/>\n&#8211;\tsolarne kiselinske baterije (nije zatvorena, treba odr\u017eavanje)<br \/>\n&#8211;\tsolarne GEL baterije<br \/>\n&#8211;\tSolarne BATERIJE S VODLJIVIM UGLJIKOM<br \/>\n&#8211;\tsolarne Litijeve baterije LiFePr04<br \/>\n&#8211;\tkonektori MC4 i T<br \/>\n&#8211;\tsolarni kabel 4mm2 ili 6mm2<br \/>\n&#8211;\tPF kabel 6mm2, 10mm2 , 16mm2 &#8211; za izjedna\u010denje potencijala konstrukcije panela i pretvara\u010da<br \/>\n&#8211;\tPrenaponska za\u0161tita s DC osigura\u010dima solarnog kruga<br \/>\n&#8211;\tAutomatski osigura\u010d za solarni krug<br \/>\n&#8211;\tGrebenasta sklopka za direktno spajanje na mre\u017eni napon i odspajanje pretvara\u010da<br \/>\n&#8211;\tGromobranska instalacija<br \/>\n&#8211;\tMonta\u017ea (potrebna slik<\/p>\n","protected":false},"excerpt":{"rendered":"<p>Cijene su promijenjive i stavke se mogu promijeniti iz seta. Konstrukcija ra\u0111ena za kosi krov s standardnim crijepom. Kupac mora javiti ako se radi o limu, \u0161indri, biber crijepu. Baterije sa VODLJIVIM UGLJIKOM od svjetski poznatog proizvo\u0111a\u010da SOLARFAM, Vrlo kvalitetne, hermeti\u010dki zatvorene i po broju ciklusa su vrlo sli\u010dna Litijevim baterijama. Imaju osobito nizak prag [&hellip;]<\/p>\n","protected":false},"featured_media":4978,"template":"","meta":{"_links_to":"","_links_to_target":""},"product_cat":[184],"product_tag":[],"_links":{"self":[{"href":"https:\/\/asel.hr\/webshop\/wp-json\/wp\/v2\/product\/1744"}],"collection":[{"href":"https:\/\/asel.hr\/webshop\/wp-json\/wp\/v2\/product"}],"about":[{"href":"https:\/\/asel.hr\/webshop\/wp-json\/wp\/v2\/types\/product"}],"wp:featuredmedia":[{"embeddable":true,"href":"https:\/\/asel.hr\/webshop\/wp-json\/wp\/v2\/media\/4978"}],"wp:attachment":[{"href":"https:\/\/asel.hr\/webshop\/wp-json\/wp\/v2\/media?parent=1744"}],"wp:term":[{"taxonomy":"product_cat","embeddable":true,"href":"https:\/\/asel.hr\/webshop\/wp-json\/wp\/v2\/product_cat?post=1744"},{"taxonomy":"product_tag","embeddable":true,"href":"https:\/\/asel.hr\/webshop\/wp-json\/wp\/v2\/product_tag?post=1744"}],"curies":[{"name":"wp","href":"https:\/\/api.w.org\/{rel}","templated":true}]}}