{"id":1742,"date":"2018-05-28T14:01:32","date_gmt":"2018-05-28T12:01:32","guid":{"rendered":"http:\/\/asel.hr\/webshop\/proizvod\/ip-kamera-wi-fi-ir-led-vanjska\/"},"modified":"2026-04-17T03:55:13","modified_gmt":"2026-04-17T01:55:13","slug":"ip-kamera-wi-fi-ir-led-vanjska","status":"publish","type":"product","link":"https:\/\/asel.hr\/webshop\/proizvod\/ip-kamera-wi-fi-ir-led-vanjska\/","title":{"rendered":"IP Kamera Wi-fi IR-led vanjska"},"content":{"rendered":"<p>* 36kom Infracrvenih LED-ica za no\u0107ni rad pokriva 25m prostora<br \/>\n* Vodootporno ku\u010di\u0161te prikladan za primjenu na otvorenom.<br \/>\n* Podr\u017ean kut nadgledanja 78\u00b0.<\/p>\n<p>* 24-satno nadgledanje.<br \/>\n* Podr\u0161ka 802.11b\/g protokol, wireless nadzor<br \/>\n* Podr\u017eava UPNP,port forwarding automatski na ruter.<br \/>\n* Detekcija pokreta<br \/>\n* softver za video nadzor integriran u kameri (\u0161alje slike na e-mail ili na FTP server).<br \/>\n* Alarm informacije \u0161alje na alarm server<br \/>\n* Podr\u0161ka video prikaza na mobilne telefone (Android i BlackBerry)<br \/>\n* Podr\u0161ka tri razine korisnika vlasti.<br \/>\n* Podr\u0161ka za nadogradnju na internetu.<br \/>\n* DDNS daje proizvo\u0111a\u010d besplatno, upisan je u ure\u0111aju.<br \/>\n* Podr\u0161ka za Multi-view, dugotrajno snimanje, pregled video snimki i sl.<\/p>\n<p>&nbsp;<\/p>\n","protected":false},"excerpt":{"rendered":"<p>* 36kom Infracrvenih LED-ica za no\u0107ni rad pokriva 25m prostora * Vodootporno ku\u010di\u0161te prikladan za primjenu na otvorenom. * Podr\u017ean kut nadgledanja 78\u00b0. * 24-satno nadgledanje. * Podr\u0161ka 802.11b\/g protokol, wireless nadzor * Podr\u017eava UPNP,port forwarding automatski na ruter. * Detekcija pokreta * softver za video nadzor integriran u kameri (\u0161alje slike na e-mail ili [&hellip;]<\/p>\n","protected":false},"featured_media":1248,"template":"","meta":{"_links_to":"","_links_to_target":""},"product_cat":[155],"product_tag":[],"_links":{"self":[{"href":"https:\/\/asel.hr\/webshop\/wp-json\/wp\/v2\/product\/1742"}],"collection":[{"href":"https:\/\/asel.hr\/webshop\/wp-json\/wp\/v2\/product"}],"about":[{"href":"https:\/\/asel.hr\/webshop\/wp-json\/wp\/v2\/types\/product"}],"wp:featuredmedia":[{"embeddable":true,"href":"https:\/\/asel.hr\/webshop\/wp-json\/wp\/v2\/media\/1248"}],"wp:attachment":[{"href":"https:\/\/asel.hr\/webshop\/wp-json\/wp\/v2\/media?parent=1742"}],"wp:term":[{"taxonomy":"product_cat","embeddable":true,"href":"https:\/\/asel.hr\/webshop\/wp-json\/wp\/v2\/product_cat?post=1742"},{"taxonomy":"product_tag","embeddable":true,"href":"https:\/\/asel.hr\/webshop\/wp-json\/wp\/v2\/product_tag?post=1742"}],"curies":[{"name":"wp","href":"https:\/\/api.w.org\/{rel}","templated":true}]}}