{"id":1740,"date":"2018-05-28T14:01:32","date_gmt":"2018-05-28T12:01:32","guid":{"rendered":"http:\/\/asel.hr\/webshop\/proizvod\/ip-kamera-wi-fi-ir-led-unutarnja\/"},"modified":"2026-04-17T03:55:13","modified_gmt":"2026-04-17T01:55:13","slug":"ip-kamera-wi-fi-ir-led-unutarnja","status":"publish","type":"product","link":"https:\/\/asel.hr\/webshop\/proizvod\/ip-kamera-wi-fi-ir-led-unutarnja\/","title":{"rendered":"IP KAMERA Wi-fi IR-led unutarnja"},"content":{"rendered":"<p>Ugra\u0111en motor za Panoramu\/nagib.<br \/>\nSa ugra\u0111enim mikrofonom, podr\u017eava dvosmjernu interfon (audio) funkciju.<\/p>\n<p>Alarm pin mo\u017ee se spojiti na vanjske senzore za detekciju pokreta.<br \/>\nPrilikom detekcije alarma mogu\u0107e je uklju\u010diti i vanjski alarm.<\/p>\n<p>* 24-satno nadgledanje.<br \/>\n* Podr\u0161ka 802.11b\/g protokol, wireless nadzor<br \/>\n* Podr\u017eava UPNP,port forwarding automatski na ruter.<br \/>\n* Detekcija pokreta<br \/>\n* softver za video nadzor integriran u kameri (\u0161alje slike na e-mail ili na FTP server).<br \/>\n* Alarm informacije \u0161alje na alarm server<br \/>\n* Podr\u0161ka video prikaza na mobilne telefone (Android i BlackBerry)<br \/>\n* Podr\u0161ka tri razine korisnika vlasti.<br \/>\n* Podr\u0161ka za nadogradnju na internetu.<br \/>\n* DDNS daje proizvo\u0111a\u010d besplatno, upisan je u ure\u0111aju.<br \/>\n* Podr\u0161ka za Multi-view, dugotrajno snimanje, pregled video snimki i sl.<\/p>\n","protected":false},"excerpt":{"rendered":"<p>Ugra\u0111en motor za Panoramu\/nagib. Sa ugra\u0111enim mikrofonom, podr\u017eava dvosmjernu interfon (audio) funkciju. Alarm pin mo\u017ee se spojiti na vanjske senzore za detekciju pokreta. Prilikom detekcije alarma mogu\u0107e je uklju\u010diti i vanjski alarm. * 24-satno nadgledanje. * Podr\u0161ka 802.11b\/g protokol, wireless nadzor * Podr\u017eava UPNP,port forwarding automatski na ruter. * Detekcija pokreta * softver za video [&hellip;]<\/p>\n","protected":false},"featured_media":1244,"template":"","meta":{"_links_to":"","_links_to_target":""},"product_cat":[155],"product_tag":[],"_links":{"self":[{"href":"https:\/\/asel.hr\/webshop\/wp-json\/wp\/v2\/product\/1740"}],"collection":[{"href":"https:\/\/asel.hr\/webshop\/wp-json\/wp\/v2\/product"}],"about":[{"href":"https:\/\/asel.hr\/webshop\/wp-json\/wp\/v2\/types\/product"}],"wp:featuredmedia":[{"embeddable":true,"href":"https:\/\/asel.hr\/webshop\/wp-json\/wp\/v2\/media\/1244"}],"wp:attachment":[{"href":"https:\/\/asel.hr\/webshop\/wp-json\/wp\/v2\/media?parent=1740"}],"wp:term":[{"taxonomy":"product_cat","embeddable":true,"href":"https:\/\/asel.hr\/webshop\/wp-json\/wp\/v2\/product_cat?post=1740"},{"taxonomy":"product_tag","embeddable":true,"href":"https:\/\/asel.hr\/webshop\/wp-json\/wp\/v2\/product_tag?post=1740"}],"curies":[{"name":"wp","href":"https:\/\/api.w.org\/{rel}","templated":true}]}}