{"id":1726,"date":"2018-05-28T14:01:28","date_gmt":"2018-05-28T12:01:28","guid":{"rendered":"http:\/\/asel.hr\/webshop\/proizvod\/frekventni-pretvarac-110kw-3g\/"},"modified":"2026-04-15T03:55:21","modified_gmt":"2026-04-15T01:55:21","slug":"frekventni-pretvarac-110kw-3g","status":"publish","type":"product","link":"https:\/\/asel.hr\/webshop\/proizvod\/frekventni-pretvarac-110kw-3g\/","title":{"rendered":"Frekventni pretvara\u010d 110kW 3G"},"content":{"rendered":"<p>Veoma kvalitetni Frekventni pretvara\u010di, najjeftiniji u RH.<br \/>\nAkcijske cijene u prilo\u017eenoj slici<\/p>\n<p>&#8211; isporuka s lagera<\/p>\n<p>&#8211; pla\u0107anje avans 100%<\/p>\n<p>\u2022 EM11\/12 je izvrstan pretvara\u010d frekvencije s vrlo sna\u017enim softverom i hardverom.<br \/>\n\u2022 Ima zna\u010dajke servo pogona sa savr\u0161enim na\u010dinom regulacije brzine vrtnje i izvrsne kontrole momenta .<br \/>\n\u2022 mo\u017ee memorirati 2 grupe motornih parametara, a mo\u017ee pogoniti sinkrone motor i asinkrone motore.<br \/>\n\u2022 mo\u017ee raditi u:<br \/>\n&#8211; Bez senzorskom vektorskom modu (SVC),<br \/>\n&#8211; vektorskom modu + PG;<br \/>\n&#8211; V \/ F modu (naponsko \/frekventnom)<br \/>\n&#8211; i u odvojenom modu napona i frekvencije .<br \/>\n\u2022 Ima 49 vrsta digitalnih ulaznih funkcija i 38 vrsta digitalnih izlaznih funkcija.<br \/>\n\u2022 Ima kvalitetnu S krivulju u modu ubrzanja i usporavanja. Korisnik mo\u017ee samostalno definirati S parametre.<br \/>\n\u2022 IGBT nosa\u010d frekvencije se mo\u017ee automatski pode\u0161avati prema temperaturi hladnjaka.<br \/>\n\u2022 35 vrste funkcija za\u0161tite, uklju\u010duju\u0107i auto otkrivanje kratkog spoja nakon uklju\u010divanja.<br \/>\n\u2022 Raspon napona: 220 V ~ 240V; 380V ~ 460V.<\/p>\n<p>       G1 serija: ima ulaz 1x230V i izlazom 3x230V, trofazni motor se spaja u trokut,<\/p>\n<p>       G3 serija: ima ulaz 3x400V i izlazom 3x400V, trofazni motor se spaja u zvijezdu,<\/p>\n<p>       G13 serija: ima ulaz 1x230V i izlazom 3x400V, trofazni motor se spaja u zvijezdu,<\/p>\n<p>       SP1S serija: ima ulaz 1x230V i izlazom 1x230V, motor monofazni asinkroni<br \/>\n\u2022 Raspon ulazne frekvencije: 45 ~ 65Hz.<br \/>\n\u2022 Izlazni napon Raspon: 0V do nazivnog ulaznog napona<br \/>\n\u2022 Izlazni Frekventni opseg: V \/ F (0- 600Hz); Vector Control (0 &#8211; 300Hz).<br \/>\n\u2022 Kapacitet preoptere\u0107enja: 60s 150% nazivne struje, 3s sa 180% nazivne struje.<br \/>\n\u2022 Od 0,75 \u2013 18,5KW plasti\u010dno ku\u0107i\u0161te; 22 &#8211; 400KW metalno ku\u0107i\u0161te<br \/>\n\u2022 To\u010dnost brzine: \u00b1 0,5% (SVC); \u00b1 0,02% (VC).<br \/>\n\u2022 Frekvencija ulaznog signala: 0Khz &#8211; 100kHz.<br \/>\n\u2022 U svim modelima ugra\u0111ena RS485 kartice , CE deklariracija<br \/>\n&#8211; CE deklaracija<br \/>\n\u2022 EM11\/EM12-G1\/G3 \/G13\/ SP1S modeli sa integriranim IGBT.<\/p>\n<p>\u2022 Omjer kvar 0,1% u roku od 18 mjeseci<\/p>\n<p>&#8211; jedan multifunkcijski analogni ulaz i drugi Analogni ulaz 0-10V ili 0\/4-20mA<br \/>\n&#8211; analogni izlaz 0-10V i drugi analogni izlaz 0-10V ili 0\/4-20mA<br \/>\n-3 relejna izlaza<br \/>\n-2 multifunkcijska kolektorska izlaza<br \/>\n-6 multifunkcijska digitalnih ulaza<\/p>\n<p>Instalacija; zatvoreni prostor, ne na direktnoj sun\u010devoj svjetlosti, bez zaro\u0161avanja<\/p>\n<style>\n  .btn {\n    background-color: DodgerBlue;\n    border: none;\n    color: white;\n    cursor: pointer;\n    font-size: 20px;<\/p>\n<p>  }<\/p>\n<p>  \/* Darker background on mouse-over *\/\n  .btn:hover {\n    background-color: RoyalBlue;\n  }<\/p>\n<\/style>\n<p><a href=\"https:\/\/asel.hr\/webshop\/wp-content\/uploads\/2018\/05\/VFD-EM12-User-Manual.pdf\"><br \/>\n<button class=\"btn\" ><i class=\"fa fa-download\" style=\"font-size: 25px;\"><\/i> Preuzmi User Manual\u3164<\/button><br \/>\n<\/a><\/p>\n","protected":false},"excerpt":{"rendered":"<p>Veoma kvalitetni Frekventni pretvara\u010di, najjeftiniji u RH. Akcijske cijene u prilo\u017eenoj slici &#8211; isporuka s lagera &#8211; pla\u0107anje avans 100% \u2022 EM11\/12 je izvrstan pretvara\u010d frekvencije s vrlo sna\u017enim softverom i hardverom. \u2022 Ima zna\u010dajke servo pogona sa savr\u0161enim na\u010dinom regulacije brzine vrtnje i izvrsne kontrole momenta . \u2022 mo\u017ee memorirati 2 grupe motornih parametara, [&hellip;]<\/p>\n","protected":false},"featured_media":279,"template":"","meta":{"_links_to":"","_links_to_target":""},"product_cat":[101],"product_tag":[],"_links":{"self":[{"href":"https:\/\/asel.hr\/webshop\/wp-json\/wp\/v2\/product\/1726"}],"collection":[{"href":"https:\/\/asel.hr\/webshop\/wp-json\/wp\/v2\/product"}],"about":[{"href":"https:\/\/asel.hr\/webshop\/wp-json\/wp\/v2\/types\/product"}],"wp:featuredmedia":[{"embeddable":true,"href":"https:\/\/asel.hr\/webshop\/wp-json\/wp\/v2\/media\/279"}],"wp:attachment":[{"href":"https:\/\/asel.hr\/webshop\/wp-json\/wp\/v2\/media?parent=1726"}],"wp:term":[{"taxonomy":"product_cat","embeddable":true,"href":"https:\/\/asel.hr\/webshop\/wp-json\/wp\/v2\/product_cat?post=1726"},{"taxonomy":"product_tag","embeddable":true,"href":"https:\/\/asel.hr\/webshop\/wp-json\/wp\/v2\/product_tag?post=1726"}],"curies":[{"name":"wp","href":"https:\/\/api.w.org\/{rel}","templated":true}]}}