{"id":1719,"date":"2018-05-28T14:01:28","date_gmt":"2018-05-28T12:01:28","guid":{"rendered":"http:\/\/asel.hr\/webshop\/proizvod\/tobacco-4a-set\/"},"modified":"2026-05-15T03:55:20","modified_gmt":"2026-05-15T01:55:20","slug":"tobacco-4a-set","status":"publish","type":"product","link":"https:\/\/asel.hr\/webshop\/proizvod\/tobacco-4a-set\/","title":{"rendered":"Tobacco-4S set"},"content":{"rendered":"<p>Tobacco-4S set: Automatika Tobacco-4S + servo motor+senzori temperature i relativne vlage + sirena<\/p>\n<p>Ure\u0111aj je specijalno dizajniran za automatsko reguliranje i vo\u0111enje procesa su\u0161enja, na osnovu zadanog programa. Ure\u0111aj ima <strong>10 nepromjenljivih programa<\/strong> napravljenih prema zrelosti duhana i du\u017eini (veli\u010dini) lista (npr. normalno zreli \u2013 kratki,\u00a0 normalno dugi list) i <strong>10 korisni\u010dkih programa \u010diji se parametri su\u0161enja mogu izmijeniti <\/strong>(temperatura, relativna vlaga i sati su\u0161enja u svim faznim to\u010dkama, programi JA-0 do JA-9).\u00a0\u00a0\u00a0 Ure\u0111aj mjeri\u00a0 temperaturu i relativnu vlagu u su\u0161ari i temperaturu spremnika (ako ovaj postoji).<\/p>\n<p><strong>Ure\u0111aj Tobacco-4S vodi proces su\u0161enja. Nakon odabira odgovaraju\u0107eg programa, samo su\u0161enje se svodi samo na skra\u0107enje ili produ\u017eenje su\u0161enja duhana i to tako da se tipkom \u2013 smanje sati i time produ\u017ei su\u0161enje, a tipkom + pove\u0107aju sati\u00a0 i time skrati su\u0161enje, te potvrditi unos tipkom IZBOR\/UNOS.<\/strong>.\u00a0\u00a0 Ure\u0111aj mo\u017ee biti u:<\/p>\n<table>\n<tbody>\n<tr>\n<td width=\"304\"><strong>VLA\u017dENJU<\/strong><strong>\u00a0 <\/strong><\/p>\n<p>lampica <strong>Vla\u017eenje<\/strong> titra , a lampica <strong>PROG\/RAD\/STOP <\/strong>je uga\u0161ena<\/p>\n<p>Iz <strong>\u00a0STOPa <\/strong>se dolazi u<strong> Vla\u017eenje <\/strong>pritiskom tipke <strong>\u00a0\u2013 <\/strong>(na ekranu <strong>Spri<\/strong>) i potvrdi tipkom <strong>IZBOR\/UPIS. <\/strong><\/p>\n<p>Ure\u0111aj vla\u017ei duhan na temperaturi 38\u2070C , 6 sati, dr\u017ei zaklopke zatvorene, a nakon 6 sati\u00a0 odlazi u <strong>STOP<\/strong>.<\/p>\n<p>Temperatura i vrijeme vla\u017eenja se mogu promijeniti odlaskom u Programiranje pritiskom tipke <strong>PROG\/RAD<\/strong>.<\/p>\n<p>Tipkom <strong>IZBOR\/UPIS<\/strong> mijenja se na ekranu informacija o mjerenim parametrima\u00a0: \u00a0<strong>Spri<\/strong> ( vla\u017eenje duhana)\u00a0-> preostalo vrijeme vla\u017eenja duhana-> <strong>mjerena temperatura <\/strong>u su\u0161ari -> <strong>mjerena relativna vlaga<\/strong> u su\u0161ari.<\/td>\n<td width=\"290\"><strong>STOPu<\/strong><\/p>\n<p>lampica <strong>PROG\/RAD\/STOP<\/strong> i lampica <strong>Vla\u017eenje<\/strong> su uga\u0161ene<\/p>\n<p>Dolazi se iz<strong> VLA\u017dENJa <\/strong>\u2013pritiskom tipke <strong>\u00a0+ <\/strong>\u00a0(na ekranu <strong>StoP<\/strong>) i potvrdi tipkom <strong>IZBOR\/UPIS<\/strong>,<\/p>\n<p>&#8211; iz <strong>SU\u0160ENJA<\/strong>, tipku <strong>&#8211; <\/strong>\u00a0dr\u017ei pritisnutu dok se ne pojavi <strong>StoP<\/strong> na ekranu i potvrdite tipkom <strong>IZBOR\/UPIS<\/strong><\/p>\n<p>U <strong>STOP<\/strong>u ure\u0111aj samo mjeri temperaturu i rel. vlagu u su\u0161ari, i temperaturu spremnika.<\/p>\n<p>Pregled se vr\u0161i pritiskom tipke <strong>IZBOR\/UPIS.<\/strong><\/p>\n<p>Ure\u0111aj mora biti u <strong>STOP<\/strong>u kada su\u0161ara ne radi, ako ima vode u solarnom sustavu, jer ima ugra\u0111enu za\u0161titu od pregrijavanja (iznad 70\u2070C).<\/td>\n<td width=\"297\"><strong>SU\u0160ENJU<\/strong><\/p>\n<p>(lampica <strong>PROG\/RAD\/STOP<\/strong> titra lampica <strong>Vla\u017eenje<\/strong> je uga\u0161ena )<\/p>\n<p>\u2013dolazi se iz<strong> STOPa <\/strong>\u2013pritiskom tipke <strong>\u00a0+ <\/strong>\u00a0(na ekranu<strong> rAd)<\/strong> \u00a0i potvrdi tipkom <strong>IZBOR\/UPIS<\/strong>,<\/p>\n<p>Ure\u0111aj su\u0161i duhan po izabranom programu su\u0161enja.<\/p>\n<p>Pregled proteklog vremena su\u0161enja, temperature i relativne vlage u su\u0161ari se vr\u0161i pritiskom tipke <strong>IZBOR\/UPIS<\/strong>.<\/p>\n<p>Dok je tipka <strong>IZBOR\/UPIS<\/strong> pritisnuta ure\u0111aj pokazuje trenutnu fazu su\u0161enja, trenutno zadanu temperaturu i trenutno zadanu relativnu vlagu i informaciju \u201ebure\u201c, prije nego \u0161to poka\u017ee izmjerene vrijednosti.<\/td>\n<\/tr>\n<\/tbody>\n<\/table>\n","protected":false},"excerpt":{"rendered":"<p>Tobacco-4S set: Automatika Tobacco-4S + servo motor+senzori temperature i relativne vlage + sirena Ure\u0111aj je specijalno dizajniran za automatsko reguliranje i vo\u0111enje procesa su\u0161enja, na osnovu zadanog programa. Ure\u0111aj ima 10 nepromjenljivih programa napravljenih prema zrelosti duhana i du\u017eini (veli\u010dini) lista (npr. normalno zreli \u2013 kratki,\u00a0 normalno dugi list) i 10 korisni\u010dkih programa \u010diji se [&hellip;]<\/p>\n","protected":false},"featured_media":1221,"template":"","meta":{"_links_to":"","_links_to_target":""},"product_cat":[154],"product_tag":[],"_links":{"self":[{"href":"https:\/\/asel.hr\/webshop\/wp-json\/wp\/v2\/product\/1719"}],"collection":[{"href":"https:\/\/asel.hr\/webshop\/wp-json\/wp\/v2\/product"}],"about":[{"href":"https:\/\/asel.hr\/webshop\/wp-json\/wp\/v2\/types\/product"}],"wp:featuredmedia":[{"embeddable":true,"href":"https:\/\/asel.hr\/webshop\/wp-json\/wp\/v2\/media\/1221"}],"wp:attachment":[{"href":"https:\/\/asel.hr\/webshop\/wp-json\/wp\/v2\/media?parent=1719"}],"wp:term":[{"taxonomy":"product_cat","embeddable":true,"href":"https:\/\/asel.hr\/webshop\/wp-json\/wp\/v2\/product_cat?post=1719"},{"taxonomy":"product_tag","embeddable":true,"href":"https:\/\/asel.hr\/webshop\/wp-json\/wp\/v2\/product_tag?post=1719"}],"curies":[{"name":"wp","href":"https:\/\/api.w.org\/{rel}","templated":true}]}}