{"id":1718,"date":"2018-05-28T14:01:28","date_gmt":"2018-05-28T12:01:28","guid":{"rendered":"http:\/\/asel.hr\/webshop\/proizvod\/tobacco-4a-set-bez-motora\/"},"modified":"2026-04-18T03:55:17","modified_gmt":"2026-04-18T01:55:17","slug":"tobacco-4a-set-bez-motora","status":"publish","type":"product","link":"https:\/\/asel.hr\/webshop\/proizvod\/tobacco-4a-set-bez-motora\/","title":{"rendered":"Tobacco-4S set bez motora"},"content":{"rendered":"<p>Specijalno dizajniran za proces su\u0161enja duhana. Mjeri suhu i vla\u017enu temperaturu<br \/>\nili relativnu vlagu (podru\u010dje 0% &#8211; 100%) u su\u0161arama i regulira ih izlazima za<br \/>\nuljne ili plinske gorionike i servo motorima kojima otvara ili zatvara zaklopke<br \/>\nte posjeduje izlaz koji se spaja za alarm. TOBACCO-4S ure\u0111aj provjerava sam<br \/>\nsebe i sve vitalne dijelove su\u0161are.<\/p>\n<p>Program za su\u0161enje se sastoji od devet programabilnih to\u010daka<br \/>\n(vrijeme, suha i vla\u017ena temperatura). Tobbacco-4S se mo\u017ee koristiti<br \/>\nza proces su\u0161enja i drugih poljoprivrednih proizvoda (vo\u0107a, povr\u0107a, kamilice, mentola, bazge, &#8230;)<br \/>\nmjere\u0107i relativnu vlagu: opseg 0 &#8211; 100%<\/p>\n","protected":false},"excerpt":{"rendered":"<p>Specijalno dizajniran za proces su\u0161enja duhana. Mjeri suhu i vla\u017enu temperaturu ili relativnu vlagu (podru\u010dje 0% &#8211; 100%) u su\u0161arama i regulira ih izlazima za uljne ili plinske gorionike i servo motorima kojima otvara ili zatvara zaklopke te posjeduje izlaz koji se spaja za alarm. TOBACCO-4S ure\u0111aj provjerava sam sebe i sve vitalne dijelove su\u0161are. [&hellip;]<\/p>\n","protected":false},"featured_media":1219,"template":"","meta":{"_links_to":"","_links_to_target":""},"product_cat":[154],"product_tag":[],"_links":{"self":[{"href":"https:\/\/asel.hr\/webshop\/wp-json\/wp\/v2\/product\/1718"}],"collection":[{"href":"https:\/\/asel.hr\/webshop\/wp-json\/wp\/v2\/product"}],"about":[{"href":"https:\/\/asel.hr\/webshop\/wp-json\/wp\/v2\/types\/product"}],"wp:featuredmedia":[{"embeddable":true,"href":"https:\/\/asel.hr\/webshop\/wp-json\/wp\/v2\/media\/1219"}],"wp:attachment":[{"href":"https:\/\/asel.hr\/webshop\/wp-json\/wp\/v2\/media?parent=1718"}],"wp:term":[{"taxonomy":"product_cat","embeddable":true,"href":"https:\/\/asel.hr\/webshop\/wp-json\/wp\/v2\/product_cat?post=1718"},{"taxonomy":"product_tag","embeddable":true,"href":"https:\/\/asel.hr\/webshop\/wp-json\/wp\/v2\/product_tag?post=1718"}],"curies":[{"name":"wp","href":"https:\/\/api.w.org\/{rel}","templated":true}]}}