{"id":1716,"date":"2018-05-28T14:01:24","date_gmt":"2018-05-28T12:01:24","guid":{"rendered":"http:\/\/asel.hr\/webshop\/proizvod\/vitaflora-24-bez-senzora\/"},"modified":"2026-04-17T03:55:16","modified_gmt":"2026-04-17T01:55:16","slug":"vitaflora-24-bez-senzora","status":"publish","type":"product","link":"https:\/\/asel.hr\/webshop\/proizvod\/vitaflora-24-bez-senzora\/","title":{"rendered":"Vitaflora 24 (bez senzora)"},"content":{"rendered":"<p>KONTROLER ZA PLASTENIKE<\/p>\n<p>VITAFLORA 24 je profesionalni ure\u0111aj prvenstveno namijenjen za<br \/>\nupravljanje navodnjavanja preko korijena i prskanjem u staklenicima, plastenicima ili otvorenim poljima.<br \/>\nNiz dodatnih specijalnih funkcija \u010dine ga izuzetno prikladnim i<br \/>\nkorisnim jer rje\u0161ava i one funkcije za koje je do sada trebala razna druga oprema.<\/p>\n<p>Ure\u0111aj ima 5 ulaza za priklju\u010denje senzora koji prate uvjete<br \/>\nna nadziranoj povr\u0161ini (temperatura, vlaga, osvijetljenost,&#8230;) i 24 izlaza.<br \/>\nSvi se izlazi mogu koristiti za navodnjavanje.<br \/>\nIzlaze od 17 do 24 korisnik mo\u017ee programirati za specijalne namjene kao \u0161to su:<br \/>\npumpa za vodu, grija\u010di, umjetna rasvjeta, otvaranje i zatvaranje otvora za prozra\u010divanje, ventilacija, zamagljiva\u010di.<\/p>\n<p>Tehni\u010dke karakteristike<\/p>\n<p>Napajanje: 230V 50Hz<br \/>\nPriklju\u010dna snaga: 60W<br \/>\nUkupni broj izlaza: 24<br \/>\nTip izlaza: Relejni, 24V AC (izmjeni\u010dno)do 0,25A<br \/>\nBroj ulaza: 5<br \/>\nTip ulaza: 0-5V<br \/>\nZa\u0161tita ure\u0111aja: Temperaturna i prekostrujna<br \/>\nNapajanje sata: Ugra\u0111eni akumulator 3,6V 65mAh<br \/>\nBroj programa: 10<br \/>\nNajvi\u0161e uklju\u010denja: 12 po programu na dan<br \/>\nTrajanje ciklusa: od 1 do 31 dan sa ili bez ponavljanja<br \/>\nMaksimalni broj uklju\u010denih stanica &#8211; istovremeno: 10<\/p>\n","protected":false},"excerpt":{"rendered":"<p>KONTROLER ZA PLASTENIKE VITAFLORA 24 je profesionalni ure\u0111aj prvenstveno namijenjen za upravljanje navodnjavanja preko korijena i prskanjem u staklenicima, plastenicima ili otvorenim poljima. Niz dodatnih specijalnih funkcija \u010dine ga izuzetno prikladnim i korisnim jer rje\u0161ava i one funkcije za koje je do sada trebala razna druga oprema. Ure\u0111aj ima 5 ulaza za priklju\u010denje senzora koji [&hellip;]<\/p>\n","protected":false},"featured_media":1216,"template":"","meta":{"_links_to":"","_links_to_target":""},"product_cat":[129],"product_tag":[],"_links":{"self":[{"href":"https:\/\/asel.hr\/webshop\/wp-json\/wp\/v2\/product\/1716"}],"collection":[{"href":"https:\/\/asel.hr\/webshop\/wp-json\/wp\/v2\/product"}],"about":[{"href":"https:\/\/asel.hr\/webshop\/wp-json\/wp\/v2\/types\/product"}],"wp:featuredmedia":[{"embeddable":true,"href":"https:\/\/asel.hr\/webshop\/wp-json\/wp\/v2\/media\/1216"}],"wp:attachment":[{"href":"https:\/\/asel.hr\/webshop\/wp-json\/wp\/v2\/media?parent=1716"}],"wp:term":[{"taxonomy":"product_cat","embeddable":true,"href":"https:\/\/asel.hr\/webshop\/wp-json\/wp\/v2\/product_cat?post=1716"},{"taxonomy":"product_tag","embeddable":true,"href":"https:\/\/asel.hr\/webshop\/wp-json\/wp\/v2\/product_tag?post=1716"}],"curies":[{"name":"wp","href":"https:\/\/api.w.org\/{rel}","templated":true}]}}