{"id":1712,"date":"2018-05-28T14:01:24","date_gmt":"2018-05-28T12:01:24","guid":{"rendered":"http:\/\/asel.hr\/webshop\/proizvod\/progresivni-higrostat-ph-2\/"},"modified":"2026-05-13T03:55:30","modified_gmt":"2026-05-13T01:55:30","slug":"progresivni-higrostat-ph-2","status":"publish","type":"product","link":"https:\/\/asel.hr\/webshop\/proizvod\/progresivni-higrostat-ph-2\/","title":{"rendered":"Progresivni higrostat PH-2"},"content":{"rendered":"<p>Progresivni higrostat PH-2 + senzor relativne vlage, kabel 5 metara<\/p>\n<p>&#8211; PH-2 je mikroprocesorski progresivni higrostat univerzalne namjene.<br \/>\nNa osnovu programirane po\u010detne (RH1) i krajnje relativne vlage (RH2),<br \/>\nte vremena (sati), ure\u0111aj otvaranjem i zatvaranjem zaklopki regulira<br \/>\nrelativnu vlagu u su\u0161ari ili drugom prostoru. Ure\u0111aj mjeri i temperature.<br \/>\nomogu\u0107uje 2 na\u010dina rada:<br \/>\n-Automatski mod rada &#8211; ovom modu ure\u0111aj mjeri relativnu vlagu i temperaturu u su\u0161ari te vr\u0161i regulaciju relativne vlage<br \/>\n-Ru\u010dni mod rada &#8211; U ovom modu ure\u0111aj mjeri relativnu vlagu i temperaturu u su\u0161ari ali ne vr\u0161i regulaciju relativne vlage. Relativna vlaga se regulira ru\u010dnim otvaranjem zaklopki<\/p>\n","protected":false},"excerpt":{"rendered":"<p>Progresivni higrostat PH-2 + senzor relativne vlage, kabel 5 metara &#8211; PH-2 je mikroprocesorski progresivni higrostat univerzalne namjene. Na osnovu programirane po\u010detne (RH1) i krajnje relativne vlage (RH2), te vremena (sati), ure\u0111aj otvaranjem i zatvaranjem zaklopki regulira relativnu vlagu u su\u0161ari ili drugom prostoru. Ure\u0111aj mjeri i temperature. omogu\u0107uje 2 na\u010dina rada: -Automatski mod rada [&hellip;]<\/p>\n","protected":false},"featured_media":305,"template":"","meta":{"_links_to":"","_links_to_target":""},"product_cat":[151],"product_tag":[],"_links":{"self":[{"href":"https:\/\/asel.hr\/webshop\/wp-json\/wp\/v2\/product\/1712"}],"collection":[{"href":"https:\/\/asel.hr\/webshop\/wp-json\/wp\/v2\/product"}],"about":[{"href":"https:\/\/asel.hr\/webshop\/wp-json\/wp\/v2\/types\/product"}],"wp:featuredmedia":[{"embeddable":true,"href":"https:\/\/asel.hr\/webshop\/wp-json\/wp\/v2\/media\/305"}],"wp:attachment":[{"href":"https:\/\/asel.hr\/webshop\/wp-json\/wp\/v2\/media?parent=1712"}],"wp:term":[{"taxonomy":"product_cat","embeddable":true,"href":"https:\/\/asel.hr\/webshop\/wp-json\/wp\/v2\/product_cat?post=1712"},{"taxonomy":"product_tag","embeddable":true,"href":"https:\/\/asel.hr\/webshop\/wp-json\/wp\/v2\/product_tag?post=1712"}],"curies":[{"name":"wp","href":"https:\/\/api.w.org\/{rel}","templated":true}]}}