{"id":1641,"date":"2018-05-28T14:01:11","date_gmt":"2018-05-28T12:01:11","guid":{"rendered":"http:\/\/asel.hr\/webshop\/proizvod\/kabelske-cijevcice-za-zice-en0756\/"},"modified":"2026-04-23T03:55:13","modified_gmt":"2026-04-23T01:55:13","slug":"kabelske-cijevcice-za-zice-en0756","status":"publish","type":"product","link":"https:\/\/asel.hr\/webshop\/proizvod\/kabelske-cijevcice-za-zice-en0756\/","title":{"rendered":"Kabelske cijev\u010dice za \u017eice EN0756"},"content":{"rendered":"<p>Kabelske cijev\u010dice za \u017eice EN0756 0,75mm 6mm<\/p>\n","protected":false},"excerpt":{"rendered":"<p>Kabelske cijev\u010dice za \u017eice EN0756 0,75mm 6mm<\/p>\n","protected":false},"featured_media":412,"template":"","meta":{"_links_to":"","_links_to_target":""},"product_cat":[142],"product_tag":[],"_links":{"self":[{"href":"https:\/\/asel.hr\/webshop\/wp-json\/wp\/v2\/product\/1641"}],"collection":[{"href":"https:\/\/asel.hr\/webshop\/wp-json\/wp\/v2\/product"}],"about":[{"href":"https:\/\/asel.hr\/webshop\/wp-json\/wp\/v2\/types\/product"}],"wp:featuredmedia":[{"embeddable":true,"href":"https:\/\/asel.hr\/webshop\/wp-json\/wp\/v2\/media\/412"}],"wp:attachment":[{"href":"https:\/\/asel.hr\/webshop\/wp-json\/wp\/v2\/media?parent=1641"}],"wp:term":[{"taxonomy":"product_cat","embeddable":true,"href":"https:\/\/asel.hr\/webshop\/wp-json\/wp\/v2\/product_cat?post=1641"},{"taxonomy":"product_tag","embeddable":true,"href":"https:\/\/asel.hr\/webshop\/wp-json\/wp\/v2\/product_tag?post=1641"}],"curies":[{"name":"wp","href":"https:\/\/api.w.org\/{rel}","templated":true}]}}