{"id":1637,"date":"2018-05-28T14:01:07","date_gmt":"2018-05-28T12:01:07","guid":{"rendered":"http:\/\/asel.hr\/webshop\/proizvod\/kabelske-cijevcice-za-zice-en6012\/"},"modified":"2026-04-15T03:55:12","modified_gmt":"2026-04-15T01:55:12","slug":"kabelske-cijevcice-za-zice-en6012","status":"publish","type":"product","link":"https:\/\/asel.hr\/webshop\/proizvod\/kabelske-cijevcice-za-zice-en6012\/","title":{"rendered":"Kabelske cijev\u010dice za \u017eice EN6012"},"content":{"rendered":"<p>Kabelske cijev\u010dice za \u017eice EN6012 6mm2 12mm<\/p>\n","protected":false},"excerpt":{"rendered":"<p>Kabelske cijev\u010dice za \u017eice EN6012 6mm2 12mm<\/p>\n","protected":false},"featured_media":412,"template":"","meta":{"_links_to":"","_links_to_target":""},"product_cat":[142],"product_tag":[],"_links":{"self":[{"href":"https:\/\/asel.hr\/webshop\/wp-json\/wp\/v2\/product\/1637"}],"collection":[{"href":"https:\/\/asel.hr\/webshop\/wp-json\/wp\/v2\/product"}],"about":[{"href":"https:\/\/asel.hr\/webshop\/wp-json\/wp\/v2\/types\/product"}],"wp:featuredmedia":[{"embeddable":true,"href":"https:\/\/asel.hr\/webshop\/wp-json\/wp\/v2\/media\/412"}],"wp:attachment":[{"href":"https:\/\/asel.hr\/webshop\/wp-json\/wp\/v2\/media?parent=1637"}],"wp:term":[{"taxonomy":"product_cat","embeddable":true,"href":"https:\/\/asel.hr\/webshop\/wp-json\/wp\/v2\/product_cat?post=1637"},{"taxonomy":"product_tag","embeddable":true,"href":"https:\/\/asel.hr\/webshop\/wp-json\/wp\/v2\/product_tag?post=1637"}],"curies":[{"name":"wp","href":"https:\/\/api.w.org\/{rel}","templated":true}]}}