{"id":1594,"date":"2018-05-28T14:00:59","date_gmt":"2018-05-28T12:00:59","guid":{"rendered":"http:\/\/asel.hr\/webshop\/proizvod\/plazma-rezalica-lgk-100-rucna\/"},"modified":"2026-04-23T03:55:13","modified_gmt":"2026-04-23T01:55:13","slug":"plazma-rezalica-lgk-100-rucna","status":"publish","type":"product","link":"https:\/\/asel.hr\/webshop\/proizvod\/plazma-rezalica-lgk-100-rucna\/","title":{"rendered":"PLAZMA rezalica LGK-100 ru\u010dna"},"content":{"rendered":"<p>re\u017ee do 40mm \u010delik<\/p>\n","protected":false},"excerpt":{"rendered":"<p>re\u017ee do 40mm \u010delik<\/p>\n","protected":false},"featured_media":456,"template":"","meta":{"_links_to":"","_links_to_target":""},"product_cat":[140],"product_tag":[],"_links":{"self":[{"href":"https:\/\/asel.hr\/webshop\/wp-json\/wp\/v2\/product\/1594"}],"collection":[{"href":"https:\/\/asel.hr\/webshop\/wp-json\/wp\/v2\/product"}],"about":[{"href":"https:\/\/asel.hr\/webshop\/wp-json\/wp\/v2\/types\/product"}],"wp:featuredmedia":[{"embeddable":true,"href":"https:\/\/asel.hr\/webshop\/wp-json\/wp\/v2\/media\/456"}],"wp:attachment":[{"href":"https:\/\/asel.hr\/webshop\/wp-json\/wp\/v2\/media?parent=1594"}],"wp:term":[{"taxonomy":"product_cat","embeddable":true,"href":"https:\/\/asel.hr\/webshop\/wp-json\/wp\/v2\/product_cat?post=1594"},{"taxonomy":"product_tag","embeddable":true,"href":"https:\/\/asel.hr\/webshop\/wp-json\/wp\/v2\/product_tag?post=1594"}],"curies":[{"name":"wp","href":"https:\/\/api.w.org\/{rel}","templated":true}]}}