{"id":1591,"date":"2018-05-28T14:00:59","date_gmt":"2018-05-28T12:00:59","guid":{"rendered":"http:\/\/asel.hr\/webshop\/proizvod\/kuciste-releja-mk3p\/"},"modified":"2026-04-25T03:00:20","modified_gmt":"2026-04-25T01:00:20","slug":"kuciste-releja-mk3p","status":"publish","type":"product","link":"https:\/\/asel.hr\/webshop\/proizvod\/kuciste-releja-mk3p\/","title":{"rendered":"Ku\u0107i\u0161te releja MK3P"},"content":{"rendered":"<p>Ku\u0107i\u0161te releja MK3P<\/p>\n","protected":false},"excerpt":{"rendered":"<p>Ku\u0107i\u0161te releja MK3P<\/p>\n","protected":false},"featured_media":458,"template":"","meta":{"_links_to":"","_links_to_target":""},"product_cat":[139],"product_tag":[],"_links":{"self":[{"href":"https:\/\/asel.hr\/webshop\/wp-json\/wp\/v2\/product\/1591"}],"collection":[{"href":"https:\/\/asel.hr\/webshop\/wp-json\/wp\/v2\/product"}],"about":[{"href":"https:\/\/asel.hr\/webshop\/wp-json\/wp\/v2\/types\/product"}],"wp:featuredmedia":[{"embeddable":true,"href":"https:\/\/asel.hr\/webshop\/wp-json\/wp\/v2\/media\/458"}],"wp:attachment":[{"href":"https:\/\/asel.hr\/webshop\/wp-json\/wp\/v2\/media?parent=1591"}],"wp:term":[{"taxonomy":"product_cat","embeddable":true,"href":"https:\/\/asel.hr\/webshop\/wp-json\/wp\/v2\/product_cat?post=1591"},{"taxonomy":"product_tag","embeddable":true,"href":"https:\/\/asel.hr\/webshop\/wp-json\/wp\/v2\/product_tag?post=1591"}],"curies":[{"name":"wp","href":"https:\/\/api.w.org\/{rel}","templated":true}]}}