{"id":1557,"date":"2018-05-28T14:00:50","date_gmt":"2018-05-28T12:00:50","guid":{"rendered":"http:\/\/asel.hr\/webshop\/proizvod\/otprasivac-duhana-kamilice\/"},"modified":"2026-05-13T03:55:07","modified_gmt":"2026-05-13T01:55:07","slug":"otprasivac-duhana-kamilice","status":"publish","type":"product","link":"https:\/\/asel.hr\/webshop\/proizvod\/otprasivac-duhana-kamilice\/","title":{"rendered":"Otpra\u0161iva\u010d duhana\/kamilice"},"content":{"rendered":"<p>Ovaj ure\u0111aj se koristi za skidanje pra\u0161ine sa duhana,<br \/>\nkamilice i ostalih proizvoda tako da mo\u017eete dobiti \u010distiju<br \/>\ni bolju klasu za Va\u0161e proizvode.<\/p>\n<p>Radi na principu okretanja oko svoje osi gdje efektivno skida pra\u0161inu sa Va\u0161ih proizvoda.<\/p>\n<p>Karakteristike:<br \/>\n\u2013 podesiva visina<br \/>\n\u2013 podesiva brzina protoka duhana kroz otpra\u0161iva\u010d<br \/>\n\u2013 otpra\u0161ivanje duhana bez o\u0161te\u010divanja<br \/>\n\u2013 vrlo jednostavan za rukovanje<\/p>\n","protected":false},"excerpt":{"rendered":"<p>Ovaj ure\u0111aj se koristi za skidanje pra\u0161ine sa duhana, kamilice i ostalih proizvoda tako da mo\u017eete dobiti \u010distiju i bolju klasu za Va\u0161e proizvode. Radi na principu okretanja oko svoje osi gdje efektivno skida pra\u0161inu sa Va\u0161ih proizvoda. Karakteristike: \u2013 podesiva visina \u2013 podesiva brzina protoka duhana kroz otpra\u0161iva\u010d \u2013 otpra\u0161ivanje duhana bez o\u0161te\u010divanja \u2013 [&hellip;]<\/p>\n","protected":false},"featured_media":921,"template":"","meta":{"_links_to":"","_links_to_target":""},"product_cat":[137],"product_tag":[],"_links":{"self":[{"href":"https:\/\/asel.hr\/webshop\/wp-json\/wp\/v2\/product\/1557"}],"collection":[{"href":"https:\/\/asel.hr\/webshop\/wp-json\/wp\/v2\/product"}],"about":[{"href":"https:\/\/asel.hr\/webshop\/wp-json\/wp\/v2\/types\/product"}],"wp:featuredmedia":[{"embeddable":true,"href":"https:\/\/asel.hr\/webshop\/wp-json\/wp\/v2\/media\/921"}],"wp:attachment":[{"href":"https:\/\/asel.hr\/webshop\/wp-json\/wp\/v2\/media?parent=1557"}],"wp:term":[{"taxonomy":"product_cat","embeddable":true,"href":"https:\/\/asel.hr\/webshop\/wp-json\/wp\/v2\/product_cat?post=1557"},{"taxonomy":"product_tag","embeddable":true,"href":"https:\/\/asel.hr\/webshop\/wp-json\/wp\/v2\/product_tag?post=1557"}],"curies":[{"name":"wp","href":"https:\/\/api.w.org\/{rel}","templated":true}]}}