{"id":1545,"date":"2018-05-28T14:00:50","date_gmt":"2018-05-28T12:00:50","guid":{"rendered":"http:\/\/asel.hr\/webshop\/proizvod\/regulator-lcd-usb-timer-20a-12-24v\/"},"modified":"2026-05-16T03:55:13","modified_gmt":"2026-05-16T01:55:13","slug":"regulator-lcd-usb-timer-20a-12-24v","status":"publish","type":"product","link":"https:\/\/asel.hr\/webshop\/proizvod\/regulator-lcd-usb-timer-20a-12-24v\/","title":{"rendered":"Regulator LCD-USB-timer 20A 12\/24V"},"content":{"rendered":"<p>Nazivni napon 12V \/24VDC<br \/>\nNazivna struja 20A<br \/>\nZa\u0161tita prepunjavanja 14,6 VDC\/29,2VDC<br \/>\nNapon isklju\u010denja za\u0161tite od pra\u017enjenja 10,8 VDC\/21,6VDC<br \/>\nNapon ponovnog uspostavljanja za\u0161tite od pra\u017enjenja 12,2VDC\/24,4VDC<br \/>\nPad napona izme\u0111u ulaza i baterije 0,5VDC<br \/>\nPad napona izme\u0111u baterije i tro\u0161ila 0,2VDC<br \/>\nVlastita potro\u0161nja <5mA\n\nDozvoljena radna temperatura okoline -35 ~+55\u00b0C\nNadmorska visina <5500m\n\nDimenzije 133x70x35mm\nTemp.kompenzacijski faktor -30mV\/\u00b0C \/ -60mV\/\u00b0C\nRegulator punjenja - slu\u017ei za reguliranje punjenja solarnih baterija\n\nSolarni regulator punjenja je optimalno dizajniran mikroprocesorski\nure\u0111aj sa izvrsnim svojstvima .\nUre\u0111aj je dizajniran za ku\u0107ne solarne sustave i izdvojene solarne stanice.\n\n- PWM (pulsno \u0161irinska modulacija) punjenja s visokom efikasno\u0161\u0107u\n- za\u0161tita od zamjene polariteta baterije, podnaponska i prenaponska za\u0161tita\n- za\u0161tita protiv kratkog spoja na izlazu, prevelike struje i preoptere\u0107enja.\n- za\u0161tita protiv kratkog spoja panela\n- za\u0161tita protiv otvorenog kruga baterija (prekida u krugu baterije)\n- precizno upravljanje naponima\n- LCD display\n\n\n<style>\n  .btn {\n    background-color: DodgerBlue;\n    border: none;\n    color: white;\n    cursor: pointer;\n    font-size: 20px;<\/p>\n<p>  }<\/p>\n<p>  \/* Darker background on mouse-over *\/\n  .btn:hover {\n    background-color: RoyalBlue;\n  }<\/p>\n<\/style>\n<p><a href=\"https:\/\/asel.hr\/webshop\/wp-content\/uploads\/2018\/05\/Regulatori-10A-20A-30A-50A-2USB.pdf\"><br \/>\n<button class=\"btn\" ><i class=\"fa fa-download\" style=\"font-size: 25px;\"><\/i> Preuzmi Specifikacije\u3164<\/button><br \/>\n<\/a><\/p>\n<p><a href=\"https:\/\/asel.hr\/webshop\/wp-content\/uploads\/2024\/04\/Jamstvo%20Solarni%20regulator.pdf\"><br \/>\n<button class=\"btn\" ><i class=\"fa fa-download\" style=\"font-size: 25px;\"><\/i> Preuzmi Jamstvene uvjete\u3164<\/button><br \/>\n<\/a><\/p>\n","protected":false},"excerpt":{"rendered":"<p>Nazivni napon 12V \/24VDC Nazivna struja 20A Za\u0161tita prepunjavanja 14,6 VDC\/29,2VDC Napon isklju\u010denja za\u0161tite od pra\u017enjenja 10,8 VDC\/21,6VDC Napon ponovnog uspostavljanja za\u0161tite od pra\u017enjenja 12,2VDC\/24,4VDC Pad napona izme\u0111u ulaza i baterije 0,5VDC Pad napona izme\u0111u baterije i tro\u0161ila 0,2VDC Vlastita potro\u0161nja<\/p>\n","protected":false},"featured_media":5679,"template":"","meta":{"_links_to":"","_links_to_target":""},"product_cat":[124],"product_tag":[],"_links":{"self":[{"href":"https:\/\/asel.hr\/webshop\/wp-json\/wp\/v2\/product\/1545"}],"collection":[{"href":"https:\/\/asel.hr\/webshop\/wp-json\/wp\/v2\/product"}],"about":[{"href":"https:\/\/asel.hr\/webshop\/wp-json\/wp\/v2\/types\/product"}],"wp:featuredmedia":[{"embeddable":true,"href":"https:\/\/asel.hr\/webshop\/wp-json\/wp\/v2\/media\/5679"}],"wp:attachment":[{"href":"https:\/\/asel.hr\/webshop\/wp-json\/wp\/v2\/media?parent=1545"}],"wp:term":[{"taxonomy":"product_cat","embeddable":true,"href":"https:\/\/asel.hr\/webshop\/wp-json\/wp\/v2\/product_cat?post=1545"},{"taxonomy":"product_tag","embeddable":true,"href":"https:\/\/asel.hr\/webshop\/wp-json\/wp\/v2\/product_tag?post=1545"}],"curies":[{"name":"wp","href":"https:\/\/api.w.org\/{rel}","templated":true}]}}