{"id":1501,"date":"2018-05-28T14:00:43","date_gmt":"2018-05-28T12:00:43","guid":{"rendered":"http:\/\/asel.hr\/webshop\/proizvod\/paket-big-extra-mono\/"},"modified":"2026-05-13T03:55:33","modified_gmt":"2026-05-13T01:55:33","slug":"paket-big-extra-mono","status":"publish","type":"product","link":"https:\/\/asel.hr\/webshop\/proizvod\/paket-big-extra-mono\/","title":{"rendered":"AS-MALI"},"content":{"rendered":"<p>Set fotonaponskog sustava za :<br \/>\n\u2013 rasvjeta 2-3 LED sijalica, TV, Mobitel, Laptop<br \/>\nSet uklju\u010duje:<\/p>\n<p>\u2013 1 x 285W Amerisolar polikristal<br \/>\n\u2013 2 x 55Ah GEL solarne baterije<br \/>\n\u2013 Pretvara\u010d 1kW, 24V modificirani sinus<br \/>\n\u2013 1 x MC4 konektor solarni<br \/>\n&#8211; Regulator 20A LCD, USB dem1<br \/>\n&#8211; Konstrukcija za panel, kosi<\/p>\n<p>Opcija: mo\u017eete sve stavke iz seta mijenjati po Va\u0161em izboru i tra\u017eiti novu ponudu.<\/p>\n","protected":false},"excerpt":{"rendered":"<p>Set fotonaponskog sustava za : \u2013 rasvjeta 2-3 LED sijalica, TV, Mobitel, Laptop Set uklju\u010duje: \u2013 1 x 285W Amerisolar polikristal \u2013 2 x 55Ah GEL solarne baterije \u2013 Pretvara\u010d 1kW, 24V modificirani sinus \u2013 1 x MC4 konektor solarni &#8211; Regulator 20A LCD, USB dem1 &#8211; Konstrukcija za panel, kosi Opcija: mo\u017eete sve stavke [&hellip;]<\/p>\n","protected":false},"featured_media":644,"template":"","meta":{"_links_to":"","_links_to_target":""},"product_cat":[184],"product_tag":[],"_links":{"self":[{"href":"https:\/\/asel.hr\/webshop\/wp-json\/wp\/v2\/product\/1501"}],"collection":[{"href":"https:\/\/asel.hr\/webshop\/wp-json\/wp\/v2\/product"}],"about":[{"href":"https:\/\/asel.hr\/webshop\/wp-json\/wp\/v2\/types\/product"}],"wp:featuredmedia":[{"embeddable":true,"href":"https:\/\/asel.hr\/webshop\/wp-json\/wp\/v2\/media\/644"}],"wp:attachment":[{"href":"https:\/\/asel.hr\/webshop\/wp-json\/wp\/v2\/media?parent=1501"}],"wp:term":[{"taxonomy":"product_cat","embeddable":true,"href":"https:\/\/asel.hr\/webshop\/wp-json\/wp\/v2\/product_cat?post=1501"},{"taxonomy":"product_tag","embeddable":true,"href":"https:\/\/asel.hr\/webshop\/wp-json\/wp\/v2\/product_tag?post=1501"}],"curies":[{"name":"wp","href":"https:\/\/api.w.org\/{rel}","templated":true}]}}