{"id":1500,"date":"2018-05-28T14:00:43","date_gmt":"2018-05-28T12:00:43","guid":{"rendered":"http:\/\/asel.hr\/webshop\/proizvod\/paket-profi\/"},"modified":"2026-04-24T03:00:25","modified_gmt":"2026-04-24T01:00:25","slug":"paket-profi","status":"publish","type":"product","link":"https:\/\/asel.hr\/webshop\/proizvod\/paket-profi\/","title":{"rendered":"AS-MEDIUM"},"content":{"rendered":"<p>Set uklju\u010duje:<br \/>\n285W POLY Solarni panel 24V<br \/>\nHV6 BATERIJA 55Ah 12V solar<br \/>\nPRETVARA\u010c 1000W 24V SINUS<br \/>\nRegulator 20A sa timerom 12\/24<br \/>\nkonektor MC4 solarni<\/p>\n<p>&nbsp;<\/p>\n<p class=\"m_-6463340769513887061MsoNoSpacing\">Solarni fotonaponski moduli su namijenjeni pretvorbi besplatne i beskona\u010dne sun\u010deve energije u elektri\u010dnu.<u><\/u><u><\/u><\/p>\n<p class=\"m_-6463340769513887061MsoNoSpacing\"><span class=\"m_-6463340769513887061style25\">Visoka efikasnost solarnih \u0107elija osigurava visoku u\u010dinkovitost solarnih modula<\/span><u><\/u><u><\/u><\/p>\n<p class=\"m_-6463340769513887061MsoNoSpacing\"><span class=\"m_-6463340769513887061style25\">Vrhunski solarni paneli 285W poly, imaju toleranciju od 0 do + 5% i svaki je ispitan na snagu.<\/span><u><\/u><u><\/u><\/p>\n<p class=\"m_-6463340769513887061MsoNoSpacing\">JAMSTVO NA SNAGU 80% OD NOMINALNE SNAGE ZA 30.g.<br \/>\n<img decoding=\"async\" loading=\"lazy\" id=\"m_-6463340769513887061Slika_x0020_4\" class=\"CToWUd\" src=\"https:\/\/mail.google.com\/mail\/u\/2?ui=2&amp;ik=8955db9243&amp;attid=0.0.1&amp;permmsgid=msg-f:1668541576784796052&amp;th=1727d9b9493a5994&amp;view=fimg&amp;sz=s0-l75-ft&amp;attbid=ANGjdJ_frkhsED8LF0xSErlb6BQ3fLB9GXy2ksS7pOQcYvxM6b4UzuErTmHQZ7NsC_3lOxGYviFMaJFU-lnWOaWMt8M78rD3UMMr6f8bBs54qfKI1nnVrCU_QMFbYqc&amp;disp=emb\" alt=\"http:\/\/www.asel.hr\/Asel\/html\/images\/small.jpg\" width=\"6\" height=\"6\" data-image-whitelisted=\"\" \/><span class=\"m_-6463340769513887061style25\">najbolje tehnolo\u0161ko rje\u0161enje za fotonaponske \u0107elije<\/span><br \/>\n<img decoding=\"async\" loading=\"lazy\" id=\"m_-6463340769513887061Slika_x0020_3\" class=\"CToWUd\" src=\"https:\/\/mail.google.com\/mail\/u\/2?ui=2&amp;ik=8955db9243&amp;attid=0.0.1&amp;permmsgid=msg-f:1668541576784796052&amp;th=1727d9b9493a5994&amp;view=fimg&amp;sz=s0-l75-ft&amp;attbid=ANGjdJ9ejfIITSJxW4kGdUHBItwLGbf8JIU3sS9ceswBJOhsDglHTn-UhkaR-GV2kiZtyjIOZswtIX1c5RpUHZuQvn2aa_eFoCkUS4oVtQTqHNPakpqa8sjNWi7ridY&amp;disp=emb\" alt=\"http:\/\/www.asel.hr\/Asel\/html\/images\/small.jpg\" width=\"6\" height=\"6\" data-image-whitelisted=\"\" \/><span class=\"m_-6463340769513887061style25\">najve\u0107i prijenos energije sa malom refleksijom stakla<\/span><br \/>\n<img decoding=\"async\" loading=\"lazy\" id=\"m_-6463340769513887061Slika_x0020_2\" class=\"CToWUd\" src=\"https:\/\/mail.google.com\/mail\/u\/2?ui=2&amp;ik=8955db9243&amp;attid=0.0.1&amp;permmsgid=msg-f:1668541576784796052&amp;th=1727d9b9493a5994&amp;view=fimg&amp;sz=s0-l75-ft&amp;attbid=ANGjdJ9-rOC69pB6AoejqBRb4YO1G1y-rORfxQPxQiOaadPLBsrKtTAYWE5kczC11-2dIjImrH6pTIiAtz1C1HYas3h8ZtKkzev7GURo07-g4xMmf_alrhdQB81irTk&amp;disp=emb\" alt=\"http:\/\/www.asel.hr\/Asel\/html\/images\/small.jpg\" width=\"6\" height=\"6\" data-image-whitelisted=\"\" \/><span class=\"m_-6463340769513887061style25\">anti-reflektiraju\u0107i pokrov i visoko prozirno staklo pove\u0107ava izlaznu snagu i mehani\u010dku snagu solarnog modula<\/span><br \/>\n<img decoding=\"async\" loading=\"lazy\" id=\"m_-6463340769513887061Slika_x0020_1\" class=\"CToWUd\" src=\"https:\/\/mail.google.com\/mail\/u\/2?ui=2&amp;ik=8955db9243&amp;attid=0.0.1&amp;permmsgid=msg-f:1668541576784796052&amp;th=1727d9b9493a5994&amp;view=fimg&amp;sz=s0-l75-ft&amp;attbid=ANGjdJ9RRGrigI19-NMulv2YsTkx8ro2QtzWDDZlhQDT_AlRoKJIrR9gKXyLHNJKTAY9THnBXovCgknYPNkkObv1DdoR9n9LjQwsKNVTCXN-KMKIY2le4hiqyjR4USY&amp;disp=emb\" alt=\"http:\/\/www.asel.hr\/Asel\/html\/images\/small.jpg\" width=\"6\" height=\"6\" data-image-whitelisted=\"\" \/><span class=\"m_-6463340769513887061style25\">torzijski i korozijski otporna anodizirana rama osigurava dobre perfomanse kroz dugo vrijeme, \u010dak i za krajeve sa vrlo nepovoljnim vremenskim uvjetima<\/span><u><\/u><u><\/u><\/p>\n<p class=\"m_-6463340769513887061MsoNoSpacing\">Baterije smjestiti u prostor s temperaturom do 25\u2070C. Okolne temperature ve\u0107e od 35\u2070C \u0107e skratiti \u017eivotni vijek baterije i do 50%.<u><\/u><u><\/u><\/p>\n<p class=\"m_-6463340769513887061MsoNoSpacing\">OPCIJE:<u><\/u><u><\/u><\/p>\n<ul type=\"disc\">\n<li class=\"m_-6463340769513887061MsoNoSpacing\">ormar s prenaponskom, prekostrujnom\u00a0 i za\u0161titom od kratkog spoja<u><\/u><u><\/u><\/li>\n<li class=\"m_-6463340769513887061MsoNoSpacing\">baterijski balanser \u2013 izjedna\u010dava napunjenost baterija \u2013 produ\u017euje \u017eivotni vijek baterija<u><\/u><u><\/u><\/li>\n<li class=\"m_-6463340769513887061MsoNoSpacing\">Monta\u017ea (potrebna slika objekta i adresa)<u><\/u><u><\/u><\/li>\n<li class=\"m_-6463340769513887061MsoNoSpacing\">konstrukcija za kosi ili ravni krov<u><\/u><u><\/u><\/li>\n<li class=\"m_-6463340769513887061MsoNoSpacing\">konstrukcija koja optimizira nagib panela na 33\u2070<u><\/u><u><\/u><\/li>\n<li class=\"m_-6463340769513887061MsoNoSpacing\">mobilne konstrukcije (prenosive traktorom)<u><\/u><u><\/u><\/li>\n<li class=\"m_-6463340769513887061MsoNoSpacing\">solarne kiselinske baterije ili solarne GELTECH baterije (bez odr\u017eavanja)<u><\/u><u><\/u><\/li>\n<li class=\"m_-6463340769513887061MsoNoSpacing\">solarni kabel 4mm2\u00a0 ili 6mm2<u><\/u><u><\/u><\/li>\n<\/ul>\n<p class=\"m_-6463340769513887061MsoNoSpacing\"><u><\/u>\u00a0<u><\/u><\/p>\n<p class=\"m_-6463340769513887061MsoNoSpacing\"><u><\/u>\u00a0<u><\/u><\/p>\n<p class=\"m_-6463340769513887061MsoNoSpacing\"><u><\/u>\u00a0<u><\/u><\/p>\n<p class=\"m_-6463340769513887061MsoNoSpacing\">\u2022 Solarne kiselinske baterije: vijek trajanja do 7 godina<u><\/u><u><\/u><\/p>\n<p class=\"m_-6463340769513887061MsoNoSpacing\">Za razliku od startnih kiselinskih akumulatora ne mogu dati kratkotrajne velike struje , ali podnese dublja pra\u017enjenja. No ne preporu\u010da se pra\u017enjenje ispod 11V po bateriji.<u><\/u><u><\/u><\/p>\n<p class=\"m_-6463340769513887061MsoNoSpacing\">Potrebno je kontrolirati nivo elektrolita u \u0107elijama baterija i po potrebi nadolijevati s demineraliziranom vodom da nivo elektrilita bude cca 10mm iznad elektroda.<u><\/u><u><\/u><\/p>\n<p class=\"m_-6463340769513887061MsoNoSpacing\">Ako padne nivo elektrolita ispod razine elektroda dolazi do nepopravljivog o\u0161te\u0107enja baterija. Takvo o\u0161te\u0107enje baterija nije pokriveno jamstvom za baterije.\u00a0<u><\/u><u><\/u><\/p>\n<p class=\"m_-6463340769513887061MsoNoSpacing\">Baterije smjestiti u prostor s temperaturom do 25\u2070C. Okolne temperature ve\u0107e od 35\u2070C \u0107e skratiti \u017eivotni vijek baterije i do 50%.<\/p>\n<p>Opcija: mo\u017eete sve stavke iz seta mijenjati po Va\u0161em izboru i tra\u017eiti novu ponudu.<\/p>\n","protected":false},"excerpt":{"rendered":"<p>Set uklju\u010duje: 285W POLY Solarni panel 24V HV6 BATERIJA 55Ah 12V solar PRETVARA\u010c 1000W 24V SINUS Regulator 20A sa timerom 12\/24 konektor MC4 solarni &nbsp; Solarni fotonaponski moduli su namijenjeni pretvorbi besplatne i beskona\u010dne sun\u010deve energije u elektri\u010dnu. Visoka efikasnost solarnih \u0107elija osigurava visoku u\u010dinkovitost solarnih modula Vrhunski solarni paneli 285W poly, imaju toleranciju od [&hellip;]<\/p>\n","protected":false},"featured_media":644,"template":"","meta":{"_links_to":"","_links_to_target":""},"product_cat":[184],"product_tag":[],"_links":{"self":[{"href":"https:\/\/asel.hr\/webshop\/wp-json\/wp\/v2\/product\/1500"}],"collection":[{"href":"https:\/\/asel.hr\/webshop\/wp-json\/wp\/v2\/product"}],"about":[{"href":"https:\/\/asel.hr\/webshop\/wp-json\/wp\/v2\/types\/product"}],"wp:featuredmedia":[{"embeddable":true,"href":"https:\/\/asel.hr\/webshop\/wp-json\/wp\/v2\/media\/644"}],"wp:attachment":[{"href":"https:\/\/asel.hr\/webshop\/wp-json\/wp\/v2\/media?parent=1500"}],"wp:term":[{"taxonomy":"product_cat","embeddable":true,"href":"https:\/\/asel.hr\/webshop\/wp-json\/wp\/v2\/product_cat?post=1500"},{"taxonomy":"product_tag","embeddable":true,"href":"https:\/\/asel.hr\/webshop\/wp-json\/wp\/v2\/product_tag?post=1500"}],"curies":[{"name":"wp","href":"https:\/\/api.w.org\/{rel}","templated":true}]}}