{"id":1493,"date":"2018-05-28T14:00:39","date_gmt":"2018-05-28T12:00:39","guid":{"rendered":"http:\/\/asel.hr\/webshop\/proizvod\/unifarm-2-cijena-na-upit\/"},"modified":"2018-05-28T14:25:45","modified_gmt":"2018-05-28T12:25:45","slug":"unifarm-2-cijena-na-upit","status":"publish","type":"product","link":"https:\/\/asel.hr\/webshop\/proizvod\/unifarm-2-cijena-na-upit\/","title":{"rendered":"UNIFARM-2 (CIJENA NA UPIT)"},"content":{"rendered":"<p>&#8211; ure\u0111aj za regulaciju mikroklime na farmama<br \/>\n(svinjogojstva, govedarstva, peradarstva, itd.)<br \/>\nRegulira relativnu vlagu, temperaturu zraka,<br \/>\ntemperaturu podnih plo\u010da, ventiliranje zraka&#8230;<br \/>\ndaljinsko mjerenje i dojava kvara<\/p>\n<p>Tehni\u010dke karakteristike:<br \/>\n&#8211; mjerenje temperature zraka u prostoriji (rez. =0,1\u00b0C)<br \/>\n&#8211; automatska ili ru\u010dna regulacija brzine vrtnje ventilatora 1-100% (rez 1%), unos preko tastature<br \/>\n&#8211; ru\u010dna regulacija brzine vrtnje ventilatora sa potenciometrom ugra\u0111enim na prednju plo\u010du ure\u0111aja<br \/>\n&#8211; ugra\u0111en alarm<br \/>\n&#8211; izlaz za vanjski alarm<br \/>\n&#8211; folijska tastatura<br \/>\n&#8211; ure\u0111aj se mo\u017ee nadograditi za upravljanje iz centralnog mjesta<br \/>\n&#8211; prekostrujna za\u0161tita ure\u0111aja i frekvencijskog regulatora<br \/>\n&#8211; nad\u017ebukna kutija sa glavnom sklopkom, prekida\u010dem za izbor ru\u010dnog ili automatskog odre\u0111ivanja brzine vrtnje ventilatora, ekranom \u010ditljivim i u mraku ( sa \u0161tednim modom), rednim stezaljkama za vanjske elemente<\/p>\n","protected":false},"excerpt":{"rendered":"<p>&#8211; ure\u0111aj za regulaciju mikroklime na farmama (svinjogojstva, govedarstva, peradarstva, itd.) Regulira relativnu vlagu, temperaturu zraka, temperaturu podnih plo\u010da, ventiliranje zraka&#8230; daljinsko mjerenje i dojava kvara Tehni\u010dke karakteristike: &#8211; mjerenje temperature zraka u prostoriji (rez. =0,1\u00b0C) &#8211; automatska ili ru\u010dna regulacija brzine vrtnje ventilatora 1-100% (rez 1%), unos preko tastature &#8211; ru\u010dna regulacija brzine vrtnje [&hellip;]<\/p>\n","protected":false},"featured_media":842,"template":"","meta":{"_links_to":"","_links_to_target":""},"product_cat":[129],"product_tag":[],"_links":{"self":[{"href":"https:\/\/asel.hr\/webshop\/wp-json\/wp\/v2\/product\/1493"}],"collection":[{"href":"https:\/\/asel.hr\/webshop\/wp-json\/wp\/v2\/product"}],"about":[{"href":"https:\/\/asel.hr\/webshop\/wp-json\/wp\/v2\/types\/product"}],"wp:featuredmedia":[{"embeddable":true,"href":"https:\/\/asel.hr\/webshop\/wp-json\/wp\/v2\/media\/842"}],"wp:attachment":[{"href":"https:\/\/asel.hr\/webshop\/wp-json\/wp\/v2\/media?parent=1493"}],"wp:term":[{"taxonomy":"product_cat","embeddable":true,"href":"https:\/\/asel.hr\/webshop\/wp-json\/wp\/v2\/product_cat?post=1493"},{"taxonomy":"product_tag","embeddable":true,"href":"https:\/\/asel.hr\/webshop\/wp-json\/wp\/v2\/product_tag?post=1493"}],"curies":[{"name":"wp","href":"https:\/\/api.w.org\/{rel}","templated":true}]}}