{"id":1491,"date":"2018-05-28T14:00:39","date_gmt":"2018-05-28T12:00:39","guid":{"rendered":"http:\/\/asel.hr\/webshop\/proizvod\/pl2-kontroler-za-plastenike-cijena-na-upit\/"},"modified":"2018-06-20T09:54:08","modified_gmt":"2018-06-20T07:54:08","slug":"pl2-kontroler-za-plastenike-cijena-na-upit","status":"publish","type":"product","link":"https:\/\/asel.hr\/webshop\/proizvod\/pl2-kontroler-za-plastenike-cijena-na-upit\/","title":{"rendered":"PL2 Kontroler za plastenike (CIJENA NA UPIT)"},"content":{"rendered":"<p>PL-2 je ure\u0111aj specijalno dizajniran za reguliranje temperature otvaranjem i zatvaranjem otvora u plastenicima.<\/p>\n<p>Kada je temperatura vi\u0161a od \u017eeljene (programirane) ure\u0111aj otvara otvore za provjetravanje (ako je otvaranje omogu\u0107eno).<\/p>\n<p>Kada je temperatura manja od \u017eeljene (programirane) ure\u0111aj zatvara otvore za provjetravanje (ako je zatvaranje omogu\u0107eno)<\/p>\n<p><strong>Tehni\u010dki podaci:<br \/>\n<\/strong><br \/>\nNapajanje: -230V \/ 50Hz<br \/>\nPotro\u0161nja: -max. 2,6VA<br \/>\nza servo motor: -max 0,1A \/ 250VAC<br \/>\nUlazi:<br \/>\n&#8211; digitalni ulaz temperature od 0-5V DC<br \/>\n&#8211; digitalni ulaz brzine vjetra od 0-5V DC<br \/>\nMjerno podru\u010dje temperature: 0-99,9\u00b0 (125\u00b0)C<br \/>\nRezolucija mjerenja temperature: 0,1\u00b0C<br \/>\nNajdu\u017ei ciklus motora 255 sekundi<br \/>\nNajve\u0107a dozvoljena brzina vjetra 999 impulsa (okretaja) u minuti<\/p>\n","protected":false},"excerpt":{"rendered":"<p>PL-2 je ure\u0111aj specijalno dizajniran za reguliranje temperature otvaranjem i zatvaranjem otvora u plastenicima. Kada je temperatura vi\u0161a od \u017eeljene (programirane) ure\u0111aj otvara otvore za provjetravanje (ako je otvaranje omogu\u0107eno). Kada je temperatura manja od \u017eeljene (programirane) ure\u0111aj zatvara otvore za provjetravanje (ako je zatvaranje omogu\u0107eno) Tehni\u010dki podaci: Napajanje: -230V \/ 50Hz Potro\u0161nja: -max. 2,6VA [&hellip;]<\/p>\n","protected":false},"featured_media":648,"template":"","meta":{"_links_to":"","_links_to_target":""},"product_cat":[129],"product_tag":[],"_links":{"self":[{"href":"https:\/\/asel.hr\/webshop\/wp-json\/wp\/v2\/product\/1491"}],"collection":[{"href":"https:\/\/asel.hr\/webshop\/wp-json\/wp\/v2\/product"}],"about":[{"href":"https:\/\/asel.hr\/webshop\/wp-json\/wp\/v2\/types\/product"}],"wp:featuredmedia":[{"embeddable":true,"href":"https:\/\/asel.hr\/webshop\/wp-json\/wp\/v2\/media\/648"}],"wp:attachment":[{"href":"https:\/\/asel.hr\/webshop\/wp-json\/wp\/v2\/media?parent=1491"}],"wp:term":[{"taxonomy":"product_cat","embeddable":true,"href":"https:\/\/asel.hr\/webshop\/wp-json\/wp\/v2\/product_cat?post=1491"},{"taxonomy":"product_tag","embeddable":true,"href":"https:\/\/asel.hr\/webshop\/wp-json\/wp\/v2\/product_tag?post=1491"}],"curies":[{"name":"wp","href":"https:\/\/api.w.org\/{rel}","templated":true}]}}