{"id":1448,"date":"2018-05-28T14:00:31","date_gmt":"2018-05-28T12:00:31","guid":{"rendered":"http:\/\/asel.hr\/webshop\/proizvod\/inox-alat-za-spojnice-3-8%e2%80%b3\/"},"modified":"2026-04-25T03:00:44","modified_gmt":"2026-04-25T01:00:44","slug":"inox-alat-za-spojnice-3-8%e2%80%b3","status":"publish","type":"product","link":"https:\/\/asel.hr\/webshop\/proizvod\/inox-alat-za-spojnice-3-8%e2%80%b3\/","title":{"rendered":"Inox alat za spojnice 3\/8\u2033"},"content":{"rendered":"<p>Inox alat za spojnice slu\u017ei za spajanje inox cijevi sa inox spojnicom,<br \/>\nte ujedno i fino oblikuje krajeve inox cijevi kako nebi bilo o\u0161trih vrhova.<\/p>\n<p>Veli\u010dina: 3\/8\u2033<\/p>\n","protected":false},"excerpt":{"rendered":"<p>Inox alat za spojnice slu\u017ei za spajanje inox cijevi sa inox spojnicom, te ujedno i fino oblikuje krajeve inox cijevi kako nebi bilo o\u0161trih vrhova. Veli\u010dina: 3\/8\u2033<\/p>\n","protected":false},"featured_media":129,"template":"","meta":{"_links_to":"","_links_to_target":""},"product_cat":[112],"product_tag":[],"_links":{"self":[{"href":"https:\/\/asel.hr\/webshop\/wp-json\/wp\/v2\/product\/1448"}],"collection":[{"href":"https:\/\/asel.hr\/webshop\/wp-json\/wp\/v2\/product"}],"about":[{"href":"https:\/\/asel.hr\/webshop\/wp-json\/wp\/v2\/types\/product"}],"wp:featuredmedia":[{"embeddable":true,"href":"https:\/\/asel.hr\/webshop\/wp-json\/wp\/v2\/media\/129"}],"wp:attachment":[{"href":"https:\/\/asel.hr\/webshop\/wp-json\/wp\/v2\/media?parent=1448"}],"wp:term":[{"taxonomy":"product_cat","embeddable":true,"href":"https:\/\/asel.hr\/webshop\/wp-json\/wp\/v2\/product_cat?post=1448"},{"taxonomy":"product_tag","embeddable":true,"href":"https:\/\/asel.hr\/webshop\/wp-json\/wp\/v2\/product_tag?post=1448"}],"curies":[{"name":"wp","href":"https:\/\/api.w.org\/{rel}","templated":true}]}}