{"id":1447,"date":"2018-05-28T14:00:31","date_gmt":"2018-05-28T12:00:31","guid":{"rendered":"http:\/\/asel.hr\/webshop\/proizvod\/inox-spojnica-3-8%e2%80%b3\/"},"modified":"2026-04-19T03:55:32","modified_gmt":"2026-04-19T01:55:32","slug":"inox-spojnica-3-8%e2%80%b3","status":"publish","type":"product","link":"https:\/\/asel.hr\/webshop\/proizvod\/inox-spojnica-3-8%e2%80%b3\/","title":{"rendered":"Inox spojnica 3\/8\u2033"},"content":{"rendered":"<p>Inox spojnica izra\u0111ena od visoko kvalitetnog materijala,<br \/>\nnamijenjena za spajanje inox cijevi na odredi\u0161no mjesto.<\/p>\n<p>-Veli\u010dina: 3\/8\u2033<\/p>\n","protected":false},"excerpt":{"rendered":"<p>Inox spojnica izra\u0111ena od visoko kvalitetnog materijala, namijenjena za spajanje inox cijevi na odredi\u0161no mjesto. -Veli\u010dina: 3\/8\u2033<\/p>\n","protected":false},"featured_media":3134,"template":"","meta":{"_links_to":"","_links_to_target":""},"product_cat":[111],"product_tag":[],"_links":{"self":[{"href":"https:\/\/asel.hr\/webshop\/wp-json\/wp\/v2\/product\/1447"}],"collection":[{"href":"https:\/\/asel.hr\/webshop\/wp-json\/wp\/v2\/product"}],"about":[{"href":"https:\/\/asel.hr\/webshop\/wp-json\/wp\/v2\/types\/product"}],"wp:featuredmedia":[{"embeddable":true,"href":"https:\/\/asel.hr\/webshop\/wp-json\/wp\/v2\/media\/3134"}],"wp:attachment":[{"href":"https:\/\/asel.hr\/webshop\/wp-json\/wp\/v2\/media?parent=1447"}],"wp:term":[{"taxonomy":"product_cat","embeddable":true,"href":"https:\/\/asel.hr\/webshop\/wp-json\/wp\/v2\/product_cat?post=1447"},{"taxonomy":"product_tag","embeddable":true,"href":"https:\/\/asel.hr\/webshop\/wp-json\/wp\/v2\/product_tag?post=1447"}],"curies":[{"name":"wp","href":"https:\/\/api.w.org\/{rel}","templated":true}]}}