{"id":1444,"date":"2018-05-28T14:00:31","date_gmt":"2018-05-28T12:00:31","guid":{"rendered":"http:\/\/asel.hr\/webshop\/proizvod\/solarna-klupa\/"},"modified":"2026-04-23T03:55:27","modified_gmt":"2026-04-23T01:55:27","slug":"solarna-klupa","status":"publish","type":"product","link":"https:\/\/asel.hr\/webshop\/proizvod\/solarna-klupa\/","title":{"rendered":"Solarna klupa"},"content":{"rendered":"<p>Solarna klupa je namijenjena za sjedenje na otvorenom. Opremljena sa 150W panelom, 65Ah baterijom, solarnim punja\u010dem 20A, be\u017ei\u010dnim te USB punja\u010dima, vremenskom stanicom te pokaziva\u010dem buke. Dodatna opcija je hot spot be\u017ei\u010dni internet<\/p>\n<p>-Du\u017eina klupe: 1.700mm<br \/>\n-visina do sjedala 50cm<br \/>\n-ukupna visina 115cm<br \/>\n-\u0161irina sjedi\u0161ta 40cm<br \/>\n-ukupna dubina 72cm<\/p>\n","protected":false},"excerpt":{"rendered":"<p>Solarna klupa je namijenjena za sjedenje na otvorenom. Opremljena sa 150W panelom, 65Ah baterijom, solarnim punja\u010dem 20A, be\u017ei\u010dnim te USB punja\u010dima, vremenskom stanicom te pokaziva\u010dem buke. Dodatna opcija je hot spot be\u017ei\u010dni internet -Du\u017eina klupe: 1.700mm -visina do sjedala 50cm -ukupna visina 115cm -\u0161irina sjedi\u0161ta 40cm -ukupna dubina 72cm<\/p>\n","protected":false},"featured_media":978,"template":"","meta":{"_links_to":"","_links_to_target":""},"product_cat":[108],"product_tag":[],"_links":{"self":[{"href":"https:\/\/asel.hr\/webshop\/wp-json\/wp\/v2\/product\/1444"}],"collection":[{"href":"https:\/\/asel.hr\/webshop\/wp-json\/wp\/v2\/product"}],"about":[{"href":"https:\/\/asel.hr\/webshop\/wp-json\/wp\/v2\/types\/product"}],"wp:featuredmedia":[{"embeddable":true,"href":"https:\/\/asel.hr\/webshop\/wp-json\/wp\/v2\/media\/978"}],"wp:attachment":[{"href":"https:\/\/asel.hr\/webshop\/wp-json\/wp\/v2\/media?parent=1444"}],"wp:term":[{"taxonomy":"product_cat","embeddable":true,"href":"https:\/\/asel.hr\/webshop\/wp-json\/wp\/v2\/product_cat?post=1444"},{"taxonomy":"product_tag","embeddable":true,"href":"https:\/\/asel.hr\/webshop\/wp-json\/wp\/v2\/product_tag?post=1444"}],"curies":[{"name":"wp","href":"https:\/\/api.w.org\/{rel}","templated":true}]}}