{"id":3,"date":"2018-05-23T13:04:07","date_gmt":"2018-05-23T11:04:07","guid":{"rendered":"http:\/\/asel.hr\/webshop\/?page_id=3"},"modified":"2021-11-05T03:07:49","modified_gmt":"2021-11-05T02:07:49","slug":"pravila-privatnosti","status":"publish","type":"page","link":"https:\/\/asel.hr\/webshop\/pravila-privatnosti\/","title":{"rendered":"Polica privatnosti"},"content":{"rendered":"<h2>Tko smo mi<\/h2>\n<p>ASEL SPRING MACHINES d.o.o.<br \/>\nOIB: 36355340981<br \/>\nBra\u0107e Radi\u0107 33, Baki\u0107<br \/>\n33520 Slatina<br \/>\ntel: 033\/546-343<br \/>\nmail: asel@asel.hr<br \/>\nweb: www.asel.hr<\/p>\n<h2>Koje osobne podatke prikupljamo i za\u0161to<\/h2>\n<h3>Osobni podatci<\/h3>\n<p>Prilikom registracije osobe, Asel WEBshop \u0107e zatra\u017eiti odre\u0111ene osobne podatke nu\u017ene za provedbu ponude te mogu\u0107e daljnje kupnje. Podatci koji se prikupljau su: ime, prezime, adresa, broj telefona, broj mobitela, email adresa te OIB. Podatci \u0107e biti kori\u0161teni za provedbu tra\u017eene narud\u017ebe te daljnje kupnje rgistriranih korisnika.<\/p>\n<p>Karti\u010dno pla\u010danje putem WEB shopa se ne koristi<\/p>\n<h3>Kola\u010di\u0107i<\/h3>\n<p>Ako napi\u0161ete komentar na na\u0161oj web-stranici, mo\u017eete odabrati da spremite ime, adresu e-po\u0161te i web-stranicu u kola\u010di\u0107e. Ovo je kako bi vam olak\u0161ali ponovno komentiranje, da ne morate ponovno unositi te informacije. Ovi kola\u010di\u0107i traju godinu dana.<\/p>\n<p>Ako imate ra\u010dun i prijavite se na ovu web-stranicu, postaviti \u0107emo privremeni kola\u010di\u0107 kako bi utvrdili da li va\u0161 preglednik prihva\u0107a kola\u010di\u0107e. Ovaj kola\u010di\u0107 ne sadr\u017ei osobne podatke i bri\u0161e se kada ugasite preglednik.<\/p>\n<p>Kada se prijavite, tako\u0111er \u0107emo postaviti nekoliko kola\u010di\u0107a kako bi sa\u010duvali va\u0161e podatke o prijavi i va\u0161e postavke zaslona. Kola\u010di\u0107i prijave traju dva dana, i kola\u010di\u0107i postavki zaslona traju godinu dana. Ako odaberete &#8220;Zapamti me&#8221;, va\u0161a prijava \u0107e trajati dva tjedna. Ako se odjavite s ra\u010duna, kola\u010di\u0107i prijave biti \u0107e uklonjeni.<\/p>\n<p>Ako uredite ili objavite \u010dlanak, dodatni kola\u010di\u0107 biti \u0107e spremljen u va\u0161em pregledniku. Ovaj kola\u010di\u0107 ne sadr\u017ei osobne podatke i samo ukazuje na ID objave \u010dlanka koji ste upravo uredili. Kola\u010di\u0107 istekne nakon 1 dana.<\/p>\n<h2>S kime dijelimo va\u0161e podatke<\/h2>\n<p>Informacije o imenu, prezimenu, adresi te kontakt telefonu ili mobitelu \u0107e se podijeliti sa pru\u017eateljima usluga distribucije robe ukoliko je naru\u010den transport sa na\u0161e strane isto kao i sa pru\u017eateljima usluga servisa ukoliko roba ide na servis ili reklamaciju.<\/p>\n<p>Podatci kao \u0161to su email adresa mogu biti kori\u0161teni za email informiranja o na\u0161im proizvodima te uslugama te registrirani korisnik prihva\u010danjem ovih prava pristaje na navedeno.<\/p>\n<p>Podatci se NE\u0106E KORISTITI U DRUGE SVRHE OSIM NAVEDENIH.<\/p>\n<h2>Koliko dugo \u010duvamo va\u0161e podatke<\/h2>\n<p>Za korisnike koji se registriraju na na\u0161oj web-stranici, mi tako\u0111er pohranjujemo osobne podatke koje navedu u njihovim korisni\u010dkim profilima, Svi korisnici mogu vidjeti, urediti, ili obrisati svoje osobne podatke u bilo koje vrijeme ( osim \u0161to ne mogu promijeniti svoje korisni\u010dko ime). Administratori web-stranice tako\u0111er mogu vidjeti i urediti te informacije.<\/p>\n<p>Prikupljene podatke nakon izdavanja ra\u010duna ili ponude \u010duvamo u na\u0161oj bazi trajno s naznakom da korisnik ima pravo zatra\u017eiti brisanje njegovih podataka te je to du\u017ean napraviti pismenim putem putem na na\u0161u adresu ili putem e-maila na ase@asel.hr.<\/p>\n<h3>Kakve procedure imamo pripremljene u slu\u010daju povrede podataka<\/h3>\n<p>U slu\u010daju povrede osobnih podataka voditelj obrade bez nepotrebnog odga\u0111anja i, ako je izvedivo, najkasnije 72 sata nakon saznanja o toj povredi, izvje\u0161\u0107uje nadzorno tijelo o povredi osobnih podataka, osim ako nije vjerojatno da \u0107e povreda osobnih podataka prouzro\u010diti rizik za prava i slobode pojedinaca.<br \/>\nAko izvje\u0161\u0107ivanje nije u\u010dinjeno unutar 72 sata, mora biti popra\u0107eno razlozima za ka\u0161njenje.<br \/>\nU izvje\u0161\u0107u je potrebno navesti:<br \/>\n(a) opisati prirodu povrede osobnih podataka, uklju\u010duju\u0107i, ako je mogu\u0107e, kategorije i pribli\u017ean broj doti\u010dnih ispitanika te kategorije i pribli\u017ean broj doti\u010dnih evidencija osobnih podataka;<br \/>\n(b) navesti ime i kontaktne podatke slu\u017ebenika za za\u0161titu podataka ili druge kontaktne to\u010dke od koje se mo\u017ee dobiti jo\u0161 informacija;<br \/>\n(c) opisati vjerojatne posljedice povrede osobnih podataka;<br \/>\n(d) opisati mjere koje je voditelj obrade poduzeo ili predlo\u017eio poduzeti za rje\u0161avanje problema povrede osobnih podataka, uklju\u010duju\u0107i prema potrebi mjere umanjivanja njezinih mogu\u0107ih \u0161tetnih posljedica.<br \/>\nU slu\u010daju povrede osobnih podataka koje \u0107e vjerojatno prouzro\u010diti visok rizik za prava i slobode pojedinaca, voditelj obrade bez nepotrebnog odga\u0111anja obavje\u0161\u0107uje ispitanika o povredi osobnih podataka.<br \/>\nU obavijesti potrebno je navesti prirodu povrede osobnih podataka uporabom jasnog i jednostavnog jezika. Obavijest mora sadr\u017eavati gore navedene informacije, osim to\u010dke a.)<\/p>\n<p>Izvor: Op\u0107a uredba o za\u0161titi podataka (EU) 2016\/679 od 27. travnja 2016.<\/p>\n<p><a href=\"https:\/\/asel.hr\/wp-content\/uploads\/2018\/09\/Politika-privatnosti-1.pdf\">POLITIKA PRIVATNOSTI<\/a> &#8211; molimo obratite pa\u017enju i na ovaj dokument koji je dopuna police privatnosti.<\/p>\n<h3><\/h3>\n<h3><\/h3>\n<h3><\/h3>\n","protected":false},"excerpt":{"rendered":"<p>Tko smo mi ASEL SPRING MACHINES d.o.o. OIB: 36355340981 Bra\u0107e Radi\u0107 33, Baki\u0107 33520 Slatina tel: 033\/546-343 mail: asel@asel.hr web: www.asel.hr Koje osobne podatke prikupljamo i za\u0161to Osobni podatci Prilikom registracije osobe, Asel WEBshop \u0107e zatra\u017eiti odre\u0111ene osobne podatke nu\u017ene za provedbu ponude te mogu\u0107e daljnje kupnje. Podatci koji se prikupljau su: ime, prezime, adresa, [&hellip;]<\/p>\n","protected":false},"author":1,"featured_media":0,"parent":0,"menu_order":0,"comment_status":"closed","ping_status":"open","template":"","meta":{"_links_to":"","_links_to_target":""},"_links":{"self":[{"href":"https:\/\/asel.hr\/webshop\/wp-json\/wp\/v2\/pages\/3"}],"collection":[{"href":"https:\/\/asel.hr\/webshop\/wp-json\/wp\/v2\/pages"}],"about":[{"href":"https:\/\/asel.hr\/webshop\/wp-json\/wp\/v2\/types\/page"}],"author":[{"embeddable":true,"href":"https:\/\/asel.hr\/webshop\/wp-json\/wp\/v2\/users\/1"}],"replies":[{"embeddable":true,"href":"https:\/\/asel.hr\/webshop\/wp-json\/wp\/v2\/comments?post=3"}],"version-history":[{"count":9,"href":"https:\/\/asel.hr\/webshop\/wp-json\/wp\/v2\/pages\/3\/revisions"}],"predecessor-version":[{"id":3875,"href":"https:\/\/asel.hr\/webshop\/wp-json\/wp\/v2\/pages\/3\/revisions\/3875"}],"wp:attachment":[{"href":"https:\/\/asel.hr\/webshop\/wp-json\/wp\/v2\/media?parent=3"}],"curies":[{"name":"wp","href":"https:\/\/api.w.org\/{rel}","templated":true}]}}