{"id":887,"date":"2015-11-12T12:36:58","date_gmt":"2015-11-12T12:36:58","guid":{"rendered":"http:\/\/www.asel.hr\/?page_id=887"},"modified":"2018-07-04T07:14:56","modified_gmt":"2018-07-04T07:14:56","slug":"solarna-oprema","status":"publish","type":"page","link":"https:\/\/asel.hr\/?page_id=887","title":{"rendered":"SOLARNA OPREMA"},"content":{"rendered":"<h1>FOTONAPONSKI SUSTAVI<\/h1>\n<p>&nbsp;<br \/>\n&nbsp;<br \/>\n<img decoding=\"async\" loading=\"lazy\" class=\"size-full wp-image-735 aligncenter\" src=\"http:\/\/www.asel.hr\/wp-content\/uploads\/2015\/11\/offgrid.jpg\" alt=\"offgrid\" width=\"777\" height=\"445\" srcset=\"https:\/\/asel.hr\/wp-content\/uploads\/2015\/11\/offgrid.jpg 777w, https:\/\/asel.hr\/wp-content\/uploads\/2015\/11\/offgrid-300x172.jpg 300w\" sizes=\"(max-width: 777px) 100vw, 777px\" \/><\/p>\n<ol>\n<li>1. Solarni paneli (<a href=\"http:\/\/www.asel.hr\/?p=736\">vi\u0161e<\/a>)<\/li>\n<li>2. Inverter + regulator (<a href=\"http:\/\/www.asel.hr\/?p=767\">vi\u0161e<\/a>)<\/li>\n<li>3. Baterije (<a href=\"http:\/\/www.asel.hr\/?p=760\">vi\u0161e<\/a>)<\/li>\n<li>4. Pomo\u0107ni generator (nije uvijet)<\/li>\n<li>5. Distributer elektri\u010dne energije<\/li>\n<li>6. Ku\u0107na elektri\u010dna instalacija<\/li>\n<\/ol>\n<p>&nbsp;<br \/>\n<center><font size=\"3\">Detaljnije o ponudama i cijenama posjetite na\u0161u internet trgovinu na ovom <a href=\"http:\/\/asel.hr\/webshop\/\">linku<\/a><\/font><\/center><br \/>\n&nbsp;<br \/>\n<center><img decoding=\"async\" loading=\"lazy\" src=\"http:\/\/www.asel.hr\/wp-content\/uploads\/2015\/10\/separator-ads.jpg\" alt=\"separator-ads\" width=\"777\" height=\"10\" class=\"alignnone size-full wp-image-450\" srcset=\"https:\/\/asel.hr\/wp-content\/uploads\/2015\/10\/separator-ads.jpg 777w, https:\/\/asel.hr\/wp-content\/uploads\/2015\/10\/separator-ads-300x4.jpg 300w\" sizes=\"(max-width: 777px) 100vw, 777px\" \/><\/center><br \/>\n&nbsp;<br \/>\n&nbsp;<\/p>\n<h1>SOLARNO GRIJANJE VODE I<br \/>\nDOGRIJAVANJE PROSTORA<\/h1>\n<p>&nbsp;<\/p>\n<p><center><img decoding=\"async\" loading=\"lazy\" class=\"alignnone size-full wp-image-781\" src=\"http:\/\/www.asel.hr\/wp-content\/uploads\/2015\/11\/277870153_620.jpg\" alt=\"277870153_620\" width=\"777\" height=\"473\" srcset=\"https:\/\/asel.hr\/wp-content\/uploads\/2015\/11\/277870153_620.jpg 777w, https:\/\/asel.hr\/wp-content\/uploads\/2015\/11\/277870153_620-300x183.jpg 300w\" sizes=\"(max-width: 777px) 100vw, 777px\" \/><\/center><br \/>\n&nbsp;<br \/>\n1. Solarni kolektori (&#8212;<a href=\"http:\/\/www.asel.hr\/?p=905\">tla\u010dni<\/a>&#8212;&#8212; <a href=\"http:\/\/www.asel.hr\/?p=789\">netla\u010dni<\/a>&#8212;&#8212; <a href=\"http:\/\/www.asel.hr\/?p=804\">integrirani tla\u010dni<\/a>&#8212;&#8212; <a href=\"http:\/\/www.asel.hr\/?p=822\">integrirani netla\u010dni<\/a>&#8212;&#8212; <a href=\"http:\/\/www.asel.hr\/?p=920\">hibridni tla\u010dni<\/a>&#8212;)<br \/>\n2. Spremnik tople vode (<a href=\"http:\/\/www.asel.hr\/?p=843\">vi\u0161e<\/a>)<br \/>\n3. Dodatno dogrijavanje<br \/>\n4. Pumpni set i elektronika (<a href=\"http:\/\/www.asel.hr\/?p=859\">vi\u0161e<\/a>)<br \/>\n5. Kori\u0161tenje tople vode<br \/>\n&nbsp;<br \/>\n<center><font size=\"3\">Detaljnije o ponudama i cijenama posjetite na\u0161u internet trgovinu na ovom <a href=\"http:\/\/asel.hr\/webshop\/\">linku<\/a><\/font><\/center><br \/>\n&nbsp;<\/p>\n","protected":false},"excerpt":{"rendered":"<p>FOTONAPONSKI SUSTAVI &nbsp; &nbsp; 1. Solarni paneli (vi\u0161e) 2. Inverter + regulator (vi\u0161e) 3. Baterije (vi\u0161e) 4. Pomo\u0107ni generator (nije uvijet) 5. Distributer elektri\u010dne energije 6. Ku\u0107na elektri\u010dna instalacija &nbsp; Detaljnije o ponudama i cijenama posjetite na\u0161u internet trgovinu na ovom linku &nbsp; &nbsp; &nbsp; SOLARNO GRIJANJE VODE I DOGRIJAVANJE PROSTORA &nbsp; &nbsp; 1. Solarni [&hellip;]<\/p>\n","protected":false},"author":1,"featured_media":0,"parent":0,"menu_order":0,"comment_status":"closed","ping_status":"closed","template":"","meta":[],"_links":{"self":[{"href":"https:\/\/asel.hr\/index.php?rest_route=\/wp\/v2\/pages\/887"}],"collection":[{"href":"https:\/\/asel.hr\/index.php?rest_route=\/wp\/v2\/pages"}],"about":[{"href":"https:\/\/asel.hr\/index.php?rest_route=\/wp\/v2\/types\/page"}],"author":[{"embeddable":true,"href":"https:\/\/asel.hr\/index.php?rest_route=\/wp\/v2\/users\/1"}],"replies":[{"embeddable":true,"href":"https:\/\/asel.hr\/index.php?rest_route=%2Fwp%2Fv2%2Fcomments&post=887"}],"version-history":[{"count":7,"href":"https:\/\/asel.hr\/index.php?rest_route=\/wp\/v2\/pages\/887\/revisions"}],"predecessor-version":[{"id":1486,"href":"https:\/\/asel.hr\/index.php?rest_route=\/wp\/v2\/pages\/887\/revisions\/1486"}],"wp:attachment":[{"href":"https:\/\/asel.hr\/index.php?rest_route=%2Fwp%2Fv2%2Fmedia&parent=887"}],"curies":[{"name":"wp","href":"https:\/\/api.w.org\/{rel}","templated":true}]}}