{"id":859,"date":"2015-11-12T08:19:35","date_gmt":"2015-11-12T08:19:35","guid":{"rendered":"http:\/\/www.asel.hr\/?page_id=859"},"modified":"2018-07-04T07:18:56","modified_gmt":"2018-07-04T07:18:56","slug":"kontroleri","status":"publish","type":"page","link":"https:\/\/asel.hr\/?page_id=859","title":{"rendered":"KONTROLERI"},"content":{"rendered":"<p>&nbsp;<\/p>\n<table align=\"center\">\n<tbody>\n<tr>\n<td align=\"center\"><a href=\"http:\/\/www.asel.hr\/wp-content\/uploads\/2015\/11\/AM-7.jpg\"><img decoding=\"async\" loading=\"lazy\" class=\"size-full wp-image-860 aligncenter\" src=\"http:\/\/www.asel.hr\/wp-content\/uploads\/2015\/11\/AM-7.jpg\" alt=\"AM-7\" width=\"361\" height=\"361\" srcset=\"https:\/\/asel.hr\/wp-content\/uploads\/2015\/11\/AM-7.jpg 361w, https:\/\/asel.hr\/wp-content\/uploads\/2015\/11\/AM-7-150x150.jpg 150w, https:\/\/asel.hr\/wp-content\/uploads\/2015\/11\/AM-7-300x300.jpg 300w\" sizes=\"(max-width: 361px) 100vw, 361px\" \/><\/a><\/td>\n<td><strong>Kontroler AM-7<\/strong><\/p>\n<p>AM-7 inteligentni kontroler specijalno je dizajniran ure\u0111aj za solarni kolektor s integriranim bojlerom. Namjena ure\u0111aja je vremenski programirano precizno upravljanje temperaturom vode u bojleru uz prikaz trenutne temperature i to\u010dnog vremena. Ure\u0111aj upravlja elektri\u010dnim grija\u010dem i vrlo je podesan za upravljanje dogrijavanja elektri\u010dnom energijom kod solarnih bojlera.<\/p>\n<p>Karakteristike AM-7:<br \/>\n-s elektroventilom punjenja i sondom za koli\u010dinu i temperaturu vode<br \/>\n-prikazuje temperaturu i koli\u010dinu vode u spremniku<br \/>\n-regulira koli\u010dinu i temperaturu vode, upravlja el.grija\u010dem, itd&#8230;<br \/>\n&#8211; programiranje vremena punjenja i eventualnog dogrijavanja<\/p>\n<p>Tehni\u010dke karakteristike:<br \/>\n&#8211; Napajanje: 230V 50Hz, potro\u0161nja kontrolera: &lt;5W<br \/>\n&#8211; To\u010dnost mjerenja temperature: \u00b1 2 \u00b0 C<br \/>\n&#8211; Podru\u010dje prikaza mjerenja temperature: 0-99 \u00b0 C<br \/>\n&#8211; Klasifikacija nivoa vode: 5 nivoa<br \/>\n&#8211; Snaga upravljane pumpe ili grija\u010de trake: &#8211; Snaga upravljanog elektri\u010dnog grija\u010da: 1,5 kW<br \/>\n&#8211; Ugra\u0111ena strujna FID za\u0161tita: 10mA\/0,1s<br \/>\n&#8211; Elektroventil za punjenje rezervoara: 12V DC, 0,2 \u2013 8 bara<br \/>\nza direktno napajanje iz javnog vodovoda<\/p>\n<p>&nbsp;<\/td>\n<\/tr>\n<tr>\n<td align=\"center\">\u00a0<a href=\"http:\/\/www.asel.hr\/wp-content\/uploads\/2015\/11\/AM-7.jpg\"><img decoding=\"async\" loading=\"lazy\" class=\"size-full wp-image-860 aligncenter\" src=\"http:\/\/www.asel.hr\/wp-content\/uploads\/2015\/11\/AM-7.jpg\" alt=\"AM-7\" width=\"361\" height=\"361\" srcset=\"https:\/\/asel.hr\/wp-content\/uploads\/2015\/11\/AM-7.jpg 361w, https:\/\/asel.hr\/wp-content\/uploads\/2015\/11\/AM-7-150x150.jpg 150w, https:\/\/asel.hr\/wp-content\/uploads\/2015\/11\/AM-7-300x300.jpg 300w\" sizes=\"(max-width: 361px) 100vw, 361px\" \/><\/a><\/td>\n<td><strong>Kontroler AT-2<\/strong><\/p>\n<p>Namjena ure\u0111aja je vremenski programirano precizno upravljanje temperaturom vode u bojleru uz prikaz trenutne temperature i to\u010dnog vremena.<br \/>\nUre\u0111aj upravlja elektri\u010dnim grija\u010dem i vrlo je podesan za upravljanje dogrijavanja elektri\u010dnom energijom kod solarnih bojlera.<\/p>\n<p>Karakteristike AT-2:<br \/>\n&#8211; prikazuje temperaturu vode u spremniku<br \/>\n&#8211; upravlja el.grija\u010dem, itd&#8230;<br \/>\n&#8211; programiranje vremena eventualnog dogrijavanja<\/p>\n<p>Tehni\u010dke karakteristike:<br \/>\n&#8211; Napajanje: 230V 50Hz, potro\u0161nja kontrolera: &lt;5W<br \/>\n&#8211; To\u010dnost mjerenja temperature: \u00b1 2 \u00b0 C<br \/>\n&#8211; Podru\u010dje prikaza mjerenja temperature: 0-99\u00b0C<br \/>\n&#8211; Snaga upravljane grija\u010de trake: &#8211; Snaga upravljanog elektri\u010dnog grija\u010da: 1,5 kW<br \/>\n&#8211; Ugra\u0111ena strujna FID za\u0161tita: 10mA\/0,1s<\/p>\n<p>&nbsp;<\/td>\n<\/tr>\n<tr>\n<td align=\"center\">\u00a0<a href=\"http:\/\/www.asel.hr\/wp-content\/uploads\/2015\/11\/as1.jpg\"><img decoding=\"async\" loading=\"lazy\" class=\"size-full wp-image-861 aligncenter\" src=\"http:\/\/www.asel.hr\/wp-content\/uploads\/2015\/11\/as1.jpg\" alt=\"as1\" width=\"361\" height=\"125\" srcset=\"https:\/\/asel.hr\/wp-content\/uploads\/2015\/11\/as1.jpg 361w, https:\/\/asel.hr\/wp-content\/uploads\/2015\/11\/as1-300x104.jpg 300w\" sizes=\"(max-width: 361px) 100vw, 361px\" \/><\/a><\/td>\n<td><strong>Kontroler AS-1<\/strong><\/p>\n<p>Kontroler za odvojene (split) solarne sisteme (sa senzorima). Kontroler AS-1 namijenjen je za upravljanje solarnim sistemima u kojima je sun\u010dani kolektor odvojen od spremnika tople vode.<br \/>\n-ima \u010detiri senzora temperature, izlaze za el.grija\u010d i trakasti el.grija\u010d, te tri pumpe.<\/p>\n<p>Tehni\u010dke karakteristike:<br \/>\n&#8211; Dimenzija ulazno\/izlazne jedinice: 218 x 145 x 40 mm<br \/>\n&#8211; Dimenzija upravlja\u010dke jedinice: 140 x 120 x 18 mm<br \/>\n&#8211; Potro\u0161nja ulazno-izlazne jedinice: do 4 W<br \/>\n&#8211; Potro\u0161nja upravlja\u010dke jedinice: do 0,6 W<br \/>\n&#8211; Maksimalni broj upravlja\u010dkih jedinica: 3<br \/>\n&#8211; Najve\u0107a udaljenost od U\/I do upravlja\u010dke jedinice: 100 m<br \/>\n&#8211; To\u010dnost mjerenja temperature \u00b12\u00b0C<br \/>\n&#8211; Opseg mjerenja temperature: 0-120 \u00b0C za kolektor, 0-100 \u00b0C za ostalo<br \/>\n&#8211; Priklju\u010dna snaga cirkulacione pumpe: max. 500 W<br \/>\n&#8211; Priklju\u010dna snaga tra\u010dnog za\u0161titnog grija\u010da: max. 500 W<br \/>\n&#8211; Priklju\u010dna snaga elektri\u010dnog grija\u010da vode: max. 3000 W<br \/>\n&#8211; Senzori: 4 x NTC 3435 (kolektor T1, spremnik gore T3, spremnik dolje T2, cjevovod T4)<br \/>\n&#8211; Izlazi: cirkulacijska pumpa za kolektor, pumpa za recirkulaciju sanitarne vode, pomo\u0107no grijanje, za\u0161tita cijevi od smrzavanja, cirkulacijska pumpa visoke temperature izmjenjiva\u010da spremnika.<\/p>\n<p>&nbsp;<\/td>\n<\/tr>\n<tr>\n<td align=\"center\">\u00a0<a href=\"http:\/\/www.asel.hr\/wp-content\/uploads\/2015\/11\/eposude.jpg\"><img decoding=\"async\" loading=\"lazy\" class=\"size-full wp-image-862 aligncenter\" src=\"http:\/\/www.asel.hr\/wp-content\/uploads\/2015\/11\/eposude.jpg\" alt=\"eposude\" width=\"361\" height=\"358\" srcset=\"https:\/\/asel.hr\/wp-content\/uploads\/2015\/11\/eposude.jpg 361w, https:\/\/asel.hr\/wp-content\/uploads\/2015\/11\/eposude-150x150.jpg 150w, https:\/\/asel.hr\/wp-content\/uploads\/2015\/11\/eposude-300x298.jpg 300w\" sizes=\"(max-width: 361px) 100vw, 361px\" \/><\/a><\/td>\n<td><strong>Ekspanzione posude<\/strong><\/p>\n<p>Ekspanzijske (ili ekspanzione) posude namjenjene su preuzimanju vi\u0161ka tlaka u zatvorenom sustavu centralnog grijanja, sustavu sanitarne vode ili solarnom sustavu. Prilikom zagrijavanja teku\u0107ine u zatvorenim sustavima, teku\u0107ina pove\u0107ava svoju zapreminu. To \u0161irenje za posljedicu ima pove\u0107anje tlaka u sustavu te dolazi do prelijevanja teku\u0107ine iz sustava u ekspanzijsku posudu. Posuda sadr\u017ei membranu, a s druge strane je napunjena du\u0161ikom. Po\u0161to se tlak \u0161iri, djeluje na membranu, koja se potiskuje i tako dr\u017ei izjedna\u010den tlak vode u cijevima sustava na koji je instalirana. Hla\u0111enjem teku\u0107ine, tlak popu\u0161ta, a du\u0161ik se dekomprimira i tako tjera vodu natrag u cijev. Sve se to doga\u0111a bez prisustva zraka, pa se sprje\u010dava korozija unutar ekspanzijske posude.<\/p>\n<p>Dostupne u veli\u010dinama: 8L, 12L, 18L<\/p>\n<p>&nbsp;<\/td>\n<\/tr>\n<tr>\n<td align=\"center\">\u00a0<a href=\"http:\/\/www.asel.hr\/wp-content\/uploads\/2015\/11\/ventil-netlacni-mala.png\"><img decoding=\"async\" loading=\"lazy\" class=\"size-full wp-image-863 aligncenter\" src=\"http:\/\/www.asel.hr\/wp-content\/uploads\/2015\/11\/ventil-netlacni-mala.png\" alt=\"ventil netlacni mala\" width=\"150\" height=\"149\" \/><\/a><\/td>\n<td><strong>Elektroventil &#8211; netla\u010dniPriklju\u010dak: 12V DC, 1\/2&#8243;<\/strong><\/p>\n<p>Naj\u0107e\u0161\u0107e se koristi za punjenje netla\u010dnih integriranih bojlera iz povi\u0161enih \u0161terni.<\/p>\n<p>Radni vijek &gt; 100.000 ciklusa<br \/>\nRadni pritisak: 0.1-5bara<\/p>\n<p>Elektroventil upravlja punjenje i nivo u<br \/>\nspremniku preko elektronike, koja dobija informaciju o temperaturi i nivou preko sonde. Velike mogu\u0107nosti programiranja elektronike!<\/td>\n<\/tr>\n<\/tbody>\n<\/table>\n<p>&nbsp;<br \/>\n<center><font size=\"3\">Detaljnije o ponudama i cijenama posjetite na\u0161u internet trgovinu na ovom <a href=\"http:\/\/asel.hr\/webshop\/\">linku<\/a><\/font><\/center><br \/>\n&nbsp;<\/p>\n","protected":false},"excerpt":{"rendered":"<p>&nbsp; Kontroler AM-7 AM-7 inteligentni kontroler specijalno je dizajniran ure\u0111aj za solarni kolektor s integriranim bojlerom. Namjena ure\u0111aja je vremenski programirano precizno upravljanje temperaturom vode u bojleru uz prikaz trenutne temperature i to\u010dnog vremena. Ure\u0111aj upravlja elektri\u010dnim grija\u010dem i vrlo je podesan za upravljanje dogrijavanja elektri\u010dnom energijom kod solarnih bojlera. Karakteristike AM-7: -s elektroventilom punjenja [&hellip;]<\/p>\n","protected":false},"author":1,"featured_media":0,"parent":0,"menu_order":0,"comment_status":"closed","ping_status":"closed","template":"","meta":[],"_links":{"self":[{"href":"https:\/\/asel.hr\/index.php?rest_route=\/wp\/v2\/pages\/859"}],"collection":[{"href":"https:\/\/asel.hr\/index.php?rest_route=\/wp\/v2\/pages"}],"about":[{"href":"https:\/\/asel.hr\/index.php?rest_route=\/wp\/v2\/types\/page"}],"author":[{"embeddable":true,"href":"https:\/\/asel.hr\/index.php?rest_route=\/wp\/v2\/users\/1"}],"replies":[{"embeddable":true,"href":"https:\/\/asel.hr\/index.php?rest_route=%2Fwp%2Fv2%2Fcomments&post=859"}],"version-history":[{"count":13,"href":"https:\/\/asel.hr\/index.php?rest_route=\/wp\/v2\/pages\/859\/revisions"}],"predecessor-version":[{"id":1497,"href":"https:\/\/asel.hr\/index.php?rest_route=\/wp\/v2\/pages\/859\/revisions\/1497"}],"wp:attachment":[{"href":"https:\/\/asel.hr\/index.php?rest_route=%2Fwp%2Fv2%2Fmedia&parent=859"}],"curies":[{"name":"wp","href":"https:\/\/api.w.org\/{rel}","templated":true}]}}