{"id":843,"date":"2015-11-11T13:29:35","date_gmt":"2015-11-11T13:29:35","guid":{"rendered":"http:\/\/www.asel.hr\/?page_id=843"},"modified":"2018-07-04T07:18:41","modified_gmt":"2018-07-04T07:18:41","slug":"solarni-spremnici-vode","status":"publish","type":"page","link":"https:\/\/asel.hr\/?page_id=843","title":{"rendered":"SOLARNI SPREMNICI VODE"},"content":{"rendered":"<h1>SOLARNI SPREMNICI VODE<\/h1>\n<p>&nbsp;<br \/>\n&nbsp;<\/p>\n<table>\n<tbody>\n<tr>\n<td align=\"center\"><b>POLIPROPILEN<\/b><br \/>\n&nbsp;<br \/>\nNetla\u010dno\/tla\u010dni bojleri (netla\u010dna akumulacija, tla\u010dni izmjenjiva\u010di)<br \/>\nVeli\u010dine od 100l do 2000l, ovisno o \u017eeljama kupaca.<br \/>\nSolarni kolektori se mogu spajati na razli\u010dite na\u010dine sa PP spremnicima:<br \/>\n&nbsp;<br \/>\nNETLA\u010cNI kolektori \u2013 voda u PP spremniku izmjenjiva\u010d (najsna\u017eniji izmjenjiva\u010d, najbolji odnos cijene i kvalitete)<br \/>\nNETLA\u010cNI kolektori \u2013 donji izmjenjiva\u010d u PP spremniku (sli\u010dna oprema i rad kao kod tla\u010dnih solarnih krugova, samo je dosta jeftinije)<br \/>\nTLA\u010cNI kolektori \u2013 donji izmjenjiva\u010d u PP spremniku<br \/>\n&nbsp;<br \/>\nPP spremnici mogu imati 1, 2 3 ili vi\u0161e izmjenjiva\u010da, izmjenjiva\u010di su napravljeni od kvalitetnog inox SUS 304<\/td>\n<td align=\"center\"><b>ROSTFREI<\/b><br \/>\n&nbsp;<br \/>\nTla\u010dni spremnici sa tla\u010dnim izmjenjiva\u010dima. Imaju ugra\u0111eni elektri\u010dni grija\u010d za eventualno dogrijavanje vode. Jedan ili dva izmjenjiva\u010da.<\/td>\n<\/tr>\n<tr>\n<td align=\"center\"><img decoding=\"async\" loading=\"lazy\" class=\"wp-image-845 size-medium aligncenter\" src=\"http:\/\/www.asel.hr\/wp-content\/uploads\/2015\/11\/pp_bojler-155x300.jpg\" alt=\"pp_bojler\" width=\"155\" height=\"300\" srcset=\"https:\/\/asel.hr\/wp-content\/uploads\/2015\/11\/pp_bojler-155x300.jpg 155w, https:\/\/asel.hr\/wp-content\/uploads\/2015\/11\/pp_bojler.jpg 227w\" sizes=\"(max-width: 155px) 100vw, 155px\" \/><\/td>\n<td align=\"center\"><img decoding=\"async\" loading=\"lazy\" class=\"aligncenter wp-image-844 size-medium\" src=\"http:\/\/www.asel.hr\/wp-content\/uploads\/2015\/11\/solarni-spremnik-190x300.jpg\" alt=\"solarni spremnik\" width=\"190\" height=\"300\" srcset=\"https:\/\/asel.hr\/wp-content\/uploads\/2015\/11\/solarni-spremnik-190x300.jpg 190w, https:\/\/asel.hr\/wp-content\/uploads\/2015\/11\/solarni-spremnik.jpg 227w\" sizes=\"(max-width: 190px) 100vw, 190px\" \/><\/td>\n<\/tr>\n<tr>\n<td valign=\"top\">\n<table border=\"1\" width=\"356\" cellspacing=\"2\" cellpadding=\"2\">\n<tbody>\n<tr>\n<td bgcolor=\"#FFCC33\" width=\"98\">Unutarnji promjer<\/td>\n<td bgcolor=\"#FFCC33\" width=\"78\">\n<div align=\"center\">50cm<\/div>\n<\/td>\n<td bgcolor=\"#FFCC33\" width=\"77\">\n<div align=\"center\">60cm<\/div>\n<\/td>\n<td bgcolor=\"#FFCC33\" width=\"65\">\n<div align=\"center\">80cm<\/div>\n<\/td>\n<\/tr>\n<tr>\n<td bgcolor=\"#FFCC33\">Vanjski promjer<\/td>\n<td bgcolor=\"#FFCC33\" width=\"78\">\n<div align=\"center\">64 cm<\/div>\n<\/td>\n<td bgcolor=\"#FFCC33\" width=\"77\">\n<div align=\"center\">76 cm<\/div>\n<\/td>\n<td bgcolor=\"#FFCC33\" width=\"65\">\n<div align=\"center\">98 cm<\/div>\n<\/td>\n<\/tr>\n<tr>\n<td bgcolor=\"#FFCC33\">Volumen<\/td>\n<td colspan=\"3\" bgcolor=\"#FFCC33\">\n<div align=\"center\">Visine:<\/div>\n<\/td>\n<\/tr>\n<tr>\n<td bgcolor=\"#FFCC33\">200 litara<\/td>\n<td bgcolor=\"#FFCC33\" width=\"78\">\n<div align=\"center\">122 cm<\/div>\n<\/td>\n<td bgcolor=\"#FFCC33\" width=\"77\">\n<div align=\"center\">91 cm<\/div>\n<\/td>\n<td bgcolor=\"#FFCC33\" width=\"65\">\n<div align=\"center\">50 cm<\/div>\n<\/td>\n<\/tr>\n<tr>\n<td bgcolor=\"#FFCC33\">300 litara<\/td>\n<td bgcolor=\"#FFCC33\" width=\"78\">\n<div align=\"center\">173 cm<\/div>\n<\/td>\n<td bgcolor=\"#FFCC33\" width=\"77\">\n<div align=\"center\">126 cm<\/div>\n<\/td>\n<td bgcolor=\"#FFCC33\" width=\"65\">\n<div align=\"center\">80 cm<\/div>\n<\/td>\n<\/tr>\n<tr>\n<td bgcolor=\"#FFCC33\">400 litara<\/td>\n<td bgcolor=\"#FFCC33\" width=\"78\">\n<div align=\"center\">224 cm<\/div>\n<\/td>\n<td bgcolor=\"#FFCC33\" width=\"77\">\n<div align=\"center\">166 cm<\/div>\n<\/td>\n<td bgcolor=\"#FFCC33\" width=\"65\">\n<div align=\"center\">100 cm<\/div>\n<\/td>\n<\/tr>\n<tr>\n<td bgcolor=\"#FFCC33\">500 litara<\/td>\n<td bgcolor=\"#FFCC33\" width=\"78\">\n<div align=\"center\">275 cm<\/div>\n<\/td>\n<td bgcolor=\"#FFCC33\" width=\"77\">\n<div align=\"center\">197 cm<\/div>\n<\/td>\n<td bgcolor=\"#FFCC33\" width=\"65\">\n<div align=\"center\">120 cm<\/div>\n<\/td>\n<\/tr>\n<tr>\n<td bgcolor=\"#FFCC33\">600 litara<\/td>\n<td bgcolor=\"#FFCC33\" width=\"78\"><\/td>\n<td bgcolor=\"#FFCC33\" width=\"77\">\n<div align=\"center\">233 cm<\/div>\n<\/td>\n<td bgcolor=\"#FFCC33\" width=\"65\">\n<div align=\"center\">140 cm<\/div>\n<\/td>\n<\/tr>\n<tr>\n<td bgcolor=\"#FFCC33\">700 litara<\/td>\n<td bgcolor=\"#FFCC33\" width=\"78\"><\/td>\n<td bgcolor=\"#FFCC33\" width=\"77\">\n<div align=\"center\">268 cm<\/div>\n<\/td>\n<td bgcolor=\"#FFCC33\" width=\"65\">\n<div align=\"center\">160 cm<\/div>\n<\/td>\n<\/tr>\n<tr>\n<td bgcolor=\"#FFCC33\">800 litara<\/td>\n<td bgcolor=\"#FFCC33\" width=\"78\"><\/td>\n<td bgcolor=\"#FFCC33\" width=\"77\">\n<div align=\"center\">303 cm<\/div>\n<\/td>\n<td bgcolor=\"#FFCC33\" width=\"65\">\n<div align=\"center\">180 cm<\/div>\n<\/td>\n<\/tr>\n<tr>\n<td bgcolor=\"#FFCC33\">1000 litara<\/td>\n<td bgcolor=\"#FFCC33\" width=\"78\"><\/td>\n<td bgcolor=\"#FFCC33\" width=\"77\"><\/td>\n<td bgcolor=\"#FFCC33\" width=\"65\">\n<div align=\"center\">220 cm<\/div>\n<\/td>\n<\/tr>\n<tr>\n<td bgcolor=\"#FFCC33\">1200 litara<\/td>\n<td bgcolor=\"#FFCC33\" width=\"78\"><\/td>\n<td bgcolor=\"#FFCC33\" width=\"77\"><\/td>\n<td bgcolor=\"#FFCC33\" width=\"65\">\n<div align=\"center\">260 cm<\/div>\n<\/td>\n<\/tr>\n<tr>\n<td bgcolor=\"#FFCC33\">Priklju\u010dci<\/td>\n<td bgcolor=\"#FFCC33\" width=\"78\">\n<div align=\"center\">1\/2&#8243;<\/div>\n<\/td>\n<td bgcolor=\"#FFCC33\" width=\"77\">\n<div align=\"center\">1\/2&#8243;<\/div>\n<\/td>\n<td bgcolor=\"#FFCC33\" width=\"65\">\n<div align=\"center\">1\/2&#8243;<\/div>\n<\/td>\n<\/tr>\n<\/tbody>\n<\/table>\n<\/td>\n<td>\n<table border=\"2\" width=\"330\" cellspacing=\"2\" cellpadding=\"2\" bgcolor=\"#FFFFCC\">\n<tbody>\n<tr bgcolor=\"#FFCC33\">\n<td width=\"124\">Model<\/td>\n<td width=\"88\">200L<\/td>\n<td colspan=\"2\" width=\"88\">500L<\/td>\n<\/tr>\n<tr bgcolor=\"#FFCC33\">\n<td>Unutarnji promjer(mm)<\/td>\n<td>?438<\/td>\n<td colspan=\"2\">?613<\/td>\n<\/tr>\n<tr bgcolor=\"#FFCC33\">\n<td>Vanjski promjer (mm)<\/td>\n<td>?520<\/td>\n<td colspan=\"2\">?710<\/td>\n<\/tr>\n<tr bgcolor=\"#FFCC33\">\n<td width=\"124\">Materijal i debljina unutarnjeg spremnika (mm)<\/td>\n<td width=\"88\">Rostfrei<br \/>\n2.0mm<\/td>\n<td colspan=\"2\" width=\"88\">Rostfrei<br \/>\n2.5mm<\/td>\n<\/tr>\n<tr bgcolor=\"#FFCC33\">\n<td width=\"124\">Materijal i debljina<br \/>\noklopa (mm)<\/td>\n<td width=\"88\">Galvanizirani \u010delik<br \/>\n0.5mm<\/td>\n<td colspan=\"2\" width=\"88\">Galvanizirani \u010delik<br \/>\n0.5mm<\/td>\n<\/tr>\n<tr bgcolor=\"#FFCC33\">\n<td width=\"124\">Debljina izolacije (mm)<\/td>\n<td width=\"88\">40mm<\/td>\n<td colspan=\"2\">40mm<\/td>\n<\/tr>\n<tr bgcolor=\"#FFCC33\">\n<td width=\"124\">Povr\u0161ina gornjeg izmjenjiva\u010da<br \/>\n(m 2 )<\/td>\n<td width=\"88\">0,4<\/td>\n<td colspan=\"2\">0,5<\/td>\n<\/tr>\n<tr bgcolor=\"#FFCC33\">\n<td width=\"124\">Povr\u0161ina doljnjeg izmjenjiva\u010da<br \/>\n(m 2 )<\/td>\n<td width=\"88\">0,6<\/td>\n<td colspan=\"2\">0,8<\/td>\n<\/tr>\n<tr bgcolor=\"#FFCC33\">\n<td width=\"124\">Priklju\u010dak<\/td>\n<td width=\"88\">3\/4&#8243;<\/td>\n<td colspan=\"2\">3\/4&#8243;<\/td>\n<\/tr>\n<tr bgcolor=\"#FFCC33\">\n<td width=\"124\">Elektri\u010dni grija\u010d<\/td>\n<td width=\"88\">2.0 KW<\/td>\n<td colspan=\"2\">3.0 KW<\/td>\n<\/tr>\n<tr bgcolor=\"#FFCC33\">\n<td width=\"124\">Vanjska dimenzija (mm)<\/td>\n<td width=\"88\">?520*1530<\/td>\n<td colspan=\"2\">?710*1715<\/td>\n<\/tr>\n<tr bgcolor=\"#FFCC33\">\n<td width=\"124\">veli\u010dina pakiranja (mm)<\/td>\n<td width=\"88\">550*550*1625<\/td>\n<td colspan=\"2\">740*740*1800<\/td>\n<\/tr>\n<tr bgcolor=\"#FFCC33\">\n<td width=\"124\" height=\"43\">Te\u017eina (Kg)<\/td>\n<td width=\"88\">68<\/td>\n<td colspan=\"2\">122<\/td>\n<\/tr>\n<\/tbody>\n<\/table>\n<\/td>\n<\/tr>\n<tr>\n<td><\/td>\n<td><\/td>\n<\/tr>\n<\/tbody>\n<\/table>\n<p><a href=\"http:\/\/www.asel.hr\/wp-content\/uploads\/2015\/11\/ppbojler.jpg\"><img decoding=\"async\" loading=\"lazy\" class=\"size-full wp-image-853 aligncenter\" src=\"http:\/\/www.asel.hr\/wp-content\/uploads\/2015\/11\/ppbojler.jpg\" alt=\"ppbojler\" width=\"672\" height=\"960\" srcset=\"https:\/\/asel.hr\/wp-content\/uploads\/2015\/11\/ppbojler.jpg 672w, https:\/\/asel.hr\/wp-content\/uploads\/2015\/11\/ppbojler-210x300.jpg 210w\" sizes=\"(max-width: 672px) 100vw, 672px\" \/><\/a><\/p>\n<p style=\"text-align: center;\"><a href=\"http:\/\/www.asel.hr\/wp-content\/uploads\/2015\/11\/ppbojlerspajanje.jpg\"><img decoding=\"async\" loading=\"lazy\" class=\"alignnone size-full wp-image-852\" src=\"http:\/\/www.asel.hr\/wp-content\/uploads\/2015\/11\/ppbojlerspajanje.jpg\" alt=\"ppbojlerspajanje\" width=\"540\" height=\"661\" srcset=\"https:\/\/asel.hr\/wp-content\/uploads\/2015\/11\/ppbojlerspajanje.jpg 540w, https:\/\/asel.hr\/wp-content\/uploads\/2015\/11\/ppbojlerspajanje-245x300.jpg 245w\" sizes=\"(max-width: 540px) 100vw, 540px\" \/><\/a><\/p>\n<p>&nbsp;<br \/>\n<center><font size=\"3\">Detaljnije o ponudama i cijenama posjetite na\u0161u internet trgovinu na ovom <a href=\"http:\/\/asel.hr\/webshop\/\">linku<\/a><\/font><\/center><br \/>\n&nbsp;<\/p>\n","protected":false},"excerpt":{"rendered":"<p>SOLARNI SPREMNICI VODE &nbsp; &nbsp; POLIPROPILEN &nbsp; Netla\u010dno\/tla\u010dni bojleri (netla\u010dna akumulacija, tla\u010dni izmjenjiva\u010di) Veli\u010dine od 100l do 2000l, ovisno o \u017eeljama kupaca. Solarni kolektori se mogu spajati na razli\u010dite na\u010dine sa PP spremnicima: &nbsp; NETLA\u010cNI kolektori \u2013 voda u PP spremniku izmjenjiva\u010d (najsna\u017eniji izmjenjiva\u010d, najbolji odnos cijene i kvalitete) NETLA\u010cNI kolektori \u2013 donji izmjenjiva\u010d u [&hellip;]<\/p>\n","protected":false},"author":1,"featured_media":0,"parent":0,"menu_order":0,"comment_status":"closed","ping_status":"closed","template":"","meta":[],"_links":{"self":[{"href":"https:\/\/asel.hr\/index.php?rest_route=\/wp\/v2\/pages\/843"}],"collection":[{"href":"https:\/\/asel.hr\/index.php?rest_route=\/wp\/v2\/pages"}],"about":[{"href":"https:\/\/asel.hr\/index.php?rest_route=\/wp\/v2\/types\/page"}],"author":[{"embeddable":true,"href":"https:\/\/asel.hr\/index.php?rest_route=\/wp\/v2\/users\/1"}],"replies":[{"embeddable":true,"href":"https:\/\/asel.hr\/index.php?rest_route=%2Fwp%2Fv2%2Fcomments&post=843"}],"version-history":[{"count":12,"href":"https:\/\/asel.hr\/index.php?rest_route=\/wp\/v2\/pages\/843\/revisions"}],"predecessor-version":[{"id":1496,"href":"https:\/\/asel.hr\/index.php?rest_route=\/wp\/v2\/pages\/843\/revisions\/1496"}],"wp:attachment":[{"href":"https:\/\/asel.hr\/index.php?rest_route=%2Fwp%2Fv2%2Fmedia&parent=843"}],"curies":[{"name":"wp","href":"https:\/\/api.w.org\/{rel}","templated":true}]}}