{"id":822,"date":"2015-11-11T12:26:35","date_gmt":"2015-11-11T12:26:35","guid":{"rendered":"http:\/\/www.asel.hr\/?page_id=822"},"modified":"2018-07-04T07:18:09","modified_gmt":"2018-07-04T07:18:09","slug":"integrirani-netlacni-kolektori","status":"publish","type":"page","link":"https:\/\/asel.hr\/?page_id=822","title":{"rendered":"INTEGRIRANI NETLA\u010cNI KOLEKTORI"},"content":{"rendered":"<h1>INTEGRIRANI NETLA\u010cNI KOLEKTORI<\/h1>\n<p>&nbsp;<br \/>\n&nbsp;<\/p>\n<p style=\"text-align: center;\">Kroz solarne vakuumske grija\u010de cijevi cirkulira voda. Voda se u vakuumskim cijevima zagrijava putem sun\u010deve energije te se ona prirodno podi\u017ee u spremnik dok se hladnija voda iz spremnika spu\u0161ta dolje na dno vakuumskih cijevi zagrijavaju\u0107i vodu tako u cijelom spremniku. Nije potrebna pumpa niti cijevovod izme\u0111u grija\u010dih cijevi (kolektora) i spremnika. Voda u spremniku nije pod tlakom. Izlazna voda iz slavina te\u010de hidrostatskim tlakom (prirodnim padom) te je potrebno solarni kolektor sa integriranim spremnikom podignuti na uzvi\u0161eno mjesto (krov ili terasu).<\/p>\n<p>&nbsp;<\/p>\n<p style=\"text-align: center;\"><img decoding=\"async\" loading=\"lazy\" class=\"alignnone size-full wp-image-823\" src=\"http:\/\/www.asel.hr\/wp-content\/uploads\/2015\/11\/Netlacni-s-nivo-ventilom.jpg\" alt=\"Netlacni s nivo-ventilom\" width=\"500\" height=\"278\" srcset=\"https:\/\/asel.hr\/wp-content\/uploads\/2015\/11\/Netlacni-s-nivo-ventilom.jpg 500w, https:\/\/asel.hr\/wp-content\/uploads\/2015\/11\/Netlacni-s-nivo-ventilom-300x167.jpg 300w\" sizes=\"(max-width: 500px) 100vw, 500px\" \/><br \/>\n<b>Shema spajanje netla\u010dnog solarnog spremnika sa nivo ventilom<\/b><\/p>\n<p>&nbsp;<\/p>\n<p style=\"text-align: center;\">Spajanje na tla\u010dni vod preko nivo ventila (4) koji odr\u017eava spremnik uvijek pun do vrha. Izlaz tople vode sa dna, nije pod pritiskom,(hidrostatski tlak,slobodni pad) pa spremnik mora biti na povi\u0161enom mjestu. Odu\u0161ak (5) na tanku se mora zatvoriti i postaviti oko 0,5m cijev za odu\u0161ak (6) na nivo ventil<\/p>\n<p style=\"text-align: center;\"><img decoding=\"async\" loading=\"lazy\" class=\"alignnone size-full wp-image-824\" src=\"http:\/\/www.asel.hr\/wp-content\/uploads\/2015\/11\/Netlacni-s-elektronikom.jpg\" alt=\"Netlacni s elektronikom\" width=\"500\" height=\"246\" srcset=\"https:\/\/asel.hr\/wp-content\/uploads\/2015\/11\/Netlacni-s-elektronikom.jpg 500w, https:\/\/asel.hr\/wp-content\/uploads\/2015\/11\/Netlacni-s-elektronikom-300x148.jpg 300w\" sizes=\"(max-width: 500px) 100vw, 500px\" \/><\/p>\n<p><b>Shema spajanja netla\u010dnog solarnog spremnika preko elektroventila sa kontrolerom<\/b><br \/>\n&nbsp;<\/p>\n<p style=\"text-align: center;\">-Spajanje na tla\u010dni vod preko elektroventila 5 koji upravlja punjenje i nivo u spremniku preko elektronike, koja dobija informaciju o temperaturi i nivou preko sonde 4. Velike mogu\u0107nosti programiranja elektronike!<br \/>\n-Mogu\u0107e je napajanje vodom netla\u010dno (npr. \u0161terna). Potrebno je samo osigurati dotok vode a isporu\u010dujemo netla\u010dni elektroventilventil 5 na zahtjev! Ako nema dotoka, umjesto elektroventila ugra\u0111uje se pumpa koja puni bojler.<\/p>\n<p>&nbsp;<\/p>\n<p style=\"text-align: center;\"><img decoding=\"async\" loading=\"lazy\" class=\"alignnone size-full wp-image-825\" src=\"http:\/\/www.asel.hr\/wp-content\/uploads\/2015\/11\/shema-kontrolera2.jpg\" alt=\"shema kontrolera2\" width=\"350\" height=\"407\" srcset=\"https:\/\/asel.hr\/wp-content\/uploads\/2015\/11\/shema-kontrolera2.jpg 350w, https:\/\/asel.hr\/wp-content\/uploads\/2015\/11\/shema-kontrolera2-258x300.jpg 258w\" sizes=\"(max-width: 350px) 100vw, 350px\" \/><\/p>\n<p><b>Shema spajanja netla\u010dnog solarnog spremnika sa zajedni\u010dkom<br \/>\ncijevi za punjenje i pra\u017enjenje<\/b><br \/>\n&nbsp;<\/p>\n<table border=\"1\" width=\"528\" align=\"center\" bgcolor=\"#7B060A\">\n<tbody>\n<tr bgcolor=\"#990000\">\n<td width=\"437\" height=\"28\">\n<div align=\"center\"><span style=\"color: #ffffff;\">NAZIV PROIZVODA<\/span><\/div>\n<\/td>\n<\/tr>\n<tr bgcolor=\"#FFFFCC\">\n<td><strong><em>INV 100 18 58 10 GR<\/em><\/strong><br \/>\n&#8211; <em>Integrirani ne-tla\u010dni 100 litara sol.bojler sa upojnom povr\u0161inom 1.5m2<br \/>\n&#8211; 10 komada grija\u010dih cijevi promjera 58mm du\u017eine 1,8 meta<\/em>r<br \/>\n&#8211; snaga 1125W.<br \/>\n  Three Layer cijevi (Kvalitetne cijevi sa tri fotoosjetljiva sloja koja omogu\u0107uju kori\u0161tenje solarne energije i kada nema sunca)<br \/>\n<a href=\"http:\/\/www.asel.hr\/wp-content\/uploads\/2015\/11\/INV100-18-58-10.jpg\"> (slika konstrukcije&#8230;)<\/a><\/td>\n<\/tr>\n<tr bgcolor=\"#FFFFCC\">\n<td><strong><em>INV150 18 58 15 GR<\/em><\/strong><em><br \/>\n&#8211;  Integrirani ne-tla\u010dni 150 litara sol.bojler sa upojnom povr\u0161inom 2.25m2.<br \/>\n&#8211; 15 komada grija\u010dih cijevi promjera 58mm du\u017eine 1,8 metar<br \/>\n&#8211; snaga 1688W.<br \/>\n  Three Layer cijevi (Kvalitetne cijevi sa tri fotoosjetljiva sloja koja omogu\u0107uju kori\u0161tenje solarne energije i kada nema sunca) <\/em><br \/>\n<\/em><\/strong><\/td>\n<\/tr>\n<tr bgcolor=\"#FFFFCC\">\n<td height=\"66\"><strong><em>INV 200 18 58 20 GR <\/em><\/strong><em><br \/>\n&#8211; Integrirani ne-tla\u010dni 200 litara sol.bojler sa upojnom povr\u0161inom 3,6 m2<br \/>\n&#8211; 20 komada grija\u010dih cijevi promjera 58mm du\u017eine 1,8 metar<br \/>\n&#8211; snaga 2700W.<br \/>\n  Three Layer cijevi (Kvalitetne cijevi sa tri fotoosjetljiva sloja koja omogu\u0107uju kori\u0161tenje solarne energije i kada nema sunca)<br \/>\n<\/em><em>Dimenzije cca. 2,25&#215;2,25m <a href=\"http:\/\/www.asel.hr\/wp-content\/uploads\/2015\/11\/INV200-konstrukcija.jpg\">(slika konstrukcije&#8230;)<\/a><br \/>\n<\/em><\/td>\n<\/tr>\n<tr bgcolor=\"#FFFFCC\">\n<td height=\"20\"><strong><em>INV 250 18 58 25 GR <\/em><\/strong><em><br \/>\n&#8211; Integrirani ne-tla\u010dni 250 litara sol.bojler sa upojnom povr\u0161inom 3,75 m2<br \/>\n&#8211; 25 komada grija\u010dih cijevi promjera 58mm du\u017eine 1,8 metar<\/em> <a href=\"http:\/\/asel.hr\/images\/INV250%20konstrukcija.jpg\"><br \/>\n<\/a><em>&#8211; snaga 2800W.<\/em><br \/>\n  Three Layer cijevi (Kvalitetne cijevi sa tri fotoosjetljiva sloja koja omogu\u0107uju kori\u0161tenje solarne energije i kada nema sunca)<br \/>\n  <a href=\"http:\/\/www.asel.hr\/wp-content\/uploads\/2015\/11\/INV250-konstrukcija.jpg\"><\/a><em>Dimenzije cca. 2,30&#215;2,15m<\/em><a href=\"http:\/\/www.asel.hr\/wp-content\/uploads\/2015\/11\/INV250-konstrukcija.jpg\"> (slika konstrukcije&#8230;)<\/a><\/td>\n<\/tr>\n<tr bgcolor=\"#FFFFCC\">\n<td height=\"55\"><strong><em>INV 300 18 58 30 GR <\/em><\/strong><em><br \/>\n&#8211; Integrirani ne-tla\u010dni 300 litara sol.bojler sa upojnom povr\u0161inom 4,5 m2<br \/>\n&#8211; 30 komada grija\u010dih cijevi promjera 58mm du\u017eine 1,8 metar<\/em><br \/>\n&#8211; <em>snaga 3380W.<\/em><br \/>\n  Three Layer cijevi (Kvalitetne cijevi sa tri fotoosjetljiva sloja koja omogu\u0107uju kori\u0161tenje solarne energije i kada nema sunca)<br \/>\n<em>Dimenzije cca. 2,30&#215;2,6m<\/em><a href=\"http:\/\/www.asel.hr\/wp-content\/uploads\/2015\/11\/inv300-konstrukcija.jpg\"> (slika konstrukcije&#8230;)<\/a><\/td>\n<\/tr>\n<\/tbody>\n<\/table>\n<p>&nbsp;<br \/>\n<center><font size=\"3\">Detaljnije o ponudama i cijenama posjetite na\u0161u internet trgovinu na ovom <a href=\"http:\/\/asel.hr\/webshop\/\">linku<\/a><\/font><\/center><br \/>\n&nbsp;<\/p>\n","protected":false},"excerpt":{"rendered":"<p>INTEGRIRANI NETLA\u010cNI KOLEKTORI &nbsp; &nbsp; Kroz solarne vakuumske grija\u010de cijevi cirkulira voda. Voda se u vakuumskim cijevima zagrijava putem sun\u010deve energije te se ona prirodno podi\u017ee u spremnik dok se hladnija voda iz spremnika spu\u0161ta dolje na dno vakuumskih cijevi zagrijavaju\u0107i vodu tako u cijelom spremniku. Nije potrebna pumpa niti cijevovod izme\u0111u grija\u010dih cijevi (kolektora) [&hellip;]<\/p>\n","protected":false},"author":1,"featured_media":0,"parent":0,"menu_order":0,"comment_status":"closed","ping_status":"closed","template":"","meta":[],"_links":{"self":[{"href":"https:\/\/asel.hr\/index.php?rest_route=\/wp\/v2\/pages\/822"}],"collection":[{"href":"https:\/\/asel.hr\/index.php?rest_route=\/wp\/v2\/pages"}],"about":[{"href":"https:\/\/asel.hr\/index.php?rest_route=\/wp\/v2\/types\/page"}],"author":[{"embeddable":true,"href":"https:\/\/asel.hr\/index.php?rest_route=\/wp\/v2\/users\/1"}],"replies":[{"embeddable":true,"href":"https:\/\/asel.hr\/index.php?rest_route=%2Fwp%2Fv2%2Fcomments&post=822"}],"version-history":[{"count":15,"href":"https:\/\/asel.hr\/index.php?rest_route=\/wp\/v2\/pages\/822\/revisions"}],"predecessor-version":[{"id":1494,"href":"https:\/\/asel.hr\/index.php?rest_route=\/wp\/v2\/pages\/822\/revisions\/1494"}],"wp:attachment":[{"href":"https:\/\/asel.hr\/index.php?rest_route=%2Fwp%2Fv2%2Fmedia&parent=822"}],"curies":[{"name":"wp","href":"https:\/\/api.w.org\/{rel}","templated":true}]}}