{"id":804,"date":"2015-11-11T12:02:03","date_gmt":"2015-11-11T12:02:03","guid":{"rendered":"http:\/\/www.asel.hr\/?page_id=804"},"modified":"2018-07-04T07:17:51","modified_gmt":"2018-07-04T07:17:51","slug":"integrirani-tlacni-kolektori","status":"publish","type":"page","link":"https:\/\/asel.hr\/?page_id=804","title":{"rendered":"INTEGRIRANI TLA\u010cNI KOLEKTORI"},"content":{"rendered":"<h1>INTEGRIRANI TLA\u010cNI KOLEKTORI<\/h1>\n<p>&nbsp;<br \/>\n&nbsp;<\/p>\n<p style=\"text-align: center;\"><img decoding=\"async\" loading=\"lazy\" class=\"alignnone size-full wp-image-806\" src=\"http:\/\/www.asel.hr\/wp-content\/uploads\/2015\/11\/inv200dim.jpg\" alt=\"inv200dim\" width=\"300\" height=\"248\" \/><\/p>\n<p>&nbsp;<\/p>\n<p style=\"text-align: center;\"><img decoding=\"async\" loading=\"lazy\" class=\"size-full wp-image-805 aligncenter\" src=\"http:\/\/www.asel.hr\/wp-content\/uploads\/2015\/11\/sk111.jpg\" alt=\"sk111\" width=\"449\" height=\"81\" srcset=\"https:\/\/asel.hr\/wp-content\/uploads\/2015\/11\/sk111.jpg 449w, https:\/\/asel.hr\/wp-content\/uploads\/2015\/11\/sk111-300x54.jpg 300w\" sizes=\"(max-width: 449px) 100vw, 449px\" \/><\/p>\n<p>&nbsp;<br \/>\nTla\u010dni spremnik radi na principu protoka vode pod visokim pritiskom. Pritisak ulaza javnog vodovoda jednak je izlazu na slavinama te nije potrebno solarni kolektor sa integriranim spremnikom podignuti na uzvi\u0161eno mjesto. Spremnik je uvijek pun vode. Za ovaj tip solarnih kolektora sa integriranim tla\u010dnim spremnikom nije potreban elektroventil ili nivo ventil niti pumpa.<br \/>\n&nbsp;<br \/>\nU vakumskim grija\u010dim cijevima nalazi se &#8220;Heat pipe&#8221; &#8211; bakrena cijev napunjena sa brzo isparavaju\u0107om teku\u0107inom. Vakumska grija\u010da cijev (kolektor) mo\u017ee zagrijati bakrenu grija\u010du glavu do 240\u00b0C. Nova tehnologija &#8220;Heat pipe&#8221; visoko efikasne grija\u010de cijevi absorbiraju sun\u010devu energiju i prenose toplinu vi\u0161e od 92% te br\u017ee zagrijavaju vodu nego kod klasi\u010dnih vakumskih grija\u010dih cijevi. Prednost je \u0161to nema vode u vakumskim grija\u010dim cijevima te radi \u010dak i u slu\u010daju da je neka od grija\u010dih cijevi razbijena te ne mo\u017ee do\u0107i do smrzavanja u grija\u010dim cijevima.<br \/>\n&nbsp;<\/p>\n<p style=\"text-align: center;\"><img decoding=\"async\" loading=\"lazy\" class=\"alignnone size-full wp-image-807\" src=\"http:\/\/www.asel.hr\/wp-content\/uploads\/2015\/11\/heat-pipe.jpg\" alt=\"heat pipe\" width=\"300\" height=\"177\" \/><\/p>\n<p>&nbsp;<br \/>\n<center><b>KARAKTERISTIKE:<br \/>\n&nbsp;<br \/>\n<\/b><\/center>-Koristi specijalne \u201eHeat-pipe \u201c visoko efikasne grija\u010de cijevi.<br \/>\n-Radi na principu lako-hlapljive teku\u0107ine u bakrenim cjev\u010dicama smje\u0161tenim u fokus grija\u010dih cijevi u visokom vakumu.<br \/>\n-Posti\u017ee temperaturu grija\u0107ih glava i do 240\u00b0C<br \/>\n-Koriste\u0107i novu molekularnu nanotehnologiju, sjajno podi\u017ee absorpciju topline za 20%.<br \/>\n-Ima ve\u0107u sun\u010devu termalnu konverziju i posti\u017ee vi\u0161u temperaturu vode.<br \/>\n-Absorbira toplinu \u010dak i po obla\u010dnom vremenu ,<br \/>\nte zagrijava vodu i pri temperaturama ispod -10\u00b0C !<br \/>\n-Otporno na tu\u010du do 25mm<br \/>\n-Radi \u010dak u slu\u010daju da je neka od grija\u010dih cijevi razbijena<br \/>\n-Unutarnji rezervoar izra\u0111en od rostfraj \u010delika, vanjska obloga od rostfraj \u010delika.<br \/>\n-Odli\u010dna poliuretanska izolacija debljine 55mm<br \/>\n-Magnezij \u0161tapi\u0107 protiv talo\u017eenja kamenca<br \/>\n&nbsp;<\/p>\n<table class=\"aligncenter\" border=\"1\" width=\"520\" align=\"center\" bgcolor=\"#7B060A\">\n<tbody>\n<tr bgcolor=\"#990000\">\n<td height=\"28\">\n<div align=\"center\"><span style=\"color: #ffffff;\">NAZIV PROIZVODA<\/span><\/div>\n<\/td>\n<\/tr>\n<tr bgcolor=\"#FFFFCC\">\n<td width=\"433\"><strong>ITH 150 18 58 15H RE<\/strong><br \/>\n&#8211; Integrirani tla\u010dni (do 8 bara) 150 litara solarni bojler sa upojnom povr\u0161inom 2,25 kvadratna metra<br \/>\n-15 komada grija\u010dih cijevi promjera 58mm du\u017eine 1,8 metar<br \/>\n&#8211; <em>snaga 1690W<\/em><br \/>\nTe\u017eina: 106,5kg (Vakum cijevi 45,5kg, spremnik 52kg, stalak 9kg)<em><br \/>\n(<a href=\"http:\/\/www.asel.hr\/wp-content\/uploads\/2015\/11\/ITH150-15HP-450x600.jpg\">slika konstrukcije&#8230;<\/a>)<\/em><\/td>\n<\/tr>\n<tr bgcolor=\"#FFFFCC\">\n<td height=\"68\"><strong><em>ITH 200 18 58 20H RE<\/em><\/strong><em><br \/>\n<\/em>&#8211; Integrirani tla\u010dni (do 8 bara) 200 litara solarni bojler sa upojnom povr\u0161inom 3 kvadratna metra<br \/>\n&#8211; 20 komada grija\u010dih cijevi promjera 58mm du\u017eine 1,8 metar<em><em><br \/>\n&#8211; snaga 2250W<br \/>\n(<a href=\"http:\/\/www.asel.hr\/wp-content\/uploads\/2015\/11\/002.jpg\">slika konstrukcije&#8230;<\/a>)<\/em><br \/>\n<\/em><\/td>\n<\/tr>\n<tr bgcolor=\"#FFFFCC\">\n<td height=\"68\"><strong><em>ITH 250 18 58 25 RE<\/em><\/strong><em><br \/>\n<\/em>&#8211; Integrirani tla\u010dni (do 8 bara) 250 litara solarni bojler sa upojnom povr\u0161inom 3,75 kvadratna metra<br \/>\n&#8211; 25 komada grija\u010dih cijevi promjera 58mm du\u017eine 1,8 metar<em><em><br \/>\n&#8211; snaga 2800W<br \/>\n(<a href=\"http:\/\/www.asel.hr\/wp-content\/uploads\/2015\/11\/003.jpg\">slika konstrukcije&#8230;<\/a>)<\/em><\/em><\/td>\n<\/tr>\n<tr bgcolor=\"#FFFFCC\">\n<td height=\"68\"><strong><em>ITH 300 18 58 30 RE<\/em><\/strong><em><br \/>\n<\/em>&#8211; Integrirani tla\u010dni (do 8 bara) 300 litara solarni bojler sa upojnom povr\u0161inom 4,5 kvadratna metra<br \/>\n&#8211; 30 komada grija\u010dih cijevi promjera 58mm du\u017eine 1,8 metar<em><em><br \/>\n&#8211; snaga 3760W<br \/>\n(<a href=\"http:\/\/www.asel.hr\/wp-content\/uploads\/2015\/11\/004.jpg\">slika konstrukcije&#8230;<\/a>)<\/em><\/em><\/td>\n<\/tr>\n<\/tbody>\n<\/table>\n<p>&nbsp;<\/p>\n<p style=\"text-align: center;\">Shema spajanja integriranog tla\u010dnog spremnika<br \/>\n<img decoding=\"async\" loading=\"lazy\" class=\"alignnone size-full wp-image-808\" src=\"http:\/\/www.asel.hr\/wp-content\/uploads\/2015\/11\/TLACNI-S-ELEKTRONIKOM-INSTALACIJA.jpg\" alt=\"TLACNI S ELEKTRONIKOM INSTALACIJA\" width=\"500\" height=\"480\" srcset=\"https:\/\/asel.hr\/wp-content\/uploads\/2015\/11\/TLACNI-S-ELEKTRONIKOM-INSTALACIJA.jpg 500w, https:\/\/asel.hr\/wp-content\/uploads\/2015\/11\/TLACNI-S-ELEKTRONIKOM-INSTALACIJA-300x288.jpg 300w\" sizes=\"(max-width: 500px) 100vw, 500px\" \/><\/p>\n<p>Predvi\u0111eno je spajanje bez nepovratnog ventila na ulazu. Kod \u0161irenja vode zbog zagrijavanja, povrat vode je u dolazni priklju\u010dak. Zbog relativno sporih temperaturnih promijena pretpostavlja se da \u0107e se topla voda i pu\u0161tati tijekom grijanja pa \u0107e eventualni povrat biti minimalan. Ako se koristi elektri\u010dni grija\u010d, njegovo spajanje mora izvesti stru\u010dna osoba, imaju\u0107i u vidu lokalne propise o za\u0161titi. Na ispust sigurnosnog ventila postaviti cijev, tako da se sprije\u010di eventualno prskanje osoba i predmeta vru\u0107om vodom!<\/p>\n<p>&nbsp;<br \/>\n<center><font size=\"3\">Detaljnije o ponudama i cijenama posjetite na\u0161u internet trgovinu na ovom <a href=\"http:\/\/asel.hr\/webshop\/\">linku<\/a><\/font><\/center><br \/>\n&nbsp;<\/p>\n","protected":false},"excerpt":{"rendered":"<p>INTEGRIRANI TLA\u010cNI KOLEKTORI &nbsp; &nbsp; &nbsp; &nbsp; Tla\u010dni spremnik radi na principu protoka vode pod visokim pritiskom. Pritisak ulaza javnog vodovoda jednak je izlazu na slavinama te nije potrebno solarni kolektor sa integriranim spremnikom podignuti na uzvi\u0161eno mjesto. Spremnik je uvijek pun vode. Za ovaj tip solarnih kolektora sa integriranim tla\u010dnim spremnikom nije potreban elektroventil [&hellip;]<\/p>\n","protected":false},"author":1,"featured_media":0,"parent":0,"menu_order":0,"comment_status":"closed","ping_status":"closed","template":"","meta":[],"_links":{"self":[{"href":"https:\/\/asel.hr\/index.php?rest_route=\/wp\/v2\/pages\/804"}],"collection":[{"href":"https:\/\/asel.hr\/index.php?rest_route=\/wp\/v2\/pages"}],"about":[{"href":"https:\/\/asel.hr\/index.php?rest_route=\/wp\/v2\/types\/page"}],"author":[{"embeddable":true,"href":"https:\/\/asel.hr\/index.php?rest_route=\/wp\/v2\/users\/1"}],"replies":[{"embeddable":true,"href":"https:\/\/asel.hr\/index.php?rest_route=%2Fwp%2Fv2%2Fcomments&post=804"}],"version-history":[{"count":16,"href":"https:\/\/asel.hr\/index.php?rest_route=\/wp\/v2\/pages\/804\/revisions"}],"predecessor-version":[{"id":1493,"href":"https:\/\/asel.hr\/index.php?rest_route=\/wp\/v2\/pages\/804\/revisions\/1493"}],"wp:attachment":[{"href":"https:\/\/asel.hr\/index.php?rest_route=%2Fwp%2Fv2%2Fmedia&parent=804"}],"curies":[{"name":"wp","href":"https:\/\/api.w.org\/{rel}","templated":true}]}}