{"id":789,"date":"2015-11-11T11:34:45","date_gmt":"2015-11-11T11:34:45","guid":{"rendered":"http:\/\/www.asel.hr\/?page_id=789"},"modified":"2018-07-04T07:17:34","modified_gmt":"2018-07-04T07:17:34","slug":"solarni-netlacni-kolektori","status":"publish","type":"page","link":"https:\/\/asel.hr\/?page_id=789","title":{"rendered":"SOLARNI NETLA\u010cNI KOLEKTORI"},"content":{"rendered":"<h1>SOLARNI NETLA\u010cNI KOLEKTORI<\/h1>\n<p>&nbsp;<br \/>\n&nbsp;<br \/>\n<center><img decoding=\"async\" loading=\"lazy\" class=\"size-full wp-image-790 aligncenter\" src=\"http:\/\/www.asel.hr\/wp-content\/uploads\/2015\/11\/solarni-kolektor-split.jpg\" alt=\"solarni kolektor split\" width=\"477\" height=\"310\" srcset=\"https:\/\/asel.hr\/wp-content\/uploads\/2015\/11\/solarni-kolektor-split.jpg 477w, https:\/\/asel.hr\/wp-content\/uploads\/2015\/11\/solarni-kolektor-split-300x195.jpg 300w\" sizes=\"(max-width: 477px) 100vw, 477px\" \/><br \/>\n&nbsp;<br \/>\nKroz solarne vakuumske grija\u010de cijevi cirkulira voda ili antifriz.<br \/>\nTeku\u0107ina se u vakuumskim cijevima zagrijava putem sun\u010deve energije te se ona<br \/>\nprirodno podi\u017ee u sabirnicu dok se hladnija teku\u0107ina iz sabirnice<br \/>\nspu\u0161ta dolje na dno vakuumskih cijevi.<br \/>\nTeku\u0107ina u solarnom sustavu nije pod tlakom.<br \/>\n&nbsp;<br \/>\n<b>Karakteristike:<\/b><br \/>\n&nbsp;<br \/>\n-Koristi novu generaciju visoko efikasnih grija\u010dih cijevi u visokom vakuumu.<br \/>\nGrija\u010de vakuumske cijevi izra\u0111ene su od visoko-borsilikatnog<br \/>\nstakla 3.3 s niskim stupnjem termalne ekspanzije<br \/>\n-Koriste\u0107i novu molekularnu nanotehnologiju, sjajno podi\u017ee absorpciju topline za 20%.<br \/>\n-Ima ve\u0107u sun\u010devu termalnu konverziju i posti\u017ee vi\u0161u temperaturu vode<br \/>\n-Absorpcijski koeficijent je ve\u0107i od 92%<br \/>\n-Absorbira toplinu \u010dak i po obla\u010dnom vremenu!<br \/>\n-solarni kolektori griju i pri vanjskoj temperaturi -10\u00b0C<br \/>\n-Otporno na tu\u010du do 25mm<br \/>\n-bakreni priklju\u010dak fi22 (za tla\u010dne kolektore)<br \/>\n-inox priklju\u010dak vanjski navoj 1&#8243; (za netla\u010dne kolektore)<br \/>\n-odli\u010dna toplinska izolacija sabirne cijevi<br \/>\n-izvana rostfraj lim debljine 0,7mm, okvir rostfraj 1,2mm<br \/>\n-vanjska veli\u010dina sabirnice 140x130mm za tla\u010dne kolektore<br \/>\n-vanjska veli\u010dina sabirnice fi170mm za ne-tla\u010dne kolektore<br \/>\n&nbsp;<\/p>\n<table align=\"center\" bgcolor=\"#7B060A\" border=\"1\" bordercolor=\"#FFCC33\" width=\"516\" align=\"center\">\n<tbody>\n<tr bgcolor=\"#990000\">\n<td height=\"28\" width=\"415\">\n<div align=\"center\"><span style=\"color: #ffffff;\">NAZIV PROIZVODA<\/span><\/div>\n<\/td>\n<\/tr>\n<tr bgcolor=\"#FFFFCC\">\n<td height=\"100\">\n<p><strong><em>KV200 15 47 30V R <\/em><\/strong><em><br \/>\n        &#8211; <em>Vakuumski cijevni ne-tla\u010dni kolektor sa 30 cijevi<br \/>\n          &#8211; upojna povr\u0161ina sun\u010devog zra\u010denja 3,33m2 (za 200L spremnike)<br \/>\n          <em>&#8211; promjer solarnih cijevi 47mm. du\u017eina 1,5m<br \/>\n            &#8211; te\u017eina 79kg<br \/>\n            &#8211; Dimenzije cca. 1,7&#215;2,21m<br \/>\n            &#8211; snaga 2500W<br \/>\n          <\/em><\/em><\/em><a href=\"http:\/\/asel.hr\/images\/kv160%20konstrukcija.jpg\"><br \/>\n              <\/a>(<a href=\"http:\/\/www.asel.hr\/wp-content\/uploads\/2015\/11\/kv160-konstrukcija.jpg\">slika konstrukcije&#8230;<\/a>)<\/p>\n<p>KV200 &#8211;  zadnje noge (monta\u017ea za ravni krov)<\/p>\n<\/td>\n<\/tr>\n<tr bgcolor=\"#FFFFCC\">\n<td>\n<p><strong><em>KV300 18 58 30 GS <\/em><\/strong><br \/>\n        &#8211; <em>Vakuumski cijevni ne-tla\u010dni kolektor sa 30 cijevi<br \/>\n          &#8211; upojna povr\u0161ina sun\u010devog zra\u010denja 2,79m2 (za 300L spremnike)<br \/>\n          &#8211; promjer solarnih cijevi 58mm. du\u017eina 1,8m<br \/>\n          &#8211; te\u017eina 79kg<\/em> <br \/>\n        &#8211; <em>Max. radni pritisak: 0.05 Mpa<\/em><\/p>\n<p>KV300 &#8211;  zadnje noge (monta\u017ea za ravni krov)<\/p>\n<\/td>\n<\/tr>\n<tr bgcolor=\"#FFFFCC\">\n<td height=\"123\">\n<p><strong><em>KV500 18 58 50V R <\/em><\/strong><em><br \/>\n        &#8211; <em>Vakuumski cijevni ne-tla\u010dni kolektor sa 50 cijevi<br \/>\n          &#8211; upojna povr\u0161ina sun\u010devog zra\u010denja 7,5m2 (za 500L spremnike)<br \/>\n          <em>&#8211; promjer solarnih cijevi 58mm. du\u017eina 1,8m<\/em><\/em><\/em><br \/>\n        <em>&#8211; snaga 5625W<\/em> <br \/>\n        (<a href=\"http:\/\/www.asel.hr\/wp-content\/uploads\/2015\/11\/konstrukcija_50cijev_kolektor.jpg\">slika konstrukcije&#8230;<\/a>)<\/p>\n<p>KV500 &#8211;  zadnje noge (monta\u017ea za ravni krov)<\/p>\n<\/td>\n<\/tr>\n<\/tbody>\n<\/table>\n<p>&nbsp;<br \/>\n<img decoding=\"async\" loading=\"lazy\" class=\"size-full wp-image-791 aligncenter\" src=\"http:\/\/www.asel.hr\/wp-content\/uploads\/2015\/11\/Netlacni-kolektor-na-izmjenjivac.jpg\" alt=\"Netlacni kolektor na izmjenjivac\" width=\"500\" height=\"340\" srcset=\"https:\/\/asel.hr\/wp-content\/uploads\/2015\/11\/Netlacni-kolektor-na-izmjenjivac.jpg 500w, https:\/\/asel.hr\/wp-content\/uploads\/2015\/11\/Netlacni-kolektor-na-izmjenjivac-300x204.jpg 300w\" sizes=\"(max-width: 500px) 100vw, 500px\" \/><br \/>\n&nbsp;<br \/>\n<img decoding=\"async\" loading=\"lazy\" class=\"size-full wp-image-792 aligncenter\" src=\"http:\/\/www.asel.hr\/wp-content\/uploads\/2015\/11\/Netlacni-kolektor-na-izmjenjivac1.jpg\" alt=\"Netlacni kolektor na izmjenjivac1\" width=\"500\" height=\"308\" srcset=\"https:\/\/asel.hr\/wp-content\/uploads\/2015\/11\/Netlacni-kolektor-na-izmjenjivac1.jpg 500w, https:\/\/asel.hr\/wp-content\/uploads\/2015\/11\/Netlacni-kolektor-na-izmjenjivac1-300x185.jpg 300w\" sizes=\"(max-width: 500px) 100vw, 500px\" \/><\/center><br \/>\n&nbsp;<br \/>\n<center><font size=\"3\">Detaljnije o ponudama i cijenama posjetite na\u0161u internet trgovinu na ovom <a href=\"http:\/\/asel.hr\/webshop\/\">linku<\/a><\/font><\/center><br \/>\n&nbsp;<\/p>\n","protected":false},"excerpt":{"rendered":"<p>SOLARNI NETLA\u010cNI KOLEKTORI &nbsp; &nbsp; &nbsp; Kroz solarne vakuumske grija\u010de cijevi cirkulira voda ili antifriz. Teku\u0107ina se u vakuumskim cijevima zagrijava putem sun\u010deve energije te se ona prirodno podi\u017ee u sabirnicu dok se hladnija teku\u0107ina iz sabirnice spu\u0161ta dolje na dno vakuumskih cijevi. Teku\u0107ina u solarnom sustavu nije pod tlakom. &nbsp; Karakteristike: &nbsp; -Koristi novu [&hellip;]<\/p>\n","protected":false},"author":1,"featured_media":0,"parent":0,"menu_order":0,"comment_status":"closed","ping_status":"closed","template":"","meta":[],"_links":{"self":[{"href":"https:\/\/asel.hr\/index.php?rest_route=\/wp\/v2\/pages\/789"}],"collection":[{"href":"https:\/\/asel.hr\/index.php?rest_route=\/wp\/v2\/pages"}],"about":[{"href":"https:\/\/asel.hr\/index.php?rest_route=\/wp\/v2\/types\/page"}],"author":[{"embeddable":true,"href":"https:\/\/asel.hr\/index.php?rest_route=\/wp\/v2\/users\/1"}],"replies":[{"embeddable":true,"href":"https:\/\/asel.hr\/index.php?rest_route=%2Fwp%2Fv2%2Fcomments&post=789"}],"version-history":[{"count":11,"href":"https:\/\/asel.hr\/index.php?rest_route=\/wp\/v2\/pages\/789\/revisions"}],"predecessor-version":[{"id":1492,"href":"https:\/\/asel.hr\/index.php?rest_route=\/wp\/v2\/pages\/789\/revisions\/1492"}],"wp:attachment":[{"href":"https:\/\/asel.hr\/index.php?rest_route=%2Fwp%2Fv2%2Fmedia&parent=789"}],"curies":[{"name":"wp","href":"https:\/\/api.w.org\/{rel}","templated":true}]}}