{"id":780,"date":"2015-11-11T10:45:15","date_gmt":"2015-11-11T10:45:15","guid":{"rendered":"http:\/\/www.asel.hr\/?page_id=780"},"modified":"2017-04-07T06:36:25","modified_gmt":"2017-04-07T06:36:25","slug":"solarno-grijanje-vode-i-dogrijavanje-prostora","status":"publish","type":"page","link":"https:\/\/asel.hr\/?page_id=780","title":{"rendered":"SOLARNO GRIJANJE VODE I DOGRIJAVANJE PROSTORA"},"content":{"rendered":"<h1>SOLARNO GRIJANJE VODE I<br \/>\nDOGRIJAVANJE PROSTORA<\/h1>\n<p>&nbsp;<br \/>\n&nbsp;<br \/>\n<center><img decoding=\"async\" loading=\"lazy\" class=\"alignnone size-full wp-image-781\" src=\"http:\/\/www.asel.hr\/wp-content\/uploads\/2015\/11\/277870153_620.jpg\" alt=\"277870153_620\" width=\"777\" height=\"473\" srcset=\"https:\/\/asel.hr\/wp-content\/uploads\/2015\/11\/277870153_620.jpg 777w, https:\/\/asel.hr\/wp-content\/uploads\/2015\/11\/277870153_620-300x183.jpg 300w\" sizes=\"(max-width: 777px) 100vw, 777px\" \/><\/center>&nbsp;<br \/>\n&nbsp;<br \/>\n1. Solarni kolektori (&#8212;<a href=\"http:\/\/www.asel.hr\/?p=905\">tla\u010dni<\/a>&#8212;&#8212; <a href=\"http:\/\/www.asel.hr\/?p=789\">netla\u010dni<\/a>&#8212;&#8212; <a href=\"http:\/\/www.asel.hr\/?p=804\">integrirani tla\u010dni<\/a>&#8212;&#8212; <a href=\"http:\/\/www.asel.hr\/?p=822\">integrirani netla\u010dni<\/a>&#8212;&#8212; <a href=\"http:\/\/www.asel.hr\/?p=920\">hibridni tla\u010dni<\/a>&#8212;)<br \/>\n2. Spremnik tople vode (<a href=\"http:\/\/www.asel.hr\/?p=843\">vi\u0161e<\/a>)<br \/>\n3. Dodatno dogrijavanje<br \/>\n4. Pumpni set i elektronika (<a href=\"http:\/\/www.asel.hr\/?p=859\">vi\u0161e<\/a>)<br \/>\n5. Kori\u0161tenje tople vode<br \/>\n&nbsp;<br \/>\n<center><font size=\"3\">Detaljnije o ponudama i cijenama posjetite na\u0161u internet trgovinu na ovom <a href=\"http:\/\/asel.hr\/woocommerce\/\">linku<\/a><\/font><\/center><br \/>\n&nbsp;<\/p>\n","protected":false},"excerpt":{"rendered":"<p>SOLARNO GRIJANJE VODE I DOGRIJAVANJE PROSTORA &nbsp; &nbsp; &nbsp; &nbsp; 1. Solarni kolektori (&#8212;tla\u010dni&#8212;&#8212; netla\u010dni&#8212;&#8212; integrirani tla\u010dni&#8212;&#8212; integrirani netla\u010dni&#8212;&#8212; hibridni tla\u010dni&#8212;) 2. Spremnik tople vode (vi\u0161e) 3. Dodatno dogrijavanje 4. Pumpni set i elektronika (vi\u0161e) 5. Kori\u0161tenje tople vode &nbsp; Detaljnije o ponudama i cijenama posjetite na\u0161u internet trgovinu na ovom linku &nbsp;<\/p>\n","protected":false},"author":1,"featured_media":0,"parent":0,"menu_order":0,"comment_status":"closed","ping_status":"closed","template":"","meta":[],"_links":{"self":[{"href":"https:\/\/asel.hr\/index.php?rest_route=\/wp\/v2\/pages\/780"}],"collection":[{"href":"https:\/\/asel.hr\/index.php?rest_route=\/wp\/v2\/pages"}],"about":[{"href":"https:\/\/asel.hr\/index.php?rest_route=\/wp\/v2\/types\/page"}],"author":[{"embeddable":true,"href":"https:\/\/asel.hr\/index.php?rest_route=\/wp\/v2\/users\/1"}],"replies":[{"embeddable":true,"href":"https:\/\/asel.hr\/index.php?rest_route=%2Fwp%2Fv2%2Fcomments&post=780"}],"version-history":[{"count":16,"href":"https:\/\/asel.hr\/index.php?rest_route=\/wp\/v2\/pages\/780\/revisions"}],"predecessor-version":[{"id":1329,"href":"https:\/\/asel.hr\/index.php?rest_route=\/wp\/v2\/pages\/780\/revisions\/1329"}],"wp:attachment":[{"href":"https:\/\/asel.hr\/index.php?rest_route=%2Fwp%2Fv2%2Fmedia&parent=780"}],"curies":[{"name":"wp","href":"https:\/\/api.w.org\/{rel}","templated":true}]}}