{"id":767,"date":"2015-11-11T09:39:27","date_gmt":"2015-11-11T09:39:27","guid":{"rendered":"http:\/\/www.asel.hr\/?page_id=767"},"modified":"2018-07-04T07:16:34","modified_gmt":"2018-07-04T07:16:34","slug":"solarni-regulatori-punjenja","status":"publish","type":"page","link":"https:\/\/asel.hr\/?page_id=767","title":{"rendered":"SOLARNI REGULATORI PUNJENJA"},"content":{"rendered":"<h1>SOLARNI REGULATORI PUNJENJA<\/h1>\n<p>&nbsp;<br \/>\n&nbsp;<br \/>\n<b>Regulator punjenja &#8211; slu\u017ei za reguliranje punjenja solarnih baterija<\/b><br \/>\n&nbsp;<br \/>\n<img decoding=\"async\" loading=\"lazy\" class=\"size-full wp-image-768 aligncenter\" src=\"http:\/\/www.asel.hr\/wp-content\/uploads\/2015\/11\/regulator-10A.jpg\" alt=\"regulator 10A\" width=\"200\" height=\"173\" \/><br \/>\n&nbsp;<br \/>\nSolarni regulator punjenja je optimalno dizajniran mikroprocesorski<br \/>\nure\u0111aj sa izvrsnim svojstvima .<br \/>\nUre\u0111aj je dizajniran za ku\u0107ne solarne sustave i izdvojene solarne stanice.<br \/>\n&nbsp;<br \/>\n&#8211; PWM (pulsno \u0161irinska modulacija) punjenja s visokom efikasno\u0161\u0107u<br \/>\n&#8211; za\u0161tita od zamjene polariteta baterije, podnaponska i prenaponska za\u0161tita<br \/>\n&#8211; za\u0161tita protiv kratkog spoja na izlazu, prevelike struje i preoptere\u0107enja<br \/>\n&#8211; za\u0161tita protiv kratkog spoja panela<br \/>\n&#8211; za\u0161tita protiv otvorenog kruga baterija (prekida u krugu baterije)<br \/>\n&#8211; precizno upravljanje naponima<br \/>\n&#8211; LED indikacija kapaciteta baterije<br \/>\n&nbsp;<br \/>\nTehni\u010dke karakteristike<\/p>\n<table border=\"1\" cellspacing=\"0\" cellpadding=\"0\" align=\"center\">\n<tbody>\n<tr>\n<td valign=\"top\" bgcolor=\"#AA0000\" width=\"288\" height=\"21\">\n<p align=\"center\"><span style=\"color: #000000;\">Parametar<\/span><\/p>\n<\/td>\n<td valign=\"top\" bgcolor=\"#AA0000\" width=\"121\">\n<p align=\"center\"><span style=\"color: #000000;\">Regulator 10A<\/span><\/p>\n<\/td>\n<td valign=\"top\" bgcolor=\"#AA0000\" width=\"123\">\n<p align=\"center\"><span style=\"color: #000000;\">Regulator 20A<\/span><\/p>\n<\/td>\n<\/tr>\n<tr>\n<td valign=\"top\" width=\"288\">Nazivni napon<\/td>\n<td valign=\"top\" width=\"121\">12V \/24VDC<\/td>\n<td valign=\"top\" width=\"123\">12V \/24VDC<\/td>\n<\/tr>\n<tr>\n<td valign=\"top\" width=\"288\">Nazivna struja<\/td>\n<td valign=\"top\" width=\"121\">10A \/ 5A<\/td>\n<td valign=\"top\" width=\"123\">20A \/ 10A<\/td>\n<\/tr>\n<tr>\n<td valign=\"top\" width=\"288\">Za\u0161tita prepunjavanja<\/td>\n<td valign=\"top\" width=\"121\">14,4 V\/28,8VDC<\/td>\n<td valign=\"top\" width=\"123\">14,4 V\/28,8VDC<\/td>\n<\/tr>\n<tr>\n<td valign=\"top\" width=\"288\">Napon isklju\u010denja za\u0161tite od pra\u017enjenja<\/td>\n<td valign=\"top\" width=\"121\">11,1 V\/22,2VDC<\/td>\n<td valign=\"top\" width=\"123\">11,1 V\/22,2VDC<\/td>\n<\/tr>\n<tr>\n<td valign=\"top\" width=\"288\">Napon ponovnog uspostavljanja za\u0161tite od pra\u017enjenja<\/td>\n<td valign=\"top\" width=\"121\">12 ,6V\/25,2VDC<\/td>\n<td valign=\"top\" width=\"123\">12 ,6V\/25,2VDC<\/td>\n<\/tr>\n<tr>\n<td valign=\"top\" width=\"288\">Pad napona izme\u0111u ulaza i baterije<\/td>\n<td valign=\"top\" width=\"121\">0,5VDC<\/td>\n<td valign=\"top\" width=\"123\">0,5VDC<\/td>\n<\/tr>\n<tr>\n<td valign=\"top\" width=\"288\">Pad napona izme\u0111u baterije i tro\u0161ila<\/td>\n<td valign=\"top\" width=\"121\">0,2VDC<\/td>\n<td valign=\"top\" width=\"123\">0,2VDC<\/td>\n<\/tr>\n<tr>\n<td valign=\"top\" width=\"288\">Vlastita potro\u0161nja<\/td>\n<td valign=\"top\" width=\"121\">&lt;5mA<\/td>\n<td valign=\"top\" width=\"123\">&lt;5mA<\/td>\n<\/tr>\n<tr>\n<td valign=\"top\" width=\"288\">Dozvoljena radna temperatura okoline<\/td>\n<td valign=\"top\" width=\"121\">-35 ~+55\u00b0C<\/td>\n<td valign=\"top\" width=\"123\">-35 ~+55\u00b0C<\/td>\n<\/tr>\n<tr>\n<td valign=\"top\" width=\"288\">Nadmorska visina<\/td>\n<td valign=\"top\" width=\"121\">&lt;5500m<\/td>\n<td valign=\"top\" width=\"123\">&lt;5500m<\/td>\n<\/tr>\n<tr>\n<td valign=\"top\" width=\"288\">Dimenzije<\/td>\n<td valign=\"top\" width=\"121\">133&#215;69,9&#215;33,5mm<\/td>\n<td valign=\"top\" width=\"123\">133&#215;69,9&#215;33,5mm<\/td>\n<\/tr>\n<tr>\n<td valign=\"top\" width=\"288\">Temp.kompenzacijski faktor<\/td>\n<td valign=\"top\" width=\"121\">-30mV\/\u00b0C \/ -60mV\/\u00b0C<\/td>\n<td valign=\"top\" width=\"123\">-30mV\/\u00b0C \/ -60mV\/\u00b0C<\/td>\n<\/tr>\n<\/tbody>\n<\/table>\n<p>&nbsp;<br \/>\n<b>Regulator punjenja sa LCD-om &#8211; slu\u017ei za reguliranje punjenja solarnih baterija<\/b><br \/>\n&nbsp;<br \/>\n<img decoding=\"async\" loading=\"lazy\" class=\"size-full wp-image-768 aligncenter\" src=\"http:\/\/asel.hr\/webshop\/wp-content\/uploads\/2015\/11\/regulator.jpg\" alt=\"regulator 10A\" width=\"200\" height=\"173\" \/><br \/>\n&nbsp;<br \/>\nSolarni regulator punjenja je optimalno dizajniran mikroprocesorski<br \/>\nure\u0111aj sa izvrsnim svojstvima .<br \/>\nUre\u0111aj je dizajniran za ku\u0107ne solarne sustave i izdvojene solarne stanice.<br \/>\n&nbsp;<br \/>\n&#8211; PWM (pulsno \u0161irinska modulacija) punjenja s visokom efikasno\u0161\u0107u<br \/>\n&#8211; za\u0161tita od zamjene polariteta baterije, podnaponska i prenaponska za\u0161tita<br \/>\n&#8211; za\u0161tita protiv kratkog spoja na izlazu, prevelike struje i preoptere\u0107enja<br \/>\n&#8211; za\u0161tita protiv kratkog spoja panela<br \/>\n&#8211; za\u0161tita protiv otvorenog kruga baterija (prekida u krugu baterije)<br \/>\n&#8211; precizno upravljanje naponima<br \/>\n&#8211; LCD prikaz stanja<br \/>\n&nbsp;<br \/>\nRegulatori:<br \/>\n&#8211; 20 A (12V\/24V)<br \/>\n&#8211; 30 A (12V\/24V)<br \/>\n&#8211; 40 A (12V\/24V)<br \/>\n&#8211; 50 A (12V\/24V)<br \/>\n&#8211; 60 A (12V\/24V i 48 V)<br \/>\n&nbsp;<br \/>\n<b>MPPT regulator &#8211; (Maximum Power Point Tracking technology)<\/b><br \/>\n&nbsp;<br \/>\n<img decoding=\"async\" loading=\"lazy\" class=\"size-full wp-image-769 aligncenter\" src=\"http:\/\/www.asel.hr\/wp-content\/uploads\/2015\/11\/mppt-regulator-30a.jpg\" alt=\"mppt regulator 30a\" width=\"200\" height=\"161\" \/><br \/>\n&nbsp;<br \/>\n&#8211; najva\u017enija zna\u010dajka ovog regulatora:<br \/>\n-inteligentno pra\u0107enje ulaznog napona iz solarnih panela, koji omogu\u0107ava solarnom modulu da radi na maksimalnoj snazi (V\/A krivulje).<br \/>\n-U usporedbi s normalnim solarnim regulatorima punjenja, MPPT kontroleri mogu pove\u0107ati efikasnost od 10% -30%.<br \/>\n&nbsp;<br \/>\n<center><font size=\"3\">Detaljnije o ponudama i cijenama posjetite na\u0161u internet trgovinu na ovom <a href=\"http:\/\/asel.hr\/webshop\/\">linku<\/a><\/font><\/center><br \/>\n&nbsp;<\/p>\n","protected":false},"excerpt":{"rendered":"<p>SOLARNI REGULATORI PUNJENJA &nbsp; &nbsp; Regulator punjenja &#8211; slu\u017ei za reguliranje punjenja solarnih baterija &nbsp; &nbsp; Solarni regulator punjenja je optimalno dizajniran mikroprocesorski ure\u0111aj sa izvrsnim svojstvima . Ure\u0111aj je dizajniran za ku\u0107ne solarne sustave i izdvojene solarne stanice. &nbsp; &#8211; PWM (pulsno \u0161irinska modulacija) punjenja s visokom efikasno\u0161\u0107u &#8211; za\u0161tita od zamjene polariteta baterije, [&hellip;]<\/p>\n","protected":false},"author":1,"featured_media":0,"parent":0,"menu_order":0,"comment_status":"closed","ping_status":"closed","template":"","meta":[],"_links":{"self":[{"href":"https:\/\/asel.hr\/index.php?rest_route=\/wp\/v2\/pages\/767"}],"collection":[{"href":"https:\/\/asel.hr\/index.php?rest_route=\/wp\/v2\/pages"}],"about":[{"href":"https:\/\/asel.hr\/index.php?rest_route=\/wp\/v2\/types\/page"}],"author":[{"embeddable":true,"href":"https:\/\/asel.hr\/index.php?rest_route=\/wp\/v2\/users\/1"}],"replies":[{"embeddable":true,"href":"https:\/\/asel.hr\/index.php?rest_route=%2Fwp%2Fv2%2Fcomments&post=767"}],"version-history":[{"count":14,"href":"https:\/\/asel.hr\/index.php?rest_route=\/wp\/v2\/pages\/767\/revisions"}],"predecessor-version":[{"id":1489,"href":"https:\/\/asel.hr\/index.php?rest_route=\/wp\/v2\/pages\/767\/revisions\/1489"}],"wp:attachment":[{"href":"https:\/\/asel.hr\/index.php?rest_route=%2Fwp%2Fv2%2Fmedia&parent=767"}],"curies":[{"name":"wp","href":"https:\/\/api.w.org\/{rel}","templated":true}]}}