{"id":638,"date":"2015-11-04T11:00:41","date_gmt":"2015-11-04T11:00:41","guid":{"rendered":"http:\/\/www.asel.hr\/?page_id=638"},"modified":"2020-01-27T13:54:51","modified_gmt":"2020-01-27T13:54:51","slug":"automatski-strojni-ureznik-i-cnc-rezac-za-metal","status":"publish","type":"page","link":"https:\/\/asel.hr\/?page_id=638","title":{"rendered":"AUTOMATSKI STROJNI UREZNIK I CNC REZA\u010c ZA METAL"},"content":{"rendered":"<h1>AUTOMATSKI STROJNI UREZNIK I CNC REZA\u010c ZA METAL<\/h1>\n<table style=\"height: 462px;\" width=\"570\" align=\"center\">\n<tbody>\n<tr>\n<td style=\"text-align: center;\"><a href=\"https:\/\/asel.hr\/?page_id=384\"><img decoding=\"async\" loading=\"lazy\" class=\"alignnone size-full wp-image-385\" src=\"http:\/\/asel.hr\/wp-content\/uploads\/2015\/10\/strojni-ureznik.jpg\" alt=\"\" width=\"212\" height=\"345\" srcset=\"https:\/\/asel.hr\/wp-content\/uploads\/2015\/10\/strojni-ureznik.jpg 212w, https:\/\/asel.hr\/wp-content\/uploads\/2015\/10\/strojni-ureznik-184x300.jpg 184w\" sizes=\"(max-width: 212px) 100vw, 212px\" \/><\/a><\/td>\n<td style=\"text-align: center;\"><a href=\"https:\/\/asel.hr\/webshop\/kategorija-proizvoda\/alati-za-obradu-metala\/strojevi-za-automatsko-urezivanje-navoja\/\"><img decoding=\"async\" loading=\"lazy\" class=\"alignnone  wp-image-2577\" src=\"http:\/\/asel.hr\/wp-content\/uploads\/2020\/01\/elektricni_urezivac_navoja.jpg\" alt=\"\" width=\"263\" height=\"270\" srcset=\"https:\/\/asel.hr\/wp-content\/uploads\/2020\/01\/elektricni_urezivac_navoja.jpg 420w, https:\/\/asel.hr\/wp-content\/uploads\/2020\/01\/elektricni_urezivac_navoja-292x300.jpg 292w\" sizes=\"(max-width: 263px) 100vw, 263px\" \/><\/a><\/td>\n<\/tr>\n<tr>\n<td style=\"text-align: center;\">Pneumatski stroj za<br \/>\nurezivanje navoja<\/td>\n<td style=\"text-align: center;\"><span style=\"color: #ff0000;\">NOVO!!!<\/span><br \/>\nElektri\u010dni ureziva\u010d navoja<\/td>\n<\/tr>\n<\/tbody>\n<\/table>\n","protected":false},"excerpt":{"rendered":"<p>AUTOMATSKI STROJNI UREZNIK I CNC REZA\u010c ZA METAL Pneumatski stroj za urezivanje navoja NOVO!!! Elektri\u010dni ureziva\u010d navoja<\/p>\n","protected":false},"author":1,"featured_media":0,"parent":0,"menu_order":0,"comment_status":"closed","ping_status":"closed","template":"","meta":[],"_links":{"self":[{"href":"https:\/\/asel.hr\/index.php?rest_route=\/wp\/v2\/pages\/638"}],"collection":[{"href":"https:\/\/asel.hr\/index.php?rest_route=\/wp\/v2\/pages"}],"about":[{"href":"https:\/\/asel.hr\/index.php?rest_route=\/wp\/v2\/types\/page"}],"author":[{"embeddable":true,"href":"https:\/\/asel.hr\/index.php?rest_route=\/wp\/v2\/users\/1"}],"replies":[{"embeddable":true,"href":"https:\/\/asel.hr\/index.php?rest_route=%2Fwp%2Fv2%2Fcomments&post=638"}],"version-history":[{"count":10,"href":"https:\/\/asel.hr\/index.php?rest_route=\/wp\/v2\/pages\/638\/revisions"}],"predecessor-version":[{"id":2586,"href":"https:\/\/asel.hr\/index.php?rest_route=\/wp\/v2\/pages\/638\/revisions\/2586"}],"wp:attachment":[{"href":"https:\/\/asel.hr\/index.php?rest_route=%2Fwp%2Fv2%2Fmedia&parent=638"}],"curies":[{"name":"wp","href":"https:\/\/api.w.org\/{rel}","templated":true}]}}