{"id":625,"date":"2015-11-04T10:34:42","date_gmt":"2015-11-04T10:34:42","guid":{"rendered":"http:\/\/www.asel.hr\/?page_id=625"},"modified":"2017-06-28T04:55:16","modified_gmt":"2017-06-28T04:55:16","slug":"navodnjavanje","status":"publish","type":"page","link":"https:\/\/asel.hr\/?page_id=625","title":{"rendered":"SOLARNO NAVODNJAVANJE"},"content":{"rendered":"<h1>SOLARNO NAVODNJAVANJE<br \/>\n&#8211; solarnim panelima<br \/>\n&#8211; motornim pumpama<\/h1>\n<p>&nbsp;<br \/>\n&nbsp;<br \/>\n<strong>Solarno navodnjavanje:<\/strong><br \/>\n-koristi se za opskrbu vode uz niske tro\u0161kove na bilo kojem mjestu gdje ima izvora vode<br \/>\n(npr. plastenicima, rasadnicima, vo\u0107njacima, itd.)<br \/>\n-rad pumpe osiguravaju solarni paneli koji sun\u010devu svjetlost pretvaraju u elektri\u010dnu energiju.<br \/>\n-prakti\u010dne su za primjenu gdje nije dovedena elektri\u010dna mre\u017ea.<br \/>\n-mogu\u0107nost savladavanja velikih visinskih razlika.<br \/>\n&nbsp;<br \/>\n&nbsp;<br \/>\n<strong>SETOVI:<\/strong><br \/>\n&nbsp;<br \/>\nSet 2.2KW Trofazna pumpa za vodu PEDROLLO<br \/>\nMRE\u017dNI PRETVARA\u010c 3.5KW-800V-REGULATOR NAPONA-KONTROLER SUSTAVA<br \/>\nSOLARNI PANELI SOLE 160W X 20KOM (3200W)<br \/>\nKONSTRUKCIJA I NOSA\u010cI ZA ZEMLJI\u0160TE,KABLOVI,KONEKTORI I OSTALA SITNA OPREMA<br \/>\n31.350,00 kn SA PDVom<br \/>\n&nbsp;<br \/>\n Set 7.5KW Trofazna pumpa za vodu PEDROLLO<br \/>\nMRE\u017dNI PRETVARA\u010c 7.5KW-800V-REGULATOR NAPONA-KONTROLER SUSTAVA<br \/>\nSOLARNI PANELI SOLE 260W X 30KOM (7800W)<br \/>\nKONSTRUKCIJA I NOSA\u010cI ZA ZEMLJI\u0160TE,KABLOVI,KONEKTORI I OSTALA SITNA OPREMA<br \/>\n80.655,00kn sa PDVom<br \/>\n&nbsp;<br \/>\nSet 11KW Trofazna pumpa za vodu PEDROLLO<br \/>\nMRE\u017dNI PRETVARA\u010c 11KW-800V-REGULATOR NAPONA-KONTROLER SUSTAVA<br \/>\nSOLARNI PANELI SOLE 260W X 60KOM (15600W)<br \/>\nKONSTRUKCIJA I NOSA\u010cI ZA ZEMLJI\u0160TE,KABLOVI,KONEKTORI I OSTALA SITNA OPREMA<br \/>\n156.842,00kn sa PDVom<br \/>\n&nbsp;<br \/>\nMogu\u0107nost projektiranja setova po dogovoru.<br \/>\n&nbsp;<br \/>\n&nbsp;<br \/>\n[gmedia id=74]<br \/>\n&nbsp;<\/p>\n","protected":false},"excerpt":{"rendered":"<p>SOLARNO NAVODNJAVANJE &#8211; solarnim panelima &#8211; motornim pumpama &nbsp; &nbsp; Solarno navodnjavanje: -koristi se za opskrbu vode uz niske tro\u0161kove na bilo kojem mjestu gdje ima izvora vode (npr. plastenicima, rasadnicima, vo\u0107njacima, itd.) -rad pumpe osiguravaju solarni paneli koji sun\u010devu svjetlost pretvaraju u elektri\u010dnu energiju. -prakti\u010dne su za primjenu gdje nije dovedena elektri\u010dna mre\u017ea. -mogu\u0107nost [&hellip;]<\/p>\n","protected":false},"author":1,"featured_media":0,"parent":0,"menu_order":0,"comment_status":"closed","ping_status":"closed","template":"","meta":[],"_links":{"self":[{"href":"https:\/\/asel.hr\/index.php?rest_route=\/wp\/v2\/pages\/625"}],"collection":[{"href":"https:\/\/asel.hr\/index.php?rest_route=\/wp\/v2\/pages"}],"about":[{"href":"https:\/\/asel.hr\/index.php?rest_route=\/wp\/v2\/types\/page"}],"author":[{"embeddable":true,"href":"https:\/\/asel.hr\/index.php?rest_route=\/wp\/v2\/users\/1"}],"replies":[{"embeddable":true,"href":"https:\/\/asel.hr\/index.php?rest_route=%2Fwp%2Fv2%2Fcomments&post=625"}],"version-history":[{"count":16,"href":"https:\/\/asel.hr\/index.php?rest_route=\/wp\/v2\/pages\/625\/revisions"}],"predecessor-version":[{"id":1361,"href":"https:\/\/asel.hr\/index.php?rest_route=\/wp\/v2\/pages\/625\/revisions\/1361"}],"wp:attachment":[{"href":"https:\/\/asel.hr\/index.php?rest_route=%2Fwp%2Fv2%2Fmedia&parent=625"}],"curies":[{"name":"wp","href":"https:\/\/api.w.org\/{rel}","templated":true}]}}