{"id":597,"date":"2015-11-04T10:09:27","date_gmt":"2015-11-04T10:09:27","guid":{"rendered":"http:\/\/www.asel.hr\/?page_id=597"},"modified":"2018-06-30T10:29:08","modified_gmt":"2018-06-30T10:29:08","slug":"duhanska-oprema-i-solarne-susare","status":"publish","type":"page","link":"https:\/\/asel.hr\/?page_id=597","title":{"rendered":"DUHANSKA OPREMA I SOLARNE SU\u0160ARE"},"content":{"rendered":"<h1>DUHANSKA OPREMA I SOLARNE SU\u0160ARE<\/h1>\n<p>&nbsp;<br \/>\n&nbsp;<br \/>\n<center><font size=\"3\">Detaljnije o ponudama i cijenama posjetite na\u0161u internet trgovinu na ovom <a href=\"http:\/\/asel.hr\/webshop\/\">linku<\/a><\/font><\/center><br \/>\n&nbsp;<\/p>\n<table align=\"center\">\n<tbody>\n<tr>\n<td style=\"text-align: center;\">\n<div class=\"grow pic\"><a href=\"http:\/\/www.asel.hr\/?page_id=304\"><img decoding=\"async\" loading=\"lazy\" class=\"size-thumbnail wp-image-598 aligncenter\" src=\"http:\/\/www.asel.hr\/wp-content\/uploads\/2015\/11\/tobacco_kartica-150x150.jpg\" alt=\"tobacco_kartica\" width=\"150\" height=\"150\" \/><\/a><\/div>\n<\/td>\n<td style=\"text-align: center;\">\n<div class=\"grow pic\"><a href=\"http:\/\/asel.hr\/pdf\/SOLARNO%20SUSENJE%20DUHANA%2078%20rama%20i%20105%20rama.pdf\"><img decoding=\"async\" loading=\"lazy\" class=\"size-thumbnail wp-image-599 aligncenter\" src=\"http:\/\/www.asel.hr\/wp-content\/uploads\/2015\/11\/solarno-susenje-duhana-150x150.jpg\" alt=\"solarno susenje duhana\" width=\"150\" height=\"150\" \/><\/a><\/div>\n<\/td>\n<td style=\"text-align: center;\">\n<div class=\"grow pic\"><a href=\"http:\/\/www.asel.hr\/?page_id=350\"><img decoding=\"async\" loading=\"lazy\" class=\"size-thumbnail wp-image-600 aligncenter\" src=\"http:\/\/www.asel.hr\/wp-content\/uploads\/2015\/11\/regulator-vlage_kartica-150x150.jpg\" alt=\"regulator vlage_kartica\" width=\"150\" height=\"150\" \/><\/a><\/div>\n<\/td>\n<td style=\"text-align: center;\">\n<div class=\"grow pic\"><a href=\"http:\/\/www.asel.hr\/?page_id=330\"><img decoding=\"async\" loading=\"lazy\" class=\"size-thumbnail wp-image-601 aligncenter\" src=\"http:\/\/www.asel.hr\/wp-content\/uploads\/2015\/11\/plastenici_kartica-150x150.jpg\" alt=\"plastenici_kartica\" width=\"150\" height=\"150\" \/><\/a><\/div>\n<\/td>\n<\/tr>\n<tr>\n<td style=\"text-align: center;\">Automatika Tobacco<\/td>\n<td style=\"text-align: center;\">Solarno su\u0161enje<br \/>\nduhana<\/td>\n<td style=\"text-align: center;\">Mjera\u010di i regulatori<br \/>\nvlage temperature<\/td>\n<td style=\"text-align: center;\">Ure\u0111aj za staklenike<br \/>\ni plastenike<\/td>\n<\/tr>\n<tr>\n<td style=\"text-align: center;\">\n<div class=\"grow pic\"><a href=\"http:\/\/www.asel.hr\/?page_id=326\"><img decoding=\"async\" loading=\"lazy\" class=\"size-thumbnail wp-image-602 aligncenter\" src=\"http:\/\/www.asel.hr\/wp-content\/uploads\/2015\/11\/protocne-peci_kartica-150x150.jpg\" alt=\"protocne peci_kartica\" width=\"150\" height=\"150\" \/><\/a><\/div>\n<\/td>\n<td style=\"text-align: center;\">\n<div class=\"grow pic\"><a href=\"http:\/\/www.asel.hr\/?page_id=606\"><img decoding=\"async\" loading=\"lazy\" class=\"size-thumbnail wp-image-603 aligncenter\" src=\"http:\/\/www.asel.hr\/wp-content\/uploads\/2015\/11\/tobaccoservo-150x150.jpg\" alt=\"tobaccoservo\" width=\"150\" height=\"150\" \/><\/a><\/div>\n<\/td>\n<td style=\"text-align: center;\">\n<div class=\"grow pic\"><a href=\"http:\/\/www.asel.hr\/?page_id=564\"><img decoding=\"async\" loading=\"lazy\" class=\"size-thumbnail wp-image-604 aligncenter\" src=\"http:\/\/www.asel.hr\/wp-content\/uploads\/2015\/11\/jalova-snaga_kartica1-150x150.jpg\" alt=\"jalova snaga_kartica\" width=\"150\" height=\"150\" \/><\/a><\/div>\n<\/td>\n<td style=\"text-align: center;\">\n<div class=\"grow pic\"><a href=\"http:\/\/www.asel.hr\/?page_id=341\"><img decoding=\"async\" loading=\"lazy\" class=\"alignnone size-thumbnail wp-image-605\" src=\"http:\/\/www.asel.hr\/wp-content\/uploads\/2015\/11\/termostati_kartica-150x150.jpg\" alt=\"termostati_kartica\" width=\"150\" height=\"150\" \/><\/a><\/div>\n<\/td>\n<\/tr>\n<tr>\n<td style=\"text-align: center;\">Ure\u0111aj za pra\u010denje<br \/>\nproto\u010dnih pe\u0107i<\/td>\n<td style=\"text-align: center;\">Servo motori za<br \/>\nTobacco automatiku<\/td>\n<td style=\"text-align: center;\">Kompenzacija jalove<br \/>\nenergije<\/td>\n<td style=\"text-align: center;\">Termostat progresivni<br \/>\ni obi\u010dni<\/td>\n<\/tr>\n<tr>\n<td style=\"text-align: center;\">\n<div class=\"grow pic\"><a href=\"http:\/\/www.asel.hr\/?page_id=360\"><img decoding=\"async\" loading=\"lazy\" class=\"alignnone size-full wp-image-725\" src=\"http:\/\/www.asel.hr\/wp-content\/uploads\/2015\/11\/otprasivac-kartica.jpg\" alt=\"otprasivac-kartica\" width=\"177\" height=\"160\" \/><\/a><\/div>\n<\/td>\n<td style=\"text-align: center;\">\n<div class=\"grow pic\">  <img decoding=\"async\" loading=\"lazy\" class=\"alignnone size-full wp-image-726\" src=\"http:\/\/www.asel.hr\/wp-content\/uploads\/2015\/11\/working.jpg\" alt=\"working\" width=\"177\" height=\"160\" \/><\/a><\/div>\n<\/td>\n<td style=\"text-align: center;\"><\/td>\n<td style=\"text-align: center;\"><\/td>\n<\/tr>\n<tr>\n<td style=\"text-align: center;\">Otpra\u0161iva\u010d duhana<\/td>\n<td style=\"text-align: center;\">Izrada opreme po dogovoru<\/td>\n<td style=\"text-align: center;\"><\/td>\n<td style=\"text-align: center;\"><\/td>\n<\/tr>\n<\/tbody>\n<\/table>\n","protected":false},"excerpt":{"rendered":"<p>DUHANSKA OPREMA I SOLARNE SU\u0160ARE &nbsp; &nbsp; Detaljnije o ponudama i cijenama posjetite na\u0161u internet trgovinu na ovom linku &nbsp; Automatika Tobacco Solarno su\u0161enje duhana Mjera\u010di i regulatori vlage temperature Ure\u0111aj za staklenike i plastenike Ure\u0111aj za pra\u010denje proto\u010dnih pe\u0107i Servo motori za Tobacco automatiku Kompenzacija jalove energije Termostat progresivni i obi\u010dni Otpra\u0161iva\u010d duhana Izrada [&hellip;]<\/p>\n","protected":false},"author":1,"featured_media":0,"parent":0,"menu_order":0,"comment_status":"closed","ping_status":"closed","template":"","meta":[],"_links":{"self":[{"href":"https:\/\/asel.hr\/index.php?rest_route=\/wp\/v2\/pages\/597"}],"collection":[{"href":"https:\/\/asel.hr\/index.php?rest_route=\/wp\/v2\/pages"}],"about":[{"href":"https:\/\/asel.hr\/index.php?rest_route=\/wp\/v2\/types\/page"}],"author":[{"embeddable":true,"href":"https:\/\/asel.hr\/index.php?rest_route=\/wp\/v2\/users\/1"}],"replies":[{"embeddable":true,"href":"https:\/\/asel.hr\/index.php?rest_route=%2Fwp%2Fv2%2Fcomments&post=597"}],"version-history":[{"count":18,"href":"https:\/\/asel.hr\/index.php?rest_route=\/wp\/v2\/pages\/597\/revisions"}],"predecessor-version":[{"id":1485,"href":"https:\/\/asel.hr\/index.php?rest_route=\/wp\/v2\/pages\/597\/revisions\/1485"}],"wp:attachment":[{"href":"https:\/\/asel.hr\/index.php?rest_route=%2Fwp%2Fv2%2Fmedia&parent=597"}],"curies":[{"name":"wp","href":"https:\/\/api.w.org\/{rel}","templated":true}]}}