{"id":564,"date":"2015-11-04T06:24:10","date_gmt":"2015-11-04T06:24:10","guid":{"rendered":"http:\/\/www.asel.hr\/?page_id=564"},"modified":"2015-11-09T11:22:10","modified_gmt":"2015-11-09T11:22:10","slug":"kompenzacija-jalove-snage","status":"publish","type":"page","link":"https:\/\/asel.hr\/?page_id=564","title":{"rendered":"KOMPENZACIJA JALOVE SNAGE"},"content":{"rendered":"<h1>AUTOMATSKA KOMPENZACIJA JALOVE ENERGIJE<br \/>\nsnage 41kWar \u2013 7 kanala<\/h1>\n<p>&nbsp;<br \/>\n&nbsp;<\/p>\n<p style=\"text-align: center;\"><span style=\"color: #0000ff;\">Klju\u010d u ruke \u2013<\/span> <span style=\"color: red;\"><span class=\"style56\">4.951,45<\/span> <span class=\"style59\">+ PDV<\/span><br \/>\n<span style=\"color: #333333;\">U ve\u0107ini slu\u010dajeva oprema se isplati u periodu od 6-12 mjeseci<\/span><\/span><\/p>\n<p>&nbsp;<br \/>\n<center><img decoding=\"async\" loading=\"lazy\" class=\"size-medium wp-image-565 aligncenter\" src=\"http:\/\/www.asel.hr\/wp-content\/uploads\/2015\/11\/kompenzacija-jalove-300px-300x225.jpg\" alt=\"kompenzacija jalove 300px\" width=\"300\" height=\"225\" \/><\/center><br \/>\n&nbsp;<\/p>\n<h1>U\u0160TEDE PRI INSTALIRANJU URE\u0110AJA ZA KOMPENZACIJU ELEKTRI\u010cNE ENERGIJE<\/h1>\n<p>&nbsp;<\/p>\n<p style=\"text-align: center;\">Elektri\u010dna energija je najdostupniji oblik energije, najkvalitetniji, najjednostavnije ju pretvoriti u druge oblike energije, no isto tako to je ujedno danas i najskuplji oblik energije. Te je cilj svake tvrtke smanjiti ekonomske izdatke vezane uz potro\u0161nju ove vrste energije.Najbolji na\u010din za to je koriste\u0107i sustave za kompenzaciju elektri\u010dne energije, jer manje je poznato da osim \u0161to induktivna tro\u0161ila (motori i sl.) stvaraju jalovu snagu koja direktno uzrokuje pove\u0107anu potro\u0161nju elektri\u010dne energije (zbog pojave kuta (?) zaostajanja struje za naponom) jo\u0161 manje je poznato da distributer elektri\u010dne energije pri isporuci elektri\u010dne energije na samom mjestu brojila ima i ure\u0111aj kojim mjeri navedeni kut (?) te prema njemu uz dodatni koeficijent mno\u017een sa potro\u0161enom energijom dodatno pove\u0107avaju va\u0161 ra\u010dun. Jer ukoliko kompenzacija nije izvedena, posljedica pojave zaostajanja struje za naponom uzrokuje dodatno optere\u0107enje generatora, transformatora, sklopnika, vodova odnosno op\u0107enito cijelog elektro-energetskog sustava \u0161to direktno utje\u010de na radni vijek istih, te se zbog toga potro\u0161ena energija dodatno mno\u017ei sa spomenutim koeficijentom. Upravo zbog ovih navedenih \u010dinjenica za vlasnika tvrtke je iz vi\u0161e razloga korisno da instalira ure\u0111aj za kompenzaciju elektri\u010dne energije, s ekonomskog gledi\u0161ta.<\/p>\n<p>&nbsp;<\/p>\n<p style=\"text-align: center;\"><img decoding=\"async\" loading=\"lazy\" class=\"alignnone size-medium wp-image-566\" src=\"http:\/\/www.asel.hr\/wp-content\/uploads\/2015\/11\/jalova-energija-256x300.jpg\" alt=\"jalova-energija\" width=\"256\" height=\"300\" srcset=\"https:\/\/asel.hr\/wp-content\/uploads\/2015\/11\/jalova-energija-256x300.jpg 256w, https:\/\/asel.hr\/wp-content\/uploads\/2015\/11\/jalova-energija.jpg 315w\" sizes=\"(max-width: 256px) 100vw, 256px\" \/><\/p>\n<p>&nbsp;<\/p>\n<p style=\"text-align: center;\">S- prividna snaga (ukupna-snaga koju pla\u0107amo ako nemamo kompenzaciju)<br \/>\nP- radna snaga (snaga koju tro\u0161imo, zapravo samo taj dio moramo platiti)<br \/>\njQL -jalova snaga (snaga koju kompenziramo-poni\u0161tavamo pomo\u0107u kompenzacijskih baterija)<br \/>\n-jQC -jalova snaga kompenzatora (snaga suprotna onoj koju tvore induktivni strojevi i tro\u0161ila te ih poni\u0161tava)<br \/>\n?- kut izme\u0111u radne i prividne snage koji nastaje zbog jalove (induktivne) snage<br \/>\nTermi\u010dka tro\u0161ila poput grija\u010da u bojlerima ili grijalicama i sli\u010dno ne utje\u010du na kut ? no ukoliko je rije\u010d o induktivnim tro\u0161ilima poput motora (npr. Cirkulari, bu\u0161ilice, terolitke i sli\u010dno) ili aparati za varenje, takvi ure\u0111aji razvijaju takozvanu reaktivnu snagu ili induktivnu jalovu snagu. Pa ukoliko imate radionicu, obrt ili tvrtku gdje su takvi strojevi odnosno ure\u0111aji \u010desto u uporabi, pogotovo jer je njihova potro\u0161nje energije zna\u010dajnija u odnosu na druge potro\u0161a\u010de time oni utje\u010du zna\u010dajno i na iznos va\u0161eg ra\u010duna za potro\u0161enu elektri\u010dnu energiju. Taj problem rje\u0161ava na\u0161 ure\u0111aj za kompenzaciju jalove energije. Cilj ovog ure\u0111aja je da polo\u017eaj vektora prividne snage (S) postavi pribli\u017eno u polo\u017eaj vektora (P), odnosno njen zadatak je da uklju\u010divanjem odgovaraju\u0107e kombinacije kompenzacijskih baterija vektor induktivne jalove snage poni\u0161ti jednakim vektorom po iznosu a suprotnog smjera. Te da nam se preko brojila vrti jedino potro\u0161ena radna snaga i time samo ono \u0161to smo zaista i utro\u0161ili u koristan rad.<\/p>\n<p>&nbsp;<\/p>\n","protected":false},"excerpt":{"rendered":"<p>AUTOMATSKA KOMPENZACIJA JALOVE ENERGIJE snage 41kWar \u2013 7 kanala &nbsp; &nbsp; Klju\u010d u ruke \u2013 4.951,45 + PDV U ve\u0107ini slu\u010dajeva oprema se isplati u periodu od 6-12 mjeseci &nbsp; &nbsp; U\u0160TEDE PRI INSTALIRANJU URE\u0110AJA ZA KOMPENZACIJU ELEKTRI\u010cNE ENERGIJE &nbsp; Elektri\u010dna energija je najdostupniji oblik energije, najkvalitetniji, najjednostavnije ju pretvoriti u druge oblike energije, no [&hellip;]<\/p>\n","protected":false},"author":1,"featured_media":0,"parent":0,"menu_order":0,"comment_status":"closed","ping_status":"closed","template":"","meta":[],"_links":{"self":[{"href":"https:\/\/asel.hr\/index.php?rest_route=\/wp\/v2\/pages\/564"}],"collection":[{"href":"https:\/\/asel.hr\/index.php?rest_route=\/wp\/v2\/pages"}],"about":[{"href":"https:\/\/asel.hr\/index.php?rest_route=\/wp\/v2\/types\/page"}],"author":[{"embeddable":true,"href":"https:\/\/asel.hr\/index.php?rest_route=\/wp\/v2\/users\/1"}],"replies":[{"embeddable":true,"href":"https:\/\/asel.hr\/index.php?rest_route=%2Fwp%2Fv2%2Fcomments&post=564"}],"version-history":[{"count":8,"href":"https:\/\/asel.hr\/index.php?rest_route=\/wp\/v2\/pages\/564\/revisions"}],"predecessor-version":[{"id":713,"href":"https:\/\/asel.hr\/index.php?rest_route=\/wp\/v2\/pages\/564\/revisions\/713"}],"wp:attachment":[{"href":"https:\/\/asel.hr\/index.php?rest_route=%2Fwp%2Fv2%2Fmedia&parent=564"}],"curies":[{"name":"wp","href":"https:\/\/api.w.org\/{rel}","templated":true}]}}