{"id":538,"date":"2015-11-03T08:11:47","date_gmt":"2015-11-03T08:11:47","guid":{"rendered":"http:\/\/www.asel.hr\/?page_id=538"},"modified":"2015-11-09T11:47:53","modified_gmt":"2015-11-09T11:47:53","slug":"upustaci-elektromotora","status":"publish","type":"page","link":"https:\/\/asel.hr\/?page_id=538","title":{"rendered":"UPU\u0160TA\u010cI ELEKTROMOTORA"},"content":{"rendered":"<h1>UPU\u0160TA\u010cI ELEKTROMOTORA (Softstarter)<\/h1>\n<p>&nbsp;<\/p>\n<p class=\"style56\" align=\"center\"><strong>3Phases 380\/440\/460\/550 input<\/strong><\/p>\n<p>&nbsp;<br \/>\n&nbsp;<br \/>\n<center><img decoding=\"async\" loading=\"lazy\" class=\"size-medium wp-image-539 aligncenter\" src=\"http:\/\/www.asel.hr\/wp-content\/uploads\/2015\/11\/upustaci-300x281.jpg\" alt=\"upustaci\" width=\"300\" height=\"281\" \/><\/center><br \/>\n&nbsp;<\/p>\n<table border=\"1\" cellspacing=\"0\" cellpadding=\"0\" align=\"center\">\n<tbody>\n<tr>\n<td width=\"74\">\n<p align=\"center\">Model<\/p>\n<\/td>\n<td width=\"52\">\n<p align=\"center\">napon (V)<\/p>\n<\/td>\n<td width=\"50\">\n<p align=\"center\">snaga<br \/>\n(KW)<\/p>\n<\/td>\n<td width=\"49\">\n<p align=\"center\">struja<br \/>\n(A)<\/p>\n<\/td>\n<td width=\"58\">\n<p align=\"center\">tipkovnica<\/p>\n<\/td>\n<td width=\"54\">\n<p align=\"center\">te\u017eina<br \/>\n(kg)<\/p>\n<\/td>\n<td width=\"122\">\n<p align=\"center\">vanjske dimenzije<\/p>\n<p align=\"center\">L\/W\/H(mm)<\/p>\n<\/td>\n<\/tr>\n<tr>\n<td valign=\"bottom\" width=\"74\">\n<p align=\"center\">PJR2-05<\/p>\n<\/td>\n<td width=\"52\">\n<p align=\"center\">380<\/p>\n<\/td>\n<td width=\"50\">\n<p align=\"center\">5.5<\/p>\n<\/td>\n<td width=\"49\">\n<p align=\"center\">12<\/p>\n<\/td>\n<td width=\"58\">\n<p align=\"center\">PJR2<\/p>\n<\/td>\n<td width=\"54\">\n<p align=\"center\">4.39<\/p>\n<\/td>\n<td width=\"122\">\n<p align=\"center\">145\/270\/167<\/p>\n<\/td>\n<\/tr>\n<tr>\n<td valign=\"bottom\" width=\"74\">\n<div align=\"center\">PJR2-07<\/div>\n<\/td>\n<td width=\"52\">\n<p align=\"center\">380<\/p>\n<\/td>\n<td width=\"50\">\n<p align=\"center\">7.5<\/p>\n<\/td>\n<td width=\"49\">\n<p align=\"center\">17<\/p>\n<\/td>\n<td width=\"58\">\n<p align=\"center\">PJR2<\/p>\n<\/td>\n<td width=\"54\">\n<p align=\"center\">4.39<\/p>\n<\/td>\n<td width=\"122\">\n<p align=\"center\">145\/270\/167<\/p>\n<\/td>\n<\/tr>\n<tr>\n<td valign=\"bottom\" width=\"74\">\n<p align=\"center\">PJR2-11<\/p>\n<\/td>\n<td width=\"52\">\n<p align=\"center\">380<\/p>\n<\/td>\n<td width=\"50\">\n<p align=\"center\">11<\/p>\n<\/td>\n<td width=\"49\">\n<p align=\"center\">22<\/p>\n<\/td>\n<td width=\"58\">\n<p align=\"center\">PJR2<\/p>\n<\/td>\n<td width=\"54\">\n<p align=\"center\">4.39<\/p>\n<\/td>\n<td width=\"122\">\n<p align=\"center\">145\/270\/167<\/p>\n<\/td>\n<\/tr>\n<tr>\n<td valign=\"bottom\" width=\"74\">\n<p align=\"center\">PJR2-15<\/p>\n<\/td>\n<td width=\"52\">\n<p align=\"center\">380<\/p>\n<\/td>\n<td width=\"50\">\n<p align=\"center\">15<\/p>\n<\/td>\n<td width=\"49\">\n<p align=\"center\">32<\/p>\n<\/td>\n<td width=\"58\">\n<p align=\"center\">PJR2<\/p>\n<\/td>\n<td width=\"54\">\n<p align=\"center\">4.39<\/p>\n<\/td>\n<td width=\"122\">\n<p align=\"center\">145\/270\/167<\/p>\n<\/td>\n<\/tr>\n<tr>\n<td valign=\"bottom\" width=\"74\">\n<p align=\"center\">PJR2-18<\/p>\n<\/td>\n<td width=\"52\">\n<p align=\"center\">380<\/p>\n<\/td>\n<td width=\"50\">\n<p align=\"center\">17<\/p>\n<\/td>\n<td width=\"49\">\n<p align=\"center\">38<\/p>\n<\/td>\n<td width=\"58\">\n<p align=\"center\">PJR2<\/p>\n<\/td>\n<td width=\"54\">\n<p align=\"center\">4.39<\/p>\n<\/td>\n<td width=\"122\">\n<p align=\"center\">145\/270\/167<\/p>\n<\/td>\n<\/tr>\n<tr>\n<td valign=\"bottom\" width=\"74\">\n<p align=\"center\">PJR2-22<\/p>\n<\/td>\n<td width=\"52\">\n<p align=\"center\">380<\/p>\n<\/td>\n<td width=\"50\">\n<p align=\"center\">22<\/p>\n<\/td>\n<td width=\"49\">\n<p align=\"center\">47<\/p>\n<\/td>\n<td width=\"58\">\n<p align=\"center\">PJR2<\/p>\n<\/td>\n<td width=\"54\">\n<p align=\"center\">5.14<\/p>\n<\/td>\n<td width=\"122\">\n<p align=\"center\">145\/270\/167<\/p>\n<\/td>\n<\/tr>\n<tr>\n<td valign=\"bottom\" width=\"74\">\n<p align=\"center\">PJR2-30<\/p>\n<\/td>\n<td width=\"52\">\n<p align=\"center\">380<\/p>\n<\/td>\n<td width=\"50\">\n<p align=\"center\">30<\/p>\n<\/td>\n<td width=\"49\">\n<p align=\"center\">62<\/p>\n<\/td>\n<td width=\"58\">\n<p align=\"center\">PJR2<\/p>\n<\/td>\n<td width=\"54\">\n<p align=\"center\">5.14<\/p>\n<\/td>\n<td width=\"122\">\n<p align=\"center\">145\/270\/167<\/p>\n<\/td>\n<\/tr>\n<tr>\n<td valign=\"bottom\" width=\"74\">\n<p align=\"center\">PJR2-37<\/p>\n<\/td>\n<td width=\"52\">\n<p align=\"center\">380<\/p>\n<\/td>\n<td width=\"50\">\n<p align=\"center\">37<\/p>\n<\/td>\n<td width=\"49\">\n<p align=\"center\">75<\/p>\n<\/td>\n<td width=\"58\">\n<p align=\"center\">PJR2<\/p>\n<\/td>\n<td width=\"54\">\n<p align=\"center\">5.14<\/p>\n<\/td>\n<td width=\"122\">\n<p align=\"center\">145\/270\/167<\/p>\n<\/td>\n<\/tr>\n<tr>\n<td valign=\"bottom\" width=\"74\">\n<p align=\"center\">PJR2-45<\/p>\n<\/td>\n<td width=\"52\">\n<p align=\"center\">380<\/p>\n<\/td>\n<td width=\"50\">\n<p align=\"center\">45<\/p>\n<\/td>\n<td width=\"49\">\n<p align=\"center\">88<\/p>\n<\/td>\n<td width=\"58\">\n<p align=\"center\">PJR2<\/p>\n<\/td>\n<td width=\"54\">\n<p align=\"center\">5.14<\/p>\n<\/td>\n<td width=\"122\">\n<p align=\"center\">145\/270\/167<\/p>\n<\/td>\n<\/tr>\n<tr>\n<td valign=\"bottom\" width=\"74\">\n<p align=\"center\">PJR2-55<\/p>\n<\/td>\n<td width=\"52\">\n<p align=\"center\">380<\/p>\n<\/td>\n<td width=\"50\">\n<p align=\"center\">55<\/p>\n<\/td>\n<td width=\"49\">\n<p align=\"center\">110<\/p>\n<\/td>\n<td width=\"58\">\n<p align=\"center\">PJR2<\/p>\n<\/td>\n<td width=\"54\">\n<p align=\"center\">5.17<\/p>\n<\/td>\n<td width=\"122\">\n<p align=\"center\">145\/270\/167<\/p>\n<\/td>\n<\/tr>\n<tr>\n<td valign=\"bottom\" width=\"74\">\n<p align=\"center\">PJR2-75<\/p>\n<\/td>\n<td width=\"52\">\n<p align=\"center\">380<\/p>\n<\/td>\n<td width=\"50\">\n<p align=\"center\">75<\/p>\n<\/td>\n<td width=\"49\">\n<p align=\"center\">140<\/p>\n<\/td>\n<td width=\"58\">\n<p align=\"center\">PJR2<\/p>\n<\/td>\n<td width=\"54\">\n<p align=\"center\">5.17<\/p>\n<\/td>\n<td width=\"122\">\n<p align=\"center\">145\/270\/167<\/p>\n<\/td>\n<\/tr>\n<tr>\n<td valign=\"bottom\" width=\"74\">\n<p align=\"center\">PJR2-90<\/p>\n<\/td>\n<td width=\"52\">\n<p align=\"center\">380<\/p>\n<\/td>\n<td width=\"50\">\n<p align=\"center\">90<\/p>\n<\/td>\n<td width=\"49\">\n<p align=\"center\">170<\/p>\n<\/td>\n<td width=\"58\">\n<p align=\"center\">PJR2<\/p>\n<\/td>\n<td width=\"54\">\n<p align=\"center\">17.9<\/p>\n<\/td>\n<td width=\"122\">\n<p align=\"center\">260\/385\/241<\/p>\n<\/td>\n<\/tr>\n<tr>\n<td valign=\"bottom\" width=\"74\">\n<p align=\"center\">PJR2-110<\/p>\n<\/td>\n<td width=\"52\">\n<p align=\"center\">380<\/p>\n<\/td>\n<td width=\"50\">\n<p align=\"center\">110<\/p>\n<\/td>\n<td width=\"49\">\n<p align=\"center\">210<\/p>\n<\/td>\n<td width=\"58\">\n<p align=\"center\">PJR2<\/p>\n<\/td>\n<td width=\"54\">\n<p align=\"center\">17.9<\/p>\n<\/td>\n<td width=\"122\">\n<p align=\"center\">260\/385\/241<\/p>\n<\/td>\n<\/tr>\n<tr>\n<td valign=\"bottom\" width=\"74\">\n<p align=\"center\">PJR2-132<\/p>\n<\/td>\n<td width=\"52\">\n<p align=\"center\">380<\/p>\n<\/td>\n<td width=\"50\">\n<p align=\"center\">132<\/p>\n<\/td>\n<td width=\"49\">\n<p align=\"center\">250<\/p>\n<\/td>\n<td width=\"58\">\n<p align=\"center\">PJR2<\/p>\n<\/td>\n<td width=\"54\">\n<p align=\"center\">17.9<\/p>\n<\/td>\n<td width=\"122\">\n<p align=\"center\">260\/385\/241<\/p>\n<\/td>\n<\/tr>\n<tr>\n<td valign=\"bottom\" width=\"74\">\n<p align=\"center\">PJR2-160<\/p>\n<\/td>\n<td width=\"52\">\n<p align=\"center\">380<\/p>\n<\/td>\n<td width=\"50\">\n<p align=\"center\">160<\/p>\n<\/td>\n<td width=\"49\">\n<p align=\"center\">320<\/p>\n<\/td>\n<td width=\"58\">\n<p align=\"center\">PJR2<\/p>\n<\/td>\n<td width=\"54\">\n<p align=\"center\">17.9<\/p>\n<\/td>\n<td width=\"122\">\n<p align=\"center\">260\/385\/241<\/p>\n<\/td>\n<\/tr>\n<tr>\n<td valign=\"bottom\" width=\"74\">\n<p align=\"center\">PJR2-200<\/p>\n<\/td>\n<td width=\"52\">\n<p align=\"center\">380<\/p>\n<\/td>\n<td width=\"50\">\n<p align=\"center\">200<\/p>\n<\/td>\n<td width=\"49\">\n<p align=\"center\">410<\/p>\n<\/td>\n<td width=\"58\">\n<p align=\"center\">PJR2<\/p>\n<\/td>\n<td width=\"54\">\n<p align=\"center\">28.3<\/p>\n<\/td>\n<td width=\"122\">\n<p align=\"center\">260\/385\/241<\/p>\n<\/td>\n<\/tr>\n<tr>\n<td valign=\"bottom\" width=\"74\">\n<p align=\"center\">PJR2-250<\/p>\n<\/td>\n<td width=\"52\">\n<p align=\"center\">380<\/p>\n<\/td>\n<td width=\"50\">\n<p align=\"center\">250<\/p>\n<\/td>\n<td width=\"49\">\n<p align=\"center\">480<\/p>\n<\/td>\n<td width=\"58\">\n<p align=\"center\">PJR2<\/p>\n<\/td>\n<td width=\"54\">\n<p align=\"center\">28.3<\/p>\n<\/td>\n<td width=\"122\">\n<p align=\"center\">290\/445\/280<\/p>\n<\/td>\n<\/tr>\n<tr>\n<td valign=\"bottom\" width=\"74\">\n<p align=\"center\">PJR2-320<\/p>\n<\/td>\n<td width=\"52\">\n<p align=\"center\">380<\/p>\n<\/td>\n<td width=\"50\">\n<p align=\"center\">320<\/p>\n<\/td>\n<td width=\"49\">\n<p align=\"center\">590<\/p>\n<\/td>\n<td width=\"58\">\n<p align=\"center\">PJR2<\/p>\n<\/td>\n<td width=\"54\">\n<p align=\"center\">28.3<\/p>\n<\/td>\n<td width=\"122\">\n<p align=\"center\">290\/445\/280<\/p>\n<\/td>\n<\/tr>\n<tr>\n<td valign=\"bottom\" width=\"74\">\n<p align=\"center\">PJR2-400<\/p>\n<\/td>\n<td width=\"52\">\n<p align=\"center\">380<\/p>\n<\/td>\n<td width=\"50\">\n<p align=\"center\">400<\/p>\n<\/td>\n<td width=\"49\">\n<p align=\"center\">790<\/p>\n<\/td>\n<td width=\"58\">\n<p align=\"center\">PJR2<\/p>\n<\/td>\n<td width=\"54\">\n<p align=\"center\">28.3<\/p>\n<\/td>\n<td width=\"122\">\n<p align=\"center\">290\/445\/280<\/p>\n<\/td>\n<\/tr>\n<tr>\n<td valign=\"bottom\" width=\"74\">\n<p align=\"center\">PJR2-500<\/p>\n<\/td>\n<td width=\"52\">\n<p align=\"center\">380<\/p>\n<\/td>\n<td width=\"50\">\n<p align=\"center\">500<\/p>\n<\/td>\n<td width=\"49\">\n<p align=\"center\">1000<\/p>\n<\/td>\n<td width=\"58\">\n<p align=\"center\">PJR2<\/p>\n<\/td>\n<td width=\"54\">\n<p align=\"center\">30<\/p>\n<\/td>\n<td width=\"122\">\n<p align=\"center\">290\/445\/280<\/p>\n<\/td>\n<\/tr>\n<\/tbody>\n<\/table>\n<p>&nbsp;<\/p>\n","protected":false},"excerpt":{"rendered":"<p>UPU\u0160TA\u010cI ELEKTROMOTORA (Softstarter) &nbsp; 3Phases 380\/440\/460\/550 input &nbsp; &nbsp; &nbsp; Model napon (V) snaga (KW) struja (A) tipkovnica te\u017eina (kg) vanjske dimenzije L\/W\/H(mm) PJR2-05 380 5.5 12 PJR2 4.39 145\/270\/167 PJR2-07 380 7.5 17 PJR2 4.39 145\/270\/167 PJR2-11 380 11 22 PJR2 4.39 145\/270\/167 PJR2-15 380 15 32 PJR2 4.39 145\/270\/167 PJR2-18 380 17 38 [&hellip;]<\/p>\n","protected":false},"author":1,"featured_media":0,"parent":0,"menu_order":0,"comment_status":"closed","ping_status":"closed","template":"","meta":[],"_links":{"self":[{"href":"https:\/\/asel.hr\/index.php?rest_route=\/wp\/v2\/pages\/538"}],"collection":[{"href":"https:\/\/asel.hr\/index.php?rest_route=\/wp\/v2\/pages"}],"about":[{"href":"https:\/\/asel.hr\/index.php?rest_route=\/wp\/v2\/types\/page"}],"author":[{"embeddable":true,"href":"https:\/\/asel.hr\/index.php?rest_route=\/wp\/v2\/users\/1"}],"replies":[{"embeddable":true,"href":"https:\/\/asel.hr\/index.php?rest_route=%2Fwp%2Fv2%2Fcomments&post=538"}],"version-history":[{"count":7,"href":"https:\/\/asel.hr\/index.php?rest_route=\/wp\/v2\/pages\/538\/revisions"}],"predecessor-version":[{"id":719,"href":"https:\/\/asel.hr\/index.php?rest_route=\/wp\/v2\/pages\/538\/revisions\/719"}],"wp:attachment":[{"href":"https:\/\/asel.hr\/index.php?rest_route=%2Fwp%2Fv2%2Fmedia&parent=538"}],"curies":[{"name":"wp","href":"https:\/\/api.w.org\/{rel}","templated":true}]}}