{"id":526,"date":"2015-11-03T07:15:17","date_gmt":"2015-11-03T07:15:17","guid":{"rendered":"http:\/\/www.asel.hr\/?page_id=526"},"modified":"2017-07-31T05:02:54","modified_gmt":"2017-07-31T05:02:54","slug":"frekventni-pretvaraci-upustaci-servo-motori-prigusnice-emc-filteri-i-kocioni-moduli","status":"publish","type":"page","link":"https:\/\/asel.hr\/?page_id=526","title":{"rendered":"FREKVENTNI PRETVARA\u010cI, UPU\u0160TA\u010cI, SERVO MOTORI, PRIGU\u0160NICE, EMC FILTERI I KO\u010cIONI MODULI"},"content":{"rendered":"<h1>FREKVENTNI PRETVARA\u010cI, UPU\u0160TA\u010cI, SERVO MOTORI, PRIGU\u0160NICE, EMC FILTERI I KO\u010cIONI MODULI<\/h1>\n<p>&nbsp;<\/p>\n<table align=\"center\">\n<tbody>\n<tr>\n<td style=\"text-align: center;\">\n<div class=\"grow pic\"><a href=\"http:\/\/www.asel.hr\/?page_id=538\"><img decoding=\"async\" loading=\"lazy\" class=\"aligncenter wp-image-528 size-full\" src=\"http:\/\/www.asel.hr\/wp-content\/uploads\/2015\/11\/kartica_upustaci.jpg\" alt=\"kartica_upustaci\" width=\"177\" height=\"160\" \/><\/a><\/div>\n<\/td>\n<td style=\"text-align: center;\">\n<div class=\"grow pic\"><a href=\"http:\/\/asel.hr\/?page_id=1410\"><img decoding=\"async\" loading=\"lazy\" class=\"aligncenter wp-image-527 size-full\" src=\"http:\/\/www.asel.hr\/wp-content\/uploads\/2015\/11\/kartica_pretvaraci.jpg\" alt=\"kartica_pretvaraci\" width=\"177\" height=\"160\" \/><\/a><\/td>\n<td>\n<div class=\"grow pic\"><img decoding=\"async\" loading=\"lazy\" class=\"size-full wp-image-530 aligncenter\" src=\"http:\/\/www.asel.hr\/wp-content\/uploads\/2015\/11\/kartica_resi.jpg\" alt=\"kartica_resi\" width=\"177\" height=\"160\" \/><\/div>\n<\/td>\n<td>\n<div class=\"grow pic\"><img decoding=\"async\" loading=\"lazy\" class=\"alignnone size-full wp-image-529\" src=\"http:\/\/www.asel.hr\/wp-content\/uploads\/2015\/11\/kartica_servom.jpg\" alt=\"kartica_servom\" width=\"177\" height=\"160\" \/><\/div>\n<\/td>\n<\/tr>\n<tr>\n<td style=\"text-align: center;\"><span style=\"color: #ff0000;\">UPU\u0160TA\u010cI<\/span><\/td>\n<td style=\"text-align: center;\"><span style=\"color: #ff0000;\">FREKVENTNI<\/span><br \/>\n<span style=\"color: #ff0000;\">PRETVARA\u010cI<\/span><\/td>\n<td style=\"text-align: center;\"><span style=\"color: #ff0000;\">PRIGU\u0160NICE I EMC FILTERI<\/span><br \/>\n<span style=\"color: #ff0000;\"> KO\u010cIONI MODULI<\/span><br \/>\n<span style=\"color: #ff0000;\"> (u pripremi)<\/span><\/td>\n<td style=\"text-align: center;\"><span style=\"color: #ff0000;\">SERVO MOTORI<\/span><br \/>\n<span style=\"color: #ff0000;\"> (u pripremi)<\/span><\/td>\n<\/tr>\n<\/tbody>\n<\/table>\n<p>&nbsp;<\/p>\n","protected":false},"excerpt":{"rendered":"<p>FREKVENTNI PRETVARA\u010cI, UPU\u0160TA\u010cI, SERVO MOTORI, PRIGU\u0160NICE, EMC FILTERI I KO\u010cIONI MODULI &nbsp; UPU\u0160TA\u010cI FREKVENTNI PRETVARA\u010cI PRIGU\u0160NICE I EMC FILTERI KO\u010cIONI MODULI (u pripremi) SERVO MOTORI (u pripremi) &nbsp;<\/p>\n","protected":false},"author":1,"featured_media":0,"parent":0,"menu_order":0,"comment_status":"closed","ping_status":"closed","template":"","meta":[],"_links":{"self":[{"href":"https:\/\/asel.hr\/index.php?rest_route=\/wp\/v2\/pages\/526"}],"collection":[{"href":"https:\/\/asel.hr\/index.php?rest_route=\/wp\/v2\/pages"}],"about":[{"href":"https:\/\/asel.hr\/index.php?rest_route=\/wp\/v2\/types\/page"}],"author":[{"embeddable":true,"href":"https:\/\/asel.hr\/index.php?rest_route=\/wp\/v2\/users\/1"}],"replies":[{"embeddable":true,"href":"https:\/\/asel.hr\/index.php?rest_route=%2Fwp%2Fv2%2Fcomments&post=526"}],"version-history":[{"count":15,"href":"https:\/\/asel.hr\/index.php?rest_route=\/wp\/v2\/pages\/526\/revisions"}],"predecessor-version":[{"id":1415,"href":"https:\/\/asel.hr\/index.php?rest_route=\/wp\/v2\/pages\/526\/revisions\/1415"}],"wp:attachment":[{"href":"https:\/\/asel.hr\/index.php?rest_route=%2Fwp%2Fv2%2Fmedia&parent=526"}],"curies":[{"name":"wp","href":"https:\/\/api.w.org\/{rel}","templated":true}]}}