{"id":501,"date":"2015-10-31T07:40:08","date_gmt":"2015-10-31T07:40:08","guid":{"rendered":"http:\/\/www.asel.hr\/?page_id=501"},"modified":"2019-12-29T21:41:37","modified_gmt":"2019-12-29T21:41:37","slug":"video-nadzor","status":"publish","type":"page","link":"https:\/\/asel.hr\/?page_id=501","title":{"rendered":"VIDEO NADZOR"},"content":{"rendered":"<h1>IP kamera za video nadzor Wi-fi (be\u017ei\u010dna) \/ LAN-Ethernet RJ45<\/h1>\n<p>&nbsp;<\/p>\n<p style=\"text-align: center;\">Slanje slika na e-mail ili ftp server bez ra\u010dunala<br \/>\nONLINE video nadzor internetom pomo\u0107u ra\u010dunala ili mobitela<br \/>\nBesplatna aplikacija za video nadzor ( Windows, Android i BlackBerry OS )<\/p>\n<p>&nbsp;<\/p>\n<table border=\"1\" width=\"724\" align=\"center\">\n<tbody>\n<tr>\n<td style=\"text-align: center;\" rowspan=\"2\" bgcolor=\"#FFFFCC\" width=\"190\">\n<div align=\"left\"><img decoding=\"async\" loading=\"lazy\" class=\"size-full wp-image-502 alignnone\" src=\"http:\/\/www.asel.hr\/wp-content\/uploads\/2015\/10\/kamera-IP-vanjska.jpg\" alt=\"kamera IP vanjska\" width=\"100\" height=\"97\" \/><\/div>\n<div align=\"left\">Vanjska IP kamera<\/div>\n<\/td>\n<td bgcolor=\"#FFFFCC\" width=\"190\" height=\"50\">\n<div align=\"center\">IP KAMERA Wi-fi IR-led vanjska<\/div>\n<\/td>\n<td bgcolor=\"#FFFFCC\" width=\"209\">\n<div align=\"center\">549.6kn<\/div>\n<\/td>\n<\/tr>\n<tr>\n<td bgcolor=\"#FFFFCC\">\n<div align=\"center\">IP KAMERA ETHERNET IR-led vanjska<\/div>\n<\/td>\n<td bgcolor=\"#FFFFCC\" width=\"209\">\n<div align=\"center\">500kn<\/div>\n<\/td>\n<\/tr>\n<tr>\n<td rowspan=\"2\" bgcolor=\"#FFFFCC\"><img decoding=\"async\" loading=\"lazy\" class=\"alignnone size-full wp-image-503\" src=\"http:\/\/www.asel.hr\/wp-content\/uploads\/2015\/10\/kamera-IP-unutarnja.jpg\" alt=\"kamera IP unutarnja\" width=\"100\" height=\"119\" \/><\/p>\n<p>Unutarnja IP kamera<\/td>\n<td bgcolor=\"#FFFFCC\" height=\"58\">\n<div align=\"center\">IP KAMERA Wi-fi IR-led unutarnja<\/div>\n<\/td>\n<td bgcolor=\"#FFFFCC\">\n<div align=\"center\">449.6kn<\/div>\n<\/td>\n<\/tr>\n<tr>\n<td bgcolor=\"#FFFFCC\">\n<div align=\"center\">IP KAMERA ETHERNET IR-led unutarnja<\/div>\n<\/td>\n<td bgcolor=\"#FFFFCC\">\n<div align=\"center\">400kn<\/div>\n<\/td>\n<\/tr>\n<\/tbody>\n<\/table>\n<p><img decoding=\"async\" loading=\"lazy\" class=\"size-full wp-image-505 aligncenter\" src=\"http:\/\/www.asel.hr\/wp-content\/uploads\/2015\/10\/logo-nadzorna-kamera.jpg\" alt=\"logo nadzorna kamera\" width=\"790\" height=\"383\" srcset=\"https:\/\/asel.hr\/wp-content\/uploads\/2015\/10\/logo-nadzorna-kamera.jpg 790w, https:\/\/asel.hr\/wp-content\/uploads\/2015\/10\/logo-nadzorna-kamera-300x145.jpg 300w\" sizes=\"(max-width: 790px) 100vw, 790px\" \/><\/p>\n<p>Komprimirani MJPEG Video.Mogu\u0107nost odabira tri rezolucije VGA \/ QVGA \/ QQVGA. Korisnik mo\u017ee mijenjati parametre<br \/>\nImplementiran WEB server sa TCP\/IP mre\u017enim protokolom. Korisnik mo\u017ee nadgledati video, putem Internet Explorer-a,<br \/>\nFirefox-a ili drugih pretra\u017eiva\u010da.Podaci se prenose kroz jedan port; jednostavno pode\u0161avanje mre\u017enih postavki.<\/p>\n<p><strong>Zajedni\u010dke karakteristike vanjskih i unutarnjih IR nadzornih kamera:<\/strong><\/p>\n<p>* 24-satno nadgledanje.<br \/>\n* Podr\u0161ka 802.11b\/g protokol, wireless nadzor<br \/>\n* Podr\u017eava UPNP,port forwarding automatski na ruter.<br \/>\n* Detekcija pokreta<br \/>\n* softver za video nadzor integriran u kameri (\u0161alje slike na e-mail ili na FTP server).<br \/>\n* Alarm informacije \u0161alje na alarm server<br \/>\n* Podr\u0161ka video prikaza na mobilne telefone (Android i BlackBerry)<br \/>\n* Podr\u0161ka tri razine korisnika vlasti.<br \/>\n* Podr\u0161ka za nadogradnju na internetu.<br \/>\n* DDNS daje proizvo\u0111a\u010d besplatno, upisan je u ure\u0111aju.<br \/>\n* Podr\u0161ka za Multi-view, dugotrajno snimanje, pregled video snimki i sl.<\/p>\n<table border=\"1\" align=\"center\">\n<tbody>\n<tr>\n<td>\n<p style=\"text-align: center;\"><strong>Karakteristike ( vanjske IR nadzorne kamera )<\/strong><\/p>\n<p style=\"text-align: center;\">* 36kom Infracrvenih LED-ica za no\u0107ni rad pokriva 25m prostora<br \/>\n* Vodootporno ku\u010di\u0161te prikladan za primjenu na otvorenom.<br \/>\n* Podr\u017ean kut nadgledanja 78\u00b0.<\/p>\n<p><img decoding=\"async\" loading=\"lazy\" class=\"size-full wp-image-507 aligncenter\" src=\"http:\/\/www.asel.hr\/wp-content\/uploads\/2015\/10\/IP-kamera-vanjska-wifi.jpg\" alt=\"IP kamera vanjska wifi\" width=\"158\" height=\"202\" \/><\/td>\n<td>\n<p style=\"text-align: center;\"><strong>Karakteristike ( unutarnje IR nadzorne kamere )<\/strong><\/p>\n<p style=\"text-align: center;\">Ugra\u0111en motor za Panoramu\/nagib.<br \/>\nSa ugra\u0111enim mikrofonom, podr\u017eava dvosmjernu interfon (audio) funkciju.<\/p>\n<p><img decoding=\"async\" loading=\"lazy\" class=\"size-full wp-image-508 aligncenter\" src=\"http:\/\/www.asel.hr\/wp-content\/uploads\/2015\/10\/IP-kamera-unutarnja-wifi6.jpg\" alt=\"IP kamera unutarnja wifi6\" width=\"250\" height=\"236\" \/><\/p>\n<p style=\"text-align: center;\">Alarm pin mo\u017ee se spojiti na vanjske senzore za detekciju pokreta.<br \/>\nPrilikom detekcije alarma mogu\u0107e je uklju\u010diti i vanjski alarm.<\/p>\n<\/td>\n<\/tr>\n<\/tbody>\n<\/table>\n<p><img decoding=\"async\" loading=\"lazy\" class=\"aligncenter wp-image-509 size-full\" src=\"http:\/\/www.asel.hr\/wp-content\/uploads\/2015\/10\/IP-kamera-vanjska-wifi3-e1446283202798.jpg\" alt=\"IP-kamera-vanjska-wifi3\" width=\"703\" height=\"272\" srcset=\"https:\/\/asel.hr\/wp-content\/uploads\/2015\/10\/IP-kamera-vanjska-wifi3-e1446283202798.jpg 703w, https:\/\/asel.hr\/wp-content\/uploads\/2015\/10\/IP-kamera-vanjska-wifi3-e1446283202798-300x116.jpg 300w\" sizes=\"(max-width: 703px) 100vw, 703px\" \/><\/p>\n<p><b>Specifikacije:<\/b><\/p>\n<table border=\"0\" cellspacing=\"5\" cellpadding=\"0\" align=\"center\">\n<colgroup>\n<col width=\"123\" \/>\n<col width=\"293\" \/>\n<col width=\"306\" \/> <\/colgroup>\n<tbody>\n<tr>\n<td bgcolor=\"#CC3300\" width=\"123\" height=\"20\"><\/td>\n<td bgcolor=\"#CC3300\" width=\"293\">\n<div align=\"center\"><span style=\"color: #ffffff;\">IP KAMERA Wi-fi IR-led vanjska<\/span><\/div>\n<\/td>\n<td bgcolor=\"#CC3300\" width=\"306\">\n<div align=\"center\"><span style=\"color: #ffffff;\">IP ROTACIJSKA KAMERA Wi-fi IR-led unutarnja<\/span><\/div>\n<\/td>\n<\/tr>\n<tr>\n<td bgcolor=\"#CCCCCC\" height=\"106\"><\/td>\n<td>\n<div align=\"center\"><img decoding=\"async\" loading=\"lazy\" src=\"http:\/\/asel.hr\/images\/kamera%20IP%20vanjska.jpg\" alt=\"\" width=\"100\" height=\"97\" \/><\/div>\n<\/td>\n<td>\n<div align=\"center\"><img decoding=\"async\" loading=\"lazy\" src=\"http:\/\/asel.hr\/images\/kamera%20IP%20unutarnja.jpg\" alt=\"\" width=\"100\" height=\"119\" \/><\/div>\n<\/td>\n<\/tr>\n<tr>\n<td bgcolor=\"#CCCCCC\" width=\"123\" height=\"24\">\n<div align=\"center\"><strong>Senzor<\/strong><\/div>\n<\/td>\n<td colspan=\"2\" bgcolor=\"#F8F8F8\" width=\"599\">\n<div align=\"center\">CMOS senzor, 300K Pixela<\/div>\n<\/td>\n<\/tr>\n<tr>\n<td bgcolor=\"#CCCCCC\" width=\"123\" height=\"21\">\n<div align=\"center\"><strong>Minimalno osvjetljenje<\/strong><\/div>\n<\/td>\n<td colspan=\"2\" bgcolor=\"#F8F8F8\" width=\"599\">\n<div align=\"center\">IR on, 0 Lux<\/div>\n<\/td>\n<\/tr>\n<tr>\n<td bgcolor=\"#CCCCCC\" width=\"123\" height=\"20\">\n<div align=\"center\"><strong>Le\u0107a<\/strong><\/div>\n<\/td>\n<td colspan=\"2\" bgcolor=\"#F8F8F8\" width=\"599\">\n<div align=\"center\">f=4mm, F=2.0, Fixed Iris<\/div>\n<\/td>\n<\/tr>\n<tr>\n<td bgcolor=\"#CCCCCC\" width=\"123\" height=\"20\">\n<div align=\"center\"><strong>IR-cut<\/strong><\/div>\n<\/td>\n<td colspan=\"2\" bgcolor=\"#F8F8F8\">\n<div align=\"center\">Podr\u0161ka za IR i kolor filter mjenjaju se automatski<\/div>\n<\/td>\n<\/tr>\n<tr>\n<td bgcolor=\"#CCCCCC\" width=\"123\" height=\"20\">\n<div align=\"center\"><strong>Rezolucija<\/strong><\/div>\n<\/td>\n<td colspan=\"2\" bgcolor=\"#F8F8F8\" width=\"599\">\n<div align=\"center\">640&#215;480(VGA)\/320&#215;240(QVGA)\/160&#215;120(QQVGA)<\/div>\n<\/td>\n<\/tr>\n<tr>\n<td bgcolor=\"#CCCCCC\" width=\"123\" height=\"20\">\n<div align=\"center\"><strong>Kompresija<\/strong><\/div>\n<\/td>\n<td colspan=\"2\" bgcolor=\"#F8F8F8\" width=\"599\">\n<div align=\"center\">MJPEG<\/div>\n<\/td>\n<\/tr>\n<tr>\n<td bgcolor=\"#CCCCCC\" width=\"123\" height=\"20\">\n<div align=\"center\"><strong>Frame rate<\/strong><\/div>\n<\/td>\n<td colspan=\"2\" bgcolor=\"#F8F8F8\" width=\"599\">\n<div align=\"center\">30fps<\/div>\n<\/td>\n<\/tr>\n<tr>\n<td bgcolor=\"#CCCCCC\" width=\"123\" height=\"20\">\n<div align=\"center\"><strong>Bit Rate<\/strong><\/div>\n<\/td>\n<td colspan=\"2\" bgcolor=\"#F8F8F8\" width=\"599\">\n<div align=\"center\">128kbps- 5Mbps<\/div>\n<\/td>\n<\/tr>\n<tr>\n<td bgcolor=\"#CCCCCC\" width=\"123\" height=\"20\">\n<div align=\"center\"><strong>Audio<\/strong><\/div>\n<\/td>\n<td bgcolor=\"#F8F8F8\" width=\"293\">\n<div align=\"center\">Ne<\/div>\n<\/td>\n<td bgcolor=\"#F8F8F8\" width=\"306\">\n<div align=\"center\">Ulaz (ugra\u0111en mikrofon) \/ Izlaz<\/div>\n<\/td>\n<\/tr>\n<tr>\n<td bgcolor=\"#CCCCCC\" width=\"123\" height=\"35\">\n<div align=\"center\"><strong>Motorizirana rotacija kamere<\/strong><\/div>\n<\/td>\n<td bgcolor=\"#F8F8F8\" width=\"293\">\n<div align=\"center\">Ne<\/div>\n<\/td>\n<td bgcolor=\"#F8F8F8\" width=\"306\">\n<div align=\"center\">270\u00b0horizontalno, 120\u00b0vertikalno<br \/>\nupravljanje ra\u010dunalom ili mobitelom<\/div>\n<\/td>\n<\/tr>\n<tr>\n<td bgcolor=\"#CCCCCC\" width=\"123\" height=\"20\">\n<div align=\"center\"><strong>Rotacija slike<\/strong><\/div>\n<\/td>\n<td colspan=\"2\" bgcolor=\"#F8F8F8\" width=\"599\">\n<div align=\"center\">Mirror\/Flip<\/div>\n<\/td>\n<\/tr>\n<tr>\n<td bgcolor=\"#CCCCCC\" width=\"123\" height=\"20\">\n<div align=\"center\"><strong>Osnovni protokol<\/strong><\/div>\n<\/td>\n<td colspan=\"2\" bgcolor=\"#F8F8F8\" width=\"599\">\n<div align=\"center\">TCP\/IP,HTTP,SMTP,FTP,DHCP,DDNS,UPNP,NTP<\/div>\n<\/td>\n<\/tr>\n<tr>\n<td bgcolor=\"#CCCCCC\" width=\"123\" height=\"20\">\n<div align=\"center\"><strong>Drugi protokoli<\/strong><\/div>\n<\/td>\n<td colspan=\"2\" bgcolor=\"#F8F8F8\" width=\"599\">\n<div align=\"center\">postoje dva modela nadzornih kamera: sa podr\u0161kom Wi-fi 802.11b\/g\/n i bez<\/div>\n<\/td>\n<\/tr>\n<tr>\n<td bgcolor=\"#CCCCCC\" width=\"123\" height=\"35\">\n<div align=\"center\"><strong>Mobilni video nadzor<\/strong><\/div>\n<\/td>\n<td colspan=\"2\" bgcolor=\"#F8F8F8\" width=\"599\">\n<div align=\"center\">Podr\u017ean<\/div>\n<\/td>\n<\/tr>\n<tr>\n<td bgcolor=\"#CCCCCC\" width=\"123\" height=\"20\">\n<div align=\"center\"><strong>Detektor pokreta<\/strong><\/div>\n<\/td>\n<td colspan=\"2\" bgcolor=\"#F8F8F8\" width=\"599\">\n<div align=\"center\">Podr\u017ean<\/div>\n<\/td>\n<\/tr>\n<tr>\n<td bgcolor=\"#CCCCCC\" width=\"123\" height=\"20\">\n<div align=\"center\"><strong>akcijski okida\u010di<\/strong><\/div>\n<\/td>\n<td colspan=\"2\" bgcolor=\"#F8F8F8\" width=\"599\">\n<div align=\"center\">E-mail\/FTP\/vanjski alarm\/\u0161alje poruku na alarm server<\/div>\n<\/td>\n<\/tr>\n<tr>\n<td bgcolor=\"#CCCCCC\" width=\"123\" height=\"35\">\n<div align=\"center\"><strong>Korisni\u010dke postavke<\/strong><\/div>\n<\/td>\n<td colspan=\"2\" bgcolor=\"#F8F8F8\" width=\"599\">\n<div align=\"center\">Tri zone<\/div>\n<\/td>\n<\/tr>\n<tr>\n<td bgcolor=\"#CCCCCC\" width=\"123\" height=\"35\">\n<div align=\"center\"><strong>Datum\/vrijeme postavke<\/strong><\/div>\n<\/td>\n<td colspan=\"2\" bgcolor=\"#F8F8F8\" width=\"599\">\n<div align=\"center\">Podr\u017ean<\/div>\n<\/td>\n<\/tr>\n<tr>\n<td bgcolor=\"#CCCCCC\" width=\"123\" height=\"20\">\n<div align=\"center\"><strong>Nadogradnja<\/strong><\/div>\n<\/td>\n<td colspan=\"2\" bgcolor=\"#F8F8F8\" width=\"599\">\n<div align=\"center\">Nadogradnja putem interneta<\/div>\n<\/td>\n<\/tr>\n<tr>\n<td bgcolor=\"#CCCCCC\" width=\"123\" height=\"20\">\n<div align=\"center\"><strong>DDNS<\/strong><\/div>\n<\/td>\n<td colspan=\"2\" bgcolor=\"#F8F8F8\" width=\"599\">\n<div align=\"center\">U cijenu uklju\u010den DDNS omogu\u0107en od proizvo\u0111a\u010da<\/div>\n<\/td>\n<\/tr>\n<tr>\n<td bgcolor=\"#CCCCCC\" width=\"123\" height=\"21\">\n<div align=\"center\"><strong>Ethernet<\/strong><\/div>\n<\/td>\n<td colspan=\"2\" bgcolor=\"#F8F8F8\" width=\"599\">\n<div align=\"center\">10Base-T\/100base-TX<\/div>\n<\/td>\n<\/tr>\n<tr>\n<td bgcolor=\"#CCCCCC\" width=\"123\" height=\"21\">\n<div align=\"center\"><strong>Napajanje<\/strong><\/div>\n<\/td>\n<td bgcolor=\"#F8F8F8\" width=\"293\">\n<div align=\"center\">DC 5V<\/div>\n<\/td>\n<td bgcolor=\"#F8F8F8\" width=\"306\"><\/td>\n<\/tr>\n<tr>\n<td bgcolor=\"#CCCCCC\" width=\"123\" height=\"20\">\n<div align=\"center\"><strong>Samopotro\u0161nja<\/strong><\/div>\n<\/td>\n<td colspan=\"2\" bgcolor=\"#F8F8F8\" width=\"599\">\n<div align=\"center\">&lt;6W<\/div>\n<\/td>\n<\/tr>\n<tr>\n<td bgcolor=\"#CCCCCC\" width=\"123\" height=\"21\">\n<div align=\"center\"><strong>Radna temperatura<\/strong><\/div>\n<\/td>\n<td colspan=\"2\" bgcolor=\"#F8F8F8\" width=\"599\">\n<div align=\"center\">-20\u00b0C ~\u00a0 50\u00b0C<\/div>\n<\/td>\n<\/tr>\n<tr>\n<td bgcolor=\"#CCCCCC\" width=\"123\" height=\"20\">\n<div align=\"center\"><strong>Humidity\u00a0<\/strong><\/div>\n<\/td>\n<td colspan=\"2\" bgcolor=\"#F8F8F8\" width=\"599\">\n<div align=\"center\">10% ~ 80% bez kondenzacije<\/div>\n<\/td>\n<\/tr>\n<tr>\n<td bgcolor=\"#CCCCCC\" width=\"123\" height=\"35\">\n<div align=\"center\"><strong>Podr\u017eani operativni sustav<\/strong><\/div>\n<\/td>\n<td colspan=\"2\" bgcolor=\"#F8F8F8\" width=\"599\">\n<div align=\"center\">Microsoft Windows 98\/2000\/XP\/Vista etc.<\/div>\n<\/td>\n<\/tr>\n<tr>\n<td bgcolor=\"#CCCCCC\" width=\"123\" height=\"36\">\n<div align=\"center\"><strong>Preglednik<\/strong><\/div>\n<\/td>\n<td colspan=\"2\" bgcolor=\"#F8F8F8\" width=\"599\">\n<div align=\"center\">Internet Explorer6.0 ili Compatible Browser, Safari\/Firefox etc.<\/div>\n<\/td>\n<\/tr>\n<tr>\n<td bgcolor=\"#CCCCCC\" width=\"123\" height=\"20\">\n<div align=\"center\"><strong>Aplikacijski softver<\/strong><\/div>\n<\/td>\n<td colspan=\"2\" bgcolor=\"#F8F8F8\" width=\"599\">\n<div align=\"center\">U cijenu uklju\u010dena aplikacija za video nadzor (Windows, Android, BlackBerry)<\/div>\n<\/td>\n<\/tr>\n<tr>\n<td rowspan=\"2\" bgcolor=\"#CCCCCC\" width=\"123\" height=\"40\">\n<div align=\"center\"><strong>Cijena (bez PDV-a)<\/strong><\/div>\n<\/td>\n<td bgcolor=\"#F8F8F8\">\n<div align=\"left\">549.6kn IP KAMERA Wi-fi IR-led vanjska<\/div>\n<\/td>\n<td bgcolor=\"#F8F8F8\">\n<div align=\"left\">449.6kn IP KAMERA Wi-fi IR-led unutarnja<\/div>\n<\/td>\n<\/tr>\n<tr>\n<td height=\"20\">\n<div align=\"left\">500kn IP KAMERA ETHERNET IR-led vanjska<\/div>\n<\/td>\n<td>\n<div align=\"left\">400kn IP KAMERA ETHERNET IR-led unutarnja<\/div>\n<\/td>\n<\/tr>\n<\/tbody>\n<\/table>\n<p>&nbsp;<\/p>\n<table align=\"center\">\n<tbody>\n<tr>\n<td>\n<p style=\"text-align: center;\"><strong>U cijenu uklju\u010dena WINDOWS APLIKACIJA ZA VIDEO NADZOR<br \/>\n(podr\u0161ka do 16kamera istovremeno)<\/strong><\/p>\n<p><img decoding=\"async\" loading=\"lazy\" class=\"alignnone size-full wp-image-518\" src=\"http:\/\/www.asel.hr\/wp-content\/uploads\/2015\/10\/IP-kamera-vanjska-wifi1.jpg\" alt=\"IP kamera vanjska wifi1\" width=\"567\" height=\"454\" srcset=\"https:\/\/asel.hr\/wp-content\/uploads\/2015\/10\/IP-kamera-vanjska-wifi1.jpg 567w, https:\/\/asel.hr\/wp-content\/uploads\/2015\/10\/IP-kamera-vanjska-wifi1-300x240.jpg 300w\" sizes=\"(max-width: 567px) 100vw, 567px\" \/><\/td>\n<td>\n<p style=\"text-align: center;\"><strong>ANDROID ILI BLACKBERRY APLIKACIJA ZA VIDEO NADZOR<\/strong><\/p>\n<p><img decoding=\"async\" loading=\"lazy\" class=\"alignnone size-full wp-image-519\" src=\"http:\/\/www.asel.hr\/wp-content\/uploads\/2015\/10\/Android-pregled-wh.png\" alt=\"Android pregled wh\" width=\"207\" height=\"377\" srcset=\"https:\/\/asel.hr\/wp-content\/uploads\/2015\/10\/Android-pregled-wh.png 207w, https:\/\/asel.hr\/wp-content\/uploads\/2015\/10\/Android-pregled-wh-165x300.png 165w\" sizes=\"(max-width: 207px) 100vw, 207px\" \/><\/td>\n<\/tr>\n<\/tbody>\n<\/table>\n","protected":false},"excerpt":{"rendered":"<p>IP kamera za video nadzor Wi-fi (be\u017ei\u010dna) \/ LAN-Ethernet RJ45 &nbsp; Slanje slika na e-mail ili ftp server bez ra\u010dunala ONLINE video nadzor internetom pomo\u0107u ra\u010dunala ili mobitela Besplatna aplikacija za video nadzor ( Windows, Android i BlackBerry OS ) &nbsp; Vanjska IP kamera IP KAMERA Wi-fi IR-led vanjska 549.6kn IP KAMERA ETHERNET IR-led vanjska [&hellip;]<\/p>\n","protected":false},"author":1,"featured_media":0,"parent":0,"menu_order":0,"comment_status":"closed","ping_status":"closed","template":"","meta":[],"_links":{"self":[{"href":"https:\/\/asel.hr\/index.php?rest_route=\/wp\/v2\/pages\/501"}],"collection":[{"href":"https:\/\/asel.hr\/index.php?rest_route=\/wp\/v2\/pages"}],"about":[{"href":"https:\/\/asel.hr\/index.php?rest_route=\/wp\/v2\/types\/page"}],"author":[{"embeddable":true,"href":"https:\/\/asel.hr\/index.php?rest_route=\/wp\/v2\/users\/1"}],"replies":[{"embeddable":true,"href":"https:\/\/asel.hr\/index.php?rest_route=%2Fwp%2Fv2%2Fcomments&post=501"}],"version-history":[{"count":14,"href":"https:\/\/asel.hr\/index.php?rest_route=\/wp\/v2\/pages\/501\/revisions"}],"predecessor-version":[{"id":552,"href":"https:\/\/asel.hr\/index.php?rest_route=\/wp\/v2\/pages\/501\/revisions\/552"}],"wp:attachment":[{"href":"https:\/\/asel.hr\/index.php?rest_route=%2Fwp%2Fv2%2Fmedia&parent=501"}],"curies":[{"name":"wp","href":"https:\/\/api.w.org\/{rel}","templated":true}]}}