{"id":477,"date":"2015-10-27T13:23:11","date_gmt":"2015-10-27T13:23:11","guid":{"rendered":"http:\/\/www.asel.hr\/?page_id=477"},"modified":"2015-11-09T11:44:17","modified_gmt":"2015-11-09T11:44:17","slug":"usluge-servisiranja-i-odrzavanja-uredaja-za-napajanje-el-energijom","status":"publish","type":"page","link":"https:\/\/asel.hr\/?page_id=477","title":{"rendered":"USLUGE SERVISIRANJA I ODR\u017dAVANJA URE\u0110AJA ZA NAPAJANJE EL.ENERGIJOM"},"content":{"rendered":"<h1><span style=\"color: red;\">NOVO !!!<\/span> USLUGE SERVISIRANJA I ODR\u017dAVANJA URE\u0110AJA<br \/>\nZA NAPAJANJE EL.ENERGIJOM<\/h1>\n<p>&nbsp;<br \/>\n&nbsp;<\/p>\n<table border=\"1\" align=\"center\">\n<tbody>\n<tr>\n<td><a href=\"http:\/\/www.asel.hr\/wp-content\/uploads\/2015\/10\/ups-i-baterije.jpg\"><img decoding=\"async\" loading=\"lazy\" class=\"size-medium wp-image-478 aligncenter\" src=\"http:\/\/www.asel.hr\/wp-content\/uploads\/2015\/10\/ups-i-baterije-300x225.jpg\" alt=\"ups i baterije\" width=\"300\" height=\"225\" srcset=\"https:\/\/asel.hr\/wp-content\/uploads\/2015\/10\/ups-i-baterije-300x225.jpg 300w, https:\/\/asel.hr\/wp-content\/uploads\/2015\/10\/ups-i-baterije.jpg 350w\" sizes=\"(max-width: 300px) 100vw, 300px\" \/><\/a><\/td>\n<td><strong>UPS-i<\/strong><br \/>\n&nbsp;<br \/>\n&#8211; instaliranje , servisiranje i periodi\u010dno odr\u017eavanje svih vrsta UPS-ova.<br \/>\n&#8211; specijalisti za \u201eGE\u201c, \u201eNEWAVE\u201c i \u201e META SYSTEM \u201e<br \/>\n&nbsp;<br \/>\n<strong>ISPRAVLJA\u010cKI SUSTAVI<\/strong><br \/>\n-instaliranje, servisiranje i periodi\u010dno<br \/>\nodr\u017eavanje industrijskih ispravlja\u010da za<br \/>\nnadopunjavanje akubaterija za razli\u010dite<br \/>\npogonske pomo\u0107ne napone<br \/>\n&#8211; kapacitivne kontrole akubaterija sa<br \/>\nocjenom preostalog kapaciteta i po potrebi<br \/>\nizmjene akubaterija<\/td>\n<\/tr>\n<tr>\n<td><a href=\"http:\/\/www.asel.hr\/wp-content\/uploads\/2015\/10\/diesel_agregat.jpg\"><img decoding=\"async\" loading=\"lazy\" class=\"size-full wp-image-479 aligncenter\" src=\"http:\/\/www.asel.hr\/wp-content\/uploads\/2015\/10\/diesel_agregat.jpg\" alt=\"diesel_agregat\" width=\"250\" height=\"188\" \/><\/a><\/td>\n<td><strong>DEA ( Diesel Elektri\u010dni Agregati )<\/strong><br \/>\n&nbsp;<br \/>\n-instaliranje, servisiranje i periodi\u010dno odr\u017eavanje mehanike , elektrike i mikroprocesorske automatike ( za automatski start ) Stand by DEA<\/td>\n<\/tr>\n<tr>\n<td><a href=\"http:\/\/www.asel.hr\/wp-content\/uploads\/2015\/10\/razvodni_ormar.jpg\"><img decoding=\"async\" loading=\"lazy\" class=\"size-medium wp-image-480 aligncenter\" src=\"http:\/\/www.asel.hr\/wp-content\/uploads\/2015\/10\/razvodni_ormar-225x300.jpg\" alt=\"razvodni_ormar\" width=\"225\" height=\"300\" srcset=\"https:\/\/asel.hr\/wp-content\/uploads\/2015\/10\/razvodni_ormar-225x300.jpg 225w, https:\/\/asel.hr\/wp-content\/uploads\/2015\/10\/razvodni_ormar.jpg 250w\" sizes=\"(max-width: 225px) 100vw, 225px\" \/><\/a><\/td>\n<td>RAZVODNI ORMARI :<br \/>\n-rekonstrukcija postoje\u0107ih<br \/>\n-konstrukcija novih<br \/>\n&nbsp;<br \/>\nKOMPENZATORI JALOVE ENERGIJE :<br \/>\n-mjerenje potro\u0161nje i izra\u010dun potrebne snage kompenzatora<br \/>\n&#8211; instaliranje, servisiranje i periodi\u010dko odr\u017eavanje<\/td>\n<\/tr>\n<\/tbody>\n<\/table>\n<p>&nbsp;<\/p>\n","protected":false},"excerpt":{"rendered":"<p>NOVO !!! USLUGE SERVISIRANJA I ODR\u017dAVANJA URE\u0110AJA ZA NAPAJANJE EL.ENERGIJOM &nbsp; &nbsp; UPS-i &nbsp; &#8211; instaliranje , servisiranje i periodi\u010dno odr\u017eavanje svih vrsta UPS-ova. &#8211; specijalisti za \u201eGE\u201c, \u201eNEWAVE\u201c i \u201e META SYSTEM \u201e &nbsp; ISPRAVLJA\u010cKI SUSTAVI -instaliranje, servisiranje i periodi\u010dno odr\u017eavanje industrijskih ispravlja\u010da za nadopunjavanje akubaterija za razli\u010dite pogonske pomo\u0107ne napone &#8211; kapacitivne kontrole [&hellip;]<\/p>\n","protected":false},"author":1,"featured_media":0,"parent":0,"menu_order":0,"comment_status":"closed","ping_status":"closed","template":"","meta":[],"_links":{"self":[{"href":"https:\/\/asel.hr\/index.php?rest_route=\/wp\/v2\/pages\/477"}],"collection":[{"href":"https:\/\/asel.hr\/index.php?rest_route=\/wp\/v2\/pages"}],"about":[{"href":"https:\/\/asel.hr\/index.php?rest_route=\/wp\/v2\/types\/page"}],"author":[{"embeddable":true,"href":"https:\/\/asel.hr\/index.php?rest_route=\/wp\/v2\/users\/1"}],"replies":[{"embeddable":true,"href":"https:\/\/asel.hr\/index.php?rest_route=%2Fwp%2Fv2%2Fcomments&post=477"}],"version-history":[{"count":4,"href":"https:\/\/asel.hr\/index.php?rest_route=\/wp\/v2\/pages\/477\/revisions"}],"predecessor-version":[{"id":718,"href":"https:\/\/asel.hr\/index.php?rest_route=\/wp\/v2\/pages\/477\/revisions\/718"}],"wp:attachment":[{"href":"https:\/\/asel.hr\/index.php?rest_route=%2Fwp%2Fv2%2Fmedia&parent=477"}],"curies":[{"name":"wp","href":"https:\/\/api.w.org\/{rel}","templated":true}]}}