{"id":463,"date":"2015-10-27T13:09:58","date_gmt":"2015-10-27T13:09:58","guid":{"rendered":"http:\/\/www.asel.hr\/?page_id=463"},"modified":"2015-11-09T11:42:33","modified_gmt":"2015-11-09T11:42:33","slug":"stroj-za-ravnanje-zice","status":"publish","type":"page","link":"https:\/\/asel.hr\/?page_id=463","title":{"rendered":"STROJ ZA RAVNANJE \u017dICE"},"content":{"rendered":"<h1>STROJ ZA RAVNANJE \u017dICE<\/h1>\n<p>&nbsp;<br \/>\n&nbsp;<br \/>\nSM-10 &#8211; ravnanje i sije\u010denje po duljini tvrdih i mekanih metalnih \u017eica<br \/>\n&nbsp;<br \/>\nPromjer \u017eice 2,0 &#8211; 10,0mm<br \/>\nSnaga 11kW<br \/>\nBrzina 40-100m\/min<br \/>\n&nbsp;<\/p>\n<table align=\"center\">\n<tbody>\n<tr>\n<td align=\"center\"><img decoding=\"async\" loading=\"lazy\" class=\"alignnone size-full wp-image-464\" src=\"http:\/\/www.asel.hr\/wp-content\/uploads\/2015\/10\/ravnalica.jpg\" alt=\"ravnalica\" width=\"250\" height=\"134\" \/><\/td>\n<td align=\"center\"><img decoding=\"async\" loading=\"lazy\" class=\"alignnone size-full wp-image-465\" src=\"http:\/\/www.asel.hr\/wp-content\/uploads\/2015\/10\/ravnalica1.jpg\" alt=\"ravnalica1\" width=\"271\" height=\"126\" \/><\/td>\n<\/tr>\n<\/tbody>\n<\/table>\n<p>&nbsp;<br \/>\nRavnanje se izvodi pomo\u0107u rotiraju\u0107ih valjaka. \u017dica za vrijeme rezanja i trenja kod kotrljanja izme\u0111u \u017eice i rotiraju\u0107ih valjaka ne uzrokuje pregrijavanje.<br \/>\nBrzina se mo\u017ee regulirati na potenciometru koja se nalazi na kontrolnoj plo\u010di.<br \/>\nOdr\u017eavanje i pode\u0161avanje je jako jednostavno i brzo.<br \/>\n&nbsp;<\/p>\n","protected":false},"excerpt":{"rendered":"<p>STROJ ZA RAVNANJE \u017dICE &nbsp; &nbsp; SM-10 &#8211; ravnanje i sije\u010denje po duljini tvrdih i mekanih metalnih \u017eica &nbsp; Promjer \u017eice 2,0 &#8211; 10,0mm Snaga 11kW Brzina 40-100m\/min &nbsp; &nbsp; Ravnanje se izvodi pomo\u0107u rotiraju\u0107ih valjaka. \u017dica za vrijeme rezanja i trenja kod kotrljanja izme\u0111u \u017eice i rotiraju\u0107ih valjaka ne uzrokuje pregrijavanje. Brzina se mo\u017ee [&hellip;]<\/p>\n","protected":false},"author":1,"featured_media":0,"parent":0,"menu_order":0,"comment_status":"closed","ping_status":"closed","template":"","meta":[],"_links":{"self":[{"href":"https:\/\/asel.hr\/index.php?rest_route=\/wp\/v2\/pages\/463"}],"collection":[{"href":"https:\/\/asel.hr\/index.php?rest_route=\/wp\/v2\/pages"}],"about":[{"href":"https:\/\/asel.hr\/index.php?rest_route=\/wp\/v2\/types\/page"}],"author":[{"embeddable":true,"href":"https:\/\/asel.hr\/index.php?rest_route=\/wp\/v2\/users\/1"}],"replies":[{"embeddable":true,"href":"https:\/\/asel.hr\/index.php?rest_route=%2Fwp%2Fv2%2Fcomments&post=463"}],"version-history":[{"count":4,"href":"https:\/\/asel.hr\/index.php?rest_route=\/wp\/v2\/pages\/463\/revisions"}],"predecessor-version":[{"id":717,"href":"https:\/\/asel.hr\/index.php?rest_route=\/wp\/v2\/pages\/463\/revisions\/717"}],"wp:attachment":[{"href":"https:\/\/asel.hr\/index.php?rest_route=%2Fwp%2Fv2%2Fmedia&parent=463"}],"curies":[{"name":"wp","href":"https:\/\/api.w.org\/{rel}","templated":true}]}}