{"id":460,"date":"2015-10-27T13:05:42","date_gmt":"2015-10-27T13:05:42","guid":{"rendered":"http:\/\/www.asel.hr\/?page_id=460"},"modified":"2015-10-27T13:05:49","modified_gmt":"2015-10-27T13:05:49","slug":"stroj-za-pletenje-zicane-mreze","status":"publish","type":"page","link":"https:\/\/asel.hr\/?page_id=460","title":{"rendered":"STROJ ZA PLETENJE \u017dI\u010cANE MRE\u017dE"},"content":{"rendered":"<h1>STROJ ZA PLETENJE \u017dI\u010cANE MRE\u017dE VP-42<\/h1>\n<p>&nbsp;<br \/>\n&nbsp;<br \/>\nMaksimalni promjer \u017eice je 4,2mm (na posebni zahtjev do 6 mm \u017eice)<br \/>\n&nbsp;<br \/>\nDimenzije oka mogu biti (u mm):<br \/>\n30x (30, 40, 50, 60)<br \/>\n40x (30, 40, 50, 60)<br \/>\n50x (30, 40, 50, 60)<br \/>\n60x (30, 40, 50, 60)<br \/>\n&nbsp;<br \/>\nProduktivnost: do 200 m2 u 8 sati<br \/>\n&nbsp;<br \/>\n[gmedia id=22]<\/p>\n","protected":false},"excerpt":{"rendered":"<p>STROJ ZA PLETENJE \u017dI\u010cANE MRE\u017dE VP-42 &nbsp; &nbsp; Maksimalni promjer \u017eice je 4,2mm (na posebni zahtjev do 6 mm \u017eice) &nbsp; Dimenzije oka mogu biti (u mm): 30x (30, 40, 50, 60) 40x (30, 40, 50, 60) 50x (30, 40, 50, 60) 60x (30, 40, 50, 60) &nbsp; Produktivnost: do 200 m2 u 8 sati [&hellip;]<\/p>\n","protected":false},"author":1,"featured_media":0,"parent":0,"menu_order":0,"comment_status":"closed","ping_status":"closed","template":"","meta":[],"_links":{"self":[{"href":"https:\/\/asel.hr\/index.php?rest_route=\/wp\/v2\/pages\/460"}],"collection":[{"href":"https:\/\/asel.hr\/index.php?rest_route=\/wp\/v2\/pages"}],"about":[{"href":"https:\/\/asel.hr\/index.php?rest_route=\/wp\/v2\/types\/page"}],"author":[{"embeddable":true,"href":"https:\/\/asel.hr\/index.php?rest_route=\/wp\/v2\/users\/1"}],"replies":[{"embeddable":true,"href":"https:\/\/asel.hr\/index.php?rest_route=%2Fwp%2Fv2%2Fcomments&post=460"}],"version-history":[{"count":1,"href":"https:\/\/asel.hr\/index.php?rest_route=\/wp\/v2\/pages\/460\/revisions"}],"predecessor-version":[{"id":462,"href":"https:\/\/asel.hr\/index.php?rest_route=\/wp\/v2\/pages\/460\/revisions\/462"}],"wp:attachment":[{"href":"https:\/\/asel.hr\/index.php?rest_route=%2Fwp%2Fv2%2Fmedia&parent=460"}],"curies":[{"name":"wp","href":"https:\/\/api.w.org\/{rel}","templated":true}]}}