{"id":392,"date":"2015-10-27T07:02:39","date_gmt":"2015-10-27T07:02:39","guid":{"rendered":"http:\/\/www.asel.hr\/?page_id=392"},"modified":"2020-11-02T10:57:30","modified_gmt":"2020-11-02T10:57:30","slug":"laboratorijska-i-mjerna-oprema","status":"publish","type":"page","link":"https:\/\/asel.hr\/?page_id=392","title":{"rendered":"LABORATORIJSKA I MJERNA OPREMA"},"content":{"rendered":"<h1>LABORATORIJSKA I MJERNA OPREMA<\/h1>\n<p><center><br \/>\n<img decoding=\"async\" loading=\"lazy\" class=\"alignnone size-full wp-image-945\" src=\"http:\/\/www.asel.hr\/wp-content\/uploads\/2015\/10\/mikroskopi1.jpg\" alt=\"mikroskopi\" width=\"520\" height=\"271\" srcset=\"https:\/\/asel.hr\/wp-content\/uploads\/2015\/10\/mikroskopi1.jpg 520w, https:\/\/asel.hr\/wp-content\/uploads\/2015\/10\/mikroskopi1-300x156.jpg 300w\" sizes=\"(max-width: 520px) 100vw, 520px\" \/><\/center><\/p>\n<p style=\"text-align: center;\">Laboratorijska i mjerna oprema visoke to\u010dnosti, pouzdanosti i trajnosti,<br \/>\nPrimjena u radionicama i institutima za mjerenje i ispitivanje.<br \/>\n(Preuzimanje kataloga mo\u017ee potrajati do nekoliko minuta)<\/p>\n<table border=\"1\" width=\"709\" align=\"center\">\n<tbody>\n<tr>\n<td align=\"center\" valign=\"middle\" bgcolor=\"#AA0000\" width=\"348\" height=\"31\">\n<p align=\"center\"><span style=\"color: #000000;\"><strong>MJERNA OPREMA<\/strong><\/span><\/p>\n<div align=\"center\"><\/div>\n<\/td>\n<td rowspan=\"2\" width=\"204\">\n<div align=\"center\"><a href=\"http:\/\/asel.hr\/pdf\/projector&amp;microscopes.pdf\"><img decoding=\"async\" loading=\"lazy\" class=\"alignnone wp-image-404 size-full\" src=\"http:\/\/www.asel.hr\/wp-content\/uploads\/2015\/10\/kat.jpg\" alt=\"kat\" width=\"247\" height=\"102\" \/><\/a><\/div>\n<\/td>\n<\/tr>\n<tr>\n<td height=\"70\"><strong>&#8211; Biolo\u0161ki mikroskopi<br \/>\n&#8211; Metalografski mikroskopi<br \/>\n&#8211; Inverzni mikroskopi<br \/>\n&#8211; Lupe<br \/>\n&#8211; Projektor<\/strong><\/td>\n<\/tr>\n<tr>\n<td bgcolor=\"#AA0000\" height=\"31\">\n<p align=\"center\"><span style=\"color: #000000;\"><strong>URE\u0110AJI ZA MJERENJE TVRDO\u0106E MATERIJALA<\/strong><\/span><\/p>\n<\/td>\n<td rowspan=\"2\" width=\"204\">\n<div align=\"center\"><a href=\"http:\/\/asel.hr\/pdf\/hardness_tester.pdf\"><img decoding=\"async\" loading=\"lazy\" class=\"alignnone wp-image-404 size-full\" src=\"http:\/\/www.asel.hr\/wp-content\/uploads\/2015\/10\/kat.jpg\" alt=\"kat\" width=\"247\" height=\"102\" \/><\/a><\/div>\n<\/td>\n<\/tr>\n<tr>\n<td height=\"49\"><strong>Micro, Vicker, Rockwell, Brinell, Shore<\/strong><\/td>\n<\/tr>\n<tr>\n<td bgcolor=\"#AA0000\" height=\"31\">\n<p align=\"center\"><span style=\"color: #000000;\"><strong>PRIJENOSNI URE\u0110AJI ZA MJERENJE<\/strong><\/span><\/p>\n<\/td>\n<td rowspan=\"2\" width=\"204\">\n<div align=\"center\"><a href=\"http:\/\/asel.hr\/pdf\/Portable_Hardness_Tester.pdf\"><img decoding=\"async\" loading=\"lazy\" class=\"alignnone wp-image-404 size-full\" src=\"http:\/\/www.asel.hr\/wp-content\/uploads\/2015\/10\/kat.jpg\" alt=\"kat\" width=\"247\" height=\"102\" \/><\/a><\/div>\n<\/td>\n<\/tr>\n<tr>\n<td height=\"56\"><strong>&#8211; Tvrdo\u0107e materijala<br \/>\n&#8211; Debljine nanosa materijala<br \/>\n&#8211; Mjera\u010di hrapavosti povr\u0161ine<\/strong><\/td>\n<\/tr>\n<tr>\n<td bgcolor=\"#AA0000\" height=\"31\">\n<p align=\"center\"><span style=\"color: #000000;\"><strong>STROJEVI ZA METALUR\u0160KU PRIPREMU UZORAKA<\/strong><\/span><\/p>\n<div align=\"center\"><\/div>\n<\/td>\n<td rowspan=\"2\" bgcolor=\"#FFFFFF\" width=\"204\">\n<div align=\"center\"><a href=\"http:\/\/asel.hr\/pdf\/Metallurgical_Specimen_Preparation_Machine.pdf\"><img decoding=\"async\" loading=\"lazy\" class=\"alignnone wp-image-404 size-full\" src=\"http:\/\/www.asel.hr\/wp-content\/uploads\/2015\/10\/kat.jpg\" alt=\"kat\" width=\"247\" height=\"102\" \/><\/a><\/div>\n<\/td>\n<\/tr>\n<tr>\n<td height=\"71\"><strong>-Grinder<\/strong><br \/>\n<strong> -Polisher<\/strong><br \/>\n<strong> -Cutter<\/strong><br \/>\n<strong> -Mounting presser<\/strong><\/td>\n<\/tr>\n<\/tbody>\n<\/table>\n<p><a href=\"http:\/\/www.asel.hr\/wp-content\/uploads\/2015\/10\/separator-ads.jpg\"><img decoding=\"async\" loading=\"lazy\" class=\"aligncenter wp-image-450 size-full\" src=\"http:\/\/www.asel.hr\/wp-content\/uploads\/2015\/10\/separator-ads.jpg\" alt=\"separator-ads\" width=\"777\" height=\"10\" srcset=\"https:\/\/asel.hr\/wp-content\/uploads\/2015\/10\/separator-ads.jpg 777w, https:\/\/asel.hr\/wp-content\/uploads\/2015\/10\/separator-ads-300x4.jpg 300w\" sizes=\"(max-width: 777px) 100vw, 777px\" \/><\/a><\/p>\n<p><center><b>RU\u010cNI MJERA\u010c TVRDO\u0106E SHR150M<\/b><\/center><\/p>\n<table>\n<tbody>\n<tr>\n<td><img decoding=\"async\" loading=\"lazy\" class=\"alignnone size-full wp-image-397\" src=\"http:\/\/www.asel.hr\/wp-content\/uploads\/2015\/10\/tester_manual.jpg\" alt=\"tester_manual\" width=\"106\" height=\"256\" \/><\/td>\n<td style=\"text-align: center;\">SHR150M radi na principu mehani\u010dkog pritiskanja predmeta, bez potrebe za elektri\u010dnom energijom.<br \/>\nSila optere\u0107enja 60, 100, 150Kg odabire sa preko regulatora sile.Testna sila se preko ru\u010dice manualno optere\u0107uje a izmjereni rezultat HRA, HRB, HRC prikazuje se na analognom mjera\u010du.<\/td>\n<\/tr>\n<\/tbody>\n<\/table>\n<table border=\"1\" align=\"center\">\n<tbody>\n<tr>\n<td align=\"center\"><img decoding=\"async\" loading=\"lazy\" class=\"wp-image-416 aligncenter\" src=\"http:\/\/www.asel.hr\/wp-content\/uploads\/2015\/10\/srednji-nakovanj.jpg\" alt=\"srednji nakovanj\" width=\"78\" height=\"62\" \/><\/td>\n<td align=\"center\"><img decoding=\"async\" loading=\"lazy\" class=\"size-full wp-image-415 aligncenter\" src=\"http:\/\/www.asel.hr\/wp-content\/uploads\/2015\/10\/v-nakovanj.jpg\" alt=\"v nakovanj\" width=\"43\" height=\"54\" \/><\/td>\n<td align=\"center\"><img decoding=\"async\" loading=\"lazy\" class=\"wp-image-414 aligncenter\" src=\"http:\/\/www.asel.hr\/wp-content\/uploads\/2015\/10\/veliki-testirajuci-nakovanj.jpg\" alt=\"veliki testirajuci nakovanj\" width=\"81\" height=\"51\" \/><\/td>\n<\/tr>\n<tr>\n<td>Testni nakovanj V-oblika<\/td>\n<td>Srednji testni nakovanj<\/td>\n<td>Veliki testni nakovanj<\/td>\n<\/tr>\n<\/tbody>\n<\/table>\n<p><a href=\"http:\/\/www.asel.hr\/wp-content\/uploads\/2015\/10\/separator-ads.jpg\"><img decoding=\"async\" loading=\"lazy\" class=\"aligncenter wp-image-450 size-full\" src=\"http:\/\/www.asel.hr\/wp-content\/uploads\/2015\/10\/separator-ads.jpg\" alt=\"separator-ads\" width=\"777\" height=\"10\" srcset=\"https:\/\/asel.hr\/wp-content\/uploads\/2015\/10\/separator-ads.jpg 777w, https:\/\/asel.hr\/wp-content\/uploads\/2015\/10\/separator-ads-300x4.jpg 300w\" sizes=\"(max-width: 777px) 100vw, 777px\" \/><\/a><\/p>\n<p><center><b>ELEKTRI\u010cNI MJERA\u010c TVRDO\u0106E SHR150E<\/b><\/center><\/p>\n<table>\n<tbody>\n<tr>\n<td><img decoding=\"async\" loading=\"lazy\" class=\"alignnone size-full wp-image-425\" src=\"http:\/\/www.asel.hr\/wp-content\/uploads\/2015\/10\/electronic-tester.jpg\" alt=\"electronic tester\" width=\"101\" height=\"224\" \/><\/td>\n<td style=\"text-align: center;\">SHR150E radi na principu elektri\u010dnog pritiskanja predmeta.<br \/>\nSila optere\u0107enja 60, 100, 150Kg odabire sa preko regulatora sile.<\/p>\n<p style=\"text-align: center;\">Testna sila se optere\u0107uje preko tipke na upravlja\u010dkoj plo\u010di a izmjereni rezultat: HRA, HRB, HRC prikazuje se na analognom mjera\u010du.<\/p>\n<\/td>\n<\/tr>\n<\/tbody>\n<\/table>\n<table border=\"1\" align=\"center\">\n<tbody>\n<tr>\n<td align=\"center\"><img decoding=\"async\" loading=\"lazy\" class=\"wp-image-416 aligncenter\" src=\"http:\/\/www.asel.hr\/wp-content\/uploads\/2015\/10\/srednji-nakovanj.jpg\" alt=\"srednji nakovanj\" width=\"78\" height=\"62\" \/><\/td>\n<td align=\"center\"><img decoding=\"async\" loading=\"lazy\" class=\"size-full wp-image-415 aligncenter\" src=\"http:\/\/www.asel.hr\/wp-content\/uploads\/2015\/10\/v-nakovanj.jpg\" alt=\"v nakovanj\" width=\"43\" height=\"54\" \/><\/td>\n<td align=\"center\"><img decoding=\"async\" loading=\"lazy\" class=\"wp-image-414 aligncenter\" src=\"http:\/\/www.asel.hr\/wp-content\/uploads\/2015\/10\/veliki-testirajuci-nakovanj.jpg\" alt=\"veliki testirajuci nakovanj\" width=\"81\" height=\"51\" \/><\/td>\n<\/tr>\n<tr>\n<td>Testni nakovanj V-oblika<\/td>\n<td>Srednji testni nakovanj<\/td>\n<td>Veliki testni nakovanj<\/td>\n<\/tr>\n<\/tbody>\n<\/table>\n<p><a href=\"http:\/\/www.asel.hr\/wp-content\/uploads\/2015\/10\/separator-ads.jpg\"><img decoding=\"async\" loading=\"lazy\" class=\"aligncenter wp-image-450 size-full\" src=\"http:\/\/www.asel.hr\/wp-content\/uploads\/2015\/10\/separator-ads.jpg\" alt=\"separator-ads\" width=\"777\" height=\"10\" srcset=\"https:\/\/asel.hr\/wp-content\/uploads\/2015\/10\/separator-ads.jpg 777w, https:\/\/asel.hr\/wp-content\/uploads\/2015\/10\/separator-ads-300x4.jpg 300w\" sizes=\"(max-width: 777px) 100vw, 777px\" \/><\/a><\/p>\n<p><center><b>DIGITALNI MJERA\u010c TVRDO\u0106E SHR150C<\/b><\/center><\/p>\n<table>\n<tbody>\n<tr>\n<td><img decoding=\"async\" loading=\"lazy\" class=\"alignnone size-medium wp-image-430\" src=\"http:\/\/www.asel.hr\/wp-content\/uploads\/2015\/10\/tester-digital-137x300.jpg\" alt=\"tester digital\" width=\"137\" height=\"300\" srcset=\"https:\/\/asel.hr\/wp-content\/uploads\/2015\/10\/tester-digital-137x300.jpg 137w, https:\/\/asel.hr\/wp-content\/uploads\/2015\/10\/tester-digital.jpg 143w\" sizes=\"(max-width: 137px) 100vw, 137px\" \/><\/td>\n<td>\n<p style=\"text-align: center;\">SHR150C radi na principu elektri\u010dnog pritiskanja predmeta.<br \/>\nSve operacije vr\u0161i potpuno automatski osim podizanja nakovnja i odabira testne sile.<\/p>\n<p style=\"text-align: center;\">Testna sila za vrijeme optere\u010denja i rastere\u010denja i izmjereni rezultati prikazani su na LCD displeju \u010dime isklju\u010duje ljudsku pogre\u0161ku te pobolj\u0161ava to\u010dnost mjerenja.<br \/>\nUgra\u0111eni procesor i mini-pisa\u010d mo\u017ee pohraniti i ispisati glavne mjerne podatke i smanjiti ljudske radne obveze.<br \/>\nSila optere\u0107enja 60, 100, 150Kg odabire sa preko regulatora sile.<\/p>\n<p style=\"text-align: center;\">Testna sila se optere\u0107uje preko upravlja\u010dke tipke a izmjereni rezultat: HRA, HRB, HRC prikazuje se na LCD displeju.<\/p>\n<\/td>\n<\/tr>\n<\/tbody>\n<\/table>\n<table border=\"1\" align=\"center\">\n<tbody>\n<tr>\n<td align=\"center\"><img decoding=\"async\" loading=\"lazy\" class=\"size-full wp-image-432 aligncenter\" src=\"http:\/\/www.asel.hr\/wp-content\/uploads\/2015\/10\/mini-printer.jpg\" alt=\"mini printer\" width=\"64\" height=\"92\" \/><\/td>\n<td align=\"center\"><img decoding=\"async\" loading=\"lazy\" class=\"size-full wp-image-433 aligncenter\" src=\"http:\/\/www.asel.hr\/wp-content\/uploads\/2015\/10\/nakovanj.jpg\" alt=\"nakovanj\" width=\"147\" height=\"116\" \/><\/td>\n<td align=\"center\"><img decoding=\"async\" loading=\"lazy\" class=\"size-full wp-image-434 aligncenter\" src=\"http:\/\/www.asel.hr\/wp-content\/uploads\/2015\/10\/tvrdoca-blokova.jpg\" alt=\"tvrdoca blokova\" width=\"144\" height=\"73\" \/><\/td>\n<td align=\"center\"><img decoding=\"async\" loading=\"lazy\" class=\"size-full wp-image-431 aligncenter\" src=\"http:\/\/www.asel.hr\/wp-content\/uploads\/2015\/10\/dijamantni-utiskivac.jpg\" alt=\"dijamantni utiskivac\" width=\"62\" height=\"76\" \/><\/td>\n<\/tr>\n<tr>\n<td>Ugra\u0111eni mini pisa\u010d<\/td>\n<td style=\"text-align: center;\">Nakovnji<\/td>\n<td>Blokovi za mjerenje tvrdo\u0107e materijala<\/td>\n<td>Dijamantni utiskiva\u010d<\/td>\n<\/tr>\n<\/tbody>\n<\/table>\n<p><a href=\"http:\/\/www.asel.hr\/wp-content\/uploads\/2015\/10\/separator-ads.jpg\"><img decoding=\"async\" loading=\"lazy\" class=\"aligncenter wp-image-450 size-full\" src=\"http:\/\/www.asel.hr\/wp-content\/uploads\/2015\/10\/separator-ads.jpg\" alt=\"separator-ads\" width=\"777\" height=\"10\" srcset=\"https:\/\/asel.hr\/wp-content\/uploads\/2015\/10\/separator-ads.jpg 777w, https:\/\/asel.hr\/wp-content\/uploads\/2015\/10\/separator-ads-300x4.jpg 300w\" sizes=\"(max-width: 777px) 100vw, 777px\" \/><\/a><\/p>\n<p><center><b>OSTALI TIPOVI MJERA\u010cA TVRDO\u0106E MATERIJALA<\/b><\/center><\/p>\n<p style=\"text-align: center;\">Ukoliko Vam je potreban specifi\u010dni ure\u0111aj za mjerenje tvrdo\u0107e materijala<br \/>\nkontaktirajte nas za dodatne informacije<\/p>\n<table border=\"1\" align=\"center\">\n<tbody>\n<tr>\n<td align=\"center\"><img decoding=\"async\" loading=\"lazy\" class=\"size-full wp-image-440 aligncenter\" src=\"http:\/\/www.asel.hr\/wp-content\/uploads\/2015\/10\/prijenosni-mjerac.jpg\" alt=\"prijenosni mjerac\" width=\"87\" height=\"141\" \/><\/td>\n<td align=\"center\"><img decoding=\"async\" loading=\"lazy\" class=\"size-full wp-image-441 aligncenter\" src=\"http:\/\/www.asel.hr\/wp-content\/uploads\/2015\/10\/prijenosni-digitalni-tester.jpg\" alt=\"prijenosni digitalni tester\" width=\"87\" height=\"116\" \/><\/td>\n<td align=\"center\"><img decoding=\"async\" loading=\"lazy\" class=\"size-full wp-image-442 aligncenter\" src=\"http:\/\/www.asel.hr\/wp-content\/uploads\/2015\/10\/automatski-mikro-mjerac.jpg\" alt=\"automatski mikro mjerac\" width=\"285\" height=\"194\" \/><\/td>\n<\/tr>\n<tr>\n<td>Prijenosni mjera\u010d tvrdo\u0107e<\/td>\n<td>Prijenosni digitalni mjera\u010d tvrdo\u0107e<\/td>\n<td style=\"text-align: center;\">Automatska platforma mjera\u010da tvrdo\u0107e<\/td>\n<\/tr>\n<\/tbody>\n<\/table>\n<style type=\"text\/css\">\n<!--\n.style1 {color: #FFFFFF}\n--><br \/>\n<\/style>\n<table border=\"0\" width=\"670\" cellspacing=\"0\" cellpadding=\"0\" align=\"center\">\n<tbody>\n<tr bgcolor=\"#0000FF\">\n<td valign=\"top\" bgcolor=\"#000066\" width=\"171\"><\/td>\n<td valign=\"top\" bgcolor=\"#000066\" width=\"159\">\n<p class=\"style1\" align=\"center\">SHR150M<\/p>\n<\/td>\n<td valign=\"top\" bgcolor=\"#000066\" width=\"171\">\n<p class=\"style1\" align=\"center\">SHR150E<\/p>\n<\/td>\n<td valign=\"top\" bgcolor=\"#000066\" width=\"169\">\n<p class=\"style1\" align=\"center\">SHR150C<\/p>\n<\/td>\n<\/tr>\n<tr bgcolor=\"#FFCC00\">\n<td valign=\"middle\" width=\"171\" height=\"20\">Vrsta testera<\/td>\n<td valign=\"middle\" width=\"159\" height=\"20\">\n<p align=\"center\">mehani\u010dki<\/p>\n<\/td>\n<td valign=\"middle\" width=\"171\" height=\"20\">\n<p align=\"center\">elektri\u010dni<\/p>\n<\/td>\n<td valign=\"middle\" width=\"169\" height=\"20\">\n<p align=\"center\">digitalni<\/p>\n<\/td>\n<\/tr>\n<tr bgcolor=\"#FFFFCC\">\n<td valign=\"middle\" width=\"171\" height=\"20\">Rockwell jedinice za tvrdo\u0107u<\/td>\n<td valign=\"middle\" width=\"159\" height=\"20\">\n<div align=\"center\">HRA,HRB,HRC<\/div>\n<\/td>\n<td valign=\"middle\" width=\"171\" height=\"20\">\n<p align=\"center\">HRA,HRB,HRC<\/p>\n<\/td>\n<td valign=\"middle\" width=\"169\" height=\"20\">\n<p align=\"center\">auto konverzija HRC, HRB, HRA, HV, HK, HBW, itd.<\/p>\n<\/td>\n<\/tr>\n<tr bgcolor=\"#FFCC00\">\n<td valign=\"middle\" width=\"171\" height=\"29\">Preliminarna test snaga<\/td>\n<td valign=\"middle\" width=\"159\" height=\"29\">\n<p align=\"center\">10Kgf(98.07N)<\/p>\n<\/td>\n<td valign=\"middle\" width=\"171\" height=\"29\">\n<p align=\"center\">10Kgf(98.07N)<\/p>\n<\/td>\n<td valign=\"middle\" width=\"169\" height=\"29\">\n<div align=\"center\">10Kgf(98.07N)<\/div>\n<\/td>\n<\/tr>\n<tr bgcolor=\"#FFFFCC\">\n<td valign=\"middle\" width=\"171\" height=\"20\">Sve testne sile<\/td>\n<td colspan=\"3\" valign=\"middle\" height=\"20\">\n<div align=\"center\">60Kgf (588N), 100Kgf (980N), 150Kgf (1471N)<\/div>\n<\/td>\n<\/tr>\n<tr bgcolor=\"#FFCC00\">\n<td valign=\"middle\" width=\"171\" height=\"20\">Indikacija tvrdo\u0107e<\/td>\n<td valign=\"middle\" width=\"159\" height=\"20\">\n<p align=\"center\">analogni<\/p>\n<\/td>\n<td valign=\"middle\" width=\"171\" height=\"20\">\n<p align=\"center\">analogni<\/p>\n<\/td>\n<td valign=\"middle\" width=\"169\" height=\"20\">\n<p align=\"center\">digitalni LCD displej<\/p>\n<\/td>\n<\/tr>\n<tr bgcolor=\"#FFFFCC\">\n<td valign=\"middle\" width=\"171\" height=\"20\">Rezolucija tvrdo\u0107e<\/td>\n<td valign=\"middle\" width=\"159\" height=\"20\">\n<p align=\"center\">0,5HR<\/p>\n<\/td>\n<td valign=\"middle\" width=\"171\" height=\"20\">\n<p align=\"center\">0,5HR<\/p>\n<\/td>\n<td valign=\"middle\" width=\"169\" height=\"20\">\n<p align=\"center\">0,1HR<\/p>\n<\/td>\n<\/tr>\n<tr bgcolor=\"#FFCC00\">\n<td valign=\"middle\" width=\"171\" height=\"20\">Maksimalna visina<\/td>\n<td valign=\"middle\" width=\"159\" height=\"20\">\n<p align=\"center\">170mm<\/p>\n<\/td>\n<td valign=\"middle\" width=\"171\" height=\"20\">\n<p align=\"center\">170mm<\/p>\n<\/td>\n<td valign=\"middle\" width=\"169\" height=\"20\">\n<p align=\"center\">170mm<\/p>\n<\/td>\n<\/tr>\n<tr bgcolor=\"#FFFFCC\">\n<td valign=\"middle\" width=\"171\" height=\"20\">Dimenzije (D * \u0160 * V)<\/td>\n<td valign=\"middle\" width=\"159\" height=\"20\">\n<p align=\"center\">520*240*700mm<\/p>\n<\/td>\n<td valign=\"middle\" width=\"171\" height=\"20\">\n<p align=\"center\">520*240*700mm<\/p>\n<\/td>\n<td valign=\"middle\" width=\"169\" height=\"20\">\n<p align=\"center\">520*240*700mm<\/p>\n<\/td>\n<\/tr>\n<tr bgcolor=\"#FFCC00\">\n<td valign=\"middle\" width=\"171\" height=\"20\">Bruto \/ Neto te\u017eina<\/td>\n<td valign=\"middle\" width=\"159\" height=\"20\">\n<p align=\"center\">120\/90Kg<\/p>\n<\/td>\n<td valign=\"middle\" width=\"171\" height=\"20\">\n<p align=\"center\">120\/90Kg<\/p>\n<\/td>\n<td valign=\"middle\" width=\"169\" height=\"20\">\n<div align=\"center\">120\/90Kg<\/div>\n<\/td>\n<\/tr>\n<tr bgcolor=\"#FFFFCC\">\n<td valign=\"middle\" width=\"171\" height=\"20\">To\u010dnost<\/td>\n<td colspan=\"3\" valign=\"middle\" height=\"20\">\n<div align=\"center\">u skladu s GB\/T230.2; ASTM E-18, ISO6508 standardom<\/div>\n<\/td>\n<\/tr>\n<tr bgcolor=\"#FFCC00\">\n<td valign=\"middle\" width=\"171\" height=\"28\">Izvor napajanja<\/td>\n<td valign=\"middle\" width=\"159\" height=\"28\">\n<p align=\"center\">bez el.energije<\/p>\n<\/td>\n<td valign=\"middle\" width=\"171\" height=\"28\">\n<p align=\"center\">AC220V \/50Hz;110V\/60Hz<\/p>\n<\/td>\n<td valign=\"middle\" width=\"169\" height=\"28\">\n<p align=\"center\">AC220V \/50Hz;110V\/60Hz<\/p>\n<\/td>\n<\/tr>\n<\/tbody>\n<\/table>\n","protected":false},"excerpt":{"rendered":"<p>LABORATORIJSKA I MJERNA OPREMA Laboratorijska i mjerna oprema visoke to\u010dnosti, pouzdanosti i trajnosti, Primjena u radionicama i institutima za mjerenje i ispitivanje. (Preuzimanje kataloga mo\u017ee potrajati do nekoliko minuta) MJERNA OPREMA &#8211; Biolo\u0161ki mikroskopi &#8211; Metalografski mikroskopi &#8211; Inverzni mikroskopi &#8211; Lupe &#8211; Projektor URE\u0110AJI ZA MJERENJE TVRDO\u0106E MATERIJALA Micro, Vicker, Rockwell, Brinell, Shore PRIJENOSNI [&hellip;]<\/p>\n","protected":false},"author":1,"featured_media":0,"parent":0,"menu_order":0,"comment_status":"closed","ping_status":"closed","template":"","meta":[],"_links":{"self":[{"href":"https:\/\/asel.hr\/index.php?rest_route=\/wp\/v2\/pages\/392"}],"collection":[{"href":"https:\/\/asel.hr\/index.php?rest_route=\/wp\/v2\/pages"}],"about":[{"href":"https:\/\/asel.hr\/index.php?rest_route=\/wp\/v2\/types\/page"}],"author":[{"embeddable":true,"href":"https:\/\/asel.hr\/index.php?rest_route=\/wp\/v2\/users\/1"}],"replies":[{"embeddable":true,"href":"https:\/\/asel.hr\/index.php?rest_route=%2Fwp%2Fv2%2Fcomments&post=392"}],"version-history":[{"count":56,"href":"https:\/\/asel.hr\/index.php?rest_route=\/wp\/v2\/pages\/392\/revisions"}],"predecessor-version":[{"id":2596,"href":"https:\/\/asel.hr\/index.php?rest_route=\/wp\/v2\/pages\/392\/revisions\/2596"}],"wp:attachment":[{"href":"https:\/\/asel.hr\/index.php?rest_route=%2Fwp%2Fv2%2Fmedia&parent=392"}],"curies":[{"name":"wp","href":"https:\/\/api.w.org\/{rel}","templated":true}]}}